{"id":3435,"date":"2022-06-03T22:08:22","date_gmt":"2022-06-03T22:08:22","guid":{"rendered":"https:\/\/webs360apps.com\/ismafinal\/product\/zk-vf600-control-de-asistencia-reconocimiento-facial-800-rostros-10000-tarjetas-id-comunicacion-wif\/"},"modified":"2022-06-13T01:28:18","modified_gmt":"2022-06-13T01:28:18","slug":"zk-vf600-control-de-asistencia-reconocimiento-facial-800-rostros-10000-tarjetas-id-comunicacion-wif","status":"publish","type":"product","link":"https:\/\/globalsystem.com.mx\/catalogo\/zk-vf600-control-de-asistencia-reconocimiento-facial-800-rostros-10000-tarjetas-id-comunicacion-wif","title":{"rendered":"ZK VF600 &#8211; CONTROL DE ASISTENCIA\/ RECONOCIMIENTO FACIAL\/ 800 ROSTROS\/ 10000 TARJETAS ID \/ COMUNICACION WIFI"},"content":{"rendered":"<p class=\"MsoNormal\" style=\"line-height: normal;\"><span class=\"hps\"><span style=\"font-size: 10pt; font-family: Verdana, sans-serif; color: black; background-image: initial; background-attachment: initial; background-size: initial; background-origin: initial; background-clip: initial; background-position: initial; background-repeat: initial;\">El equipo VF600<\/span><\/span><span class=\"hps\"><span style=\"font-size: 10pt; font-family: Verdana, sans-serif; color: black; background-image: initial; background-attachment: initial; background-size: initial; background-origin: initial; background-clip: initial; background-position: initial; background-repeat: initial;\">es una<\/span><\/span><span style=\"font-size: 10pt; font-family: Verdana, sans-serif; color: black; background-image: initial; background-attachment: initial; background-size: initial; background-origin: initial; background-clip: initial; background-position: initial; background-repeat: initial;\">\u00a0terminal de identificacion de rostros para\u00a0control de asistencia,\u00a0<span class=\"hps\">con los modos de<\/span><span class=\"hps\">reconocimiento facial<\/span>,<span class=\"hps\">PIN<\/span><span class=\"hps\">y RFID.<\/span><span class=\"hps\">Con<\/span><span class=\"hps\">el algoritmo deidentificaci\u00f3n de<\/span><span class=\"hps\">la cara<\/span><span class=\"hps\">m\u00e1s reciente<\/span><span class=\"hps\">y la tecnolog\u00eda<\/span><span class=\"hps\">optimizada,<\/span><span class=\"hps\">que puede contener \u00a0800<\/span><span class=\"hps\">plantillas de<\/span><span class=\"hps\">cara<\/span>,<strong><span style=\"font-family: 'Verdana','sans-serif'; mso-bidi-font-family: Arial;\">sin dividir<\/span><\/strong><span class=\"apple-converted-space\"><strong>\u00a0<\/strong><\/span><span class=\"hps\"><strong>en grupos<\/strong><\/span><span class=\"hps\">y la verificaci\u00f3n<\/span><span class=\"hps\">completa<\/span><span class=\"hps\">en menos de 1 segundo.<\/span><span class=\"hps\">La comunicaci\u00f3n<\/span><span class=\"hps\">a trav\u00e9s de Wi<\/span>-Fi, Ethernet y<span class=\"hps\">USB<\/span><span class=\"hps\">(<\/span>host y cliente), se puede<span class=\"hps\">garantizar<\/span><span class=\"hps\">una conexi\u00f3n sin problemas<\/span><span class=\"hps\">y la transferencia<\/span><span class=\"hps\">de datos.<\/span><span class=\"hps\">Todos<\/span><span class=\"hps\">los ajustes se pueden<\/span><span class=\"hps\">hacer f\u00e1cilmente<\/span><span class=\"hps\">en la<\/span><span class=\"hps\">pantalla de 3 pulgadas<\/span><span class=\"hps\">t\u00e1ctil TFT<\/span>.<span class=\"hps\">Se ha elaborado dise\u00f1o<\/span><span class=\"apple-converted-space\">\u00a0elegante, fino y delgado.<\/span><\/span><\/p>\n<p class=\"MsoNormal\" style=\"line-height: normal; background-image: initial; background-attachment: initial; background-size: initial; background-origin: initial; background-clip: initial; background-position: initial; background-repeat: initial;\"><strong><span style=\"text-decoration: underline;\"><span style=\"font-size: 10.0pt; font-family: 'Verdana','sans-serif'; mso-fareast-font-family: 'Times New Roman'; mso-bidi-font-family: Arial; color: black; mso-fareast-language: ES-MX;\">Funciones principales:<\/span><\/span><\/strong><\/p>\n<ul type=\"disc\">\n<li class=\"MsoNormal\" style=\"color: black; line-height: normal; background-image: initial; background-attachment: initial; background-size: initial; background-origin: initial; background-clip: initial; background-position: initial; background-repeat: initial;\"><span style=\"font-size: 10.0pt; font-family: 'Verdana','sans-serif'; mso-fareast-font-family: 'Times New Roman'; mso-bidi-font-family: Arial; mso-fareast-language: ES-MX;\">Capacidad para 800 rostros (sin division de grupos)<\/span><\/li>\n<li class=\"MsoNormal\" style=\"color: black; line-height: normal; background-image: initial; background-attachment: initial; background-size: initial; background-origin: initial; background-clip: initial; background-position: initial; background-repeat: initial;\"><span style=\"font-size: 10.0pt; font-family: 'Verdana','sans-serif'; mso-fareast-font-family: 'Times New Roman'; mso-bidi-font-family: Arial; mso-fareast-language: ES-MX;\">Capacidad de 100,000 registros\u00a0<\/span><\/li>\n<li class=\"MsoNormal\" style=\"color: black; line-height: normal; background-image: initial; background-attachment: initial; background-size: initial; background-origin: initial; background-clip: initial; background-position: initial; background-repeat: initial;\"><span style=\"font-size: 10.0pt; font-family: 'Verdana','sans-serif'; mso-fareast-font-family: 'Times New Roman'; mso-bidi-font-family: Arial; mso-fareast-language: ES-MX;\">Conectividad ethernet y Wifi<\/span><\/li>\n<li class=\"MsoNormal\" style=\"color: black; line-height: normal; background-image: initial; background-attachment: initial; background-size: initial; background-origin: initial; background-clip: initial; background-position: initial; background-repeat: initial;\"><span style=\"font-size: 10.0pt; font-family: 'Verdana','sans-serif'; mso-fareast-font-family: 'Times New Roman'; mso-bidi-font-family: Arial; mso-fareast-language: ES-MX;\">Conectividad USB (cliente y host)<\/span><\/li>\n<li class=\"MsoNormal\" style=\"color: black; line-height: normal; background-image: initial; background-attachment: initial; background-size: initial; background-origin: initial; background-clip: initial; background-position: initial; background-repeat: initial;\"><span style=\"font-size: 10.0pt; font-family: 'Verdana','sans-serif'; mso-fareast-font-family: 'Times New Roman'; mso-bidi-font-family: Arial; mso-fareast-language: ES-MX;\">Dise\u00f1o compacto<\/span><\/li>\n<\/ul>\n<p style=\"background-image: initial; background-attachment: initial; background-size: initial; background-origin: initial; background-clip: initial; background-position: initial; background-repeat: initial;\"><span style=\"font-size: 10.0pt; font-family: 'Verdana','sans-serif'; mso-bidi-font-family: Arial;\">\u00a0<strong><span style=\"color: black;\">Que necesito para que mi equipo funcione:<\/span><\/strong><\/span><\/p>\n<ul type=\"disc\">\n<li class=\"MsoNormal\" style=\"color: black; line-height: normal; background-image: initial; background-attachment: initial; background-size: initial; background-origin: initial; background-clip: initial; background-position: initial; background-repeat: initial;\"><span style=\"font-size: 10.0pt; font-family: 'Verdana','sans-serif'; mso-fareast-font-family: 'Times New Roman'; mso-bidi-font-family: Arial; mso-fareast-language: ES-MX;\">Fuente de alimentaci\u00f3n 12v\/1.5amp (Ya incluida)<\/span><\/li>\n<li class=\"MsoNormal\" style=\"color: black; line-height: normal; background-image: initial; background-attachment: initial; background-size: initial; background-origin: initial; background-clip: initial; background-position: initial; background-repeat: initial;\"><span style=\"font-size: 10pt; font-family: Verdana, sans-serif; background-image: initial; background-attachment: initial; background-size: initial; background-origin: initial; background-clip: initial; background-position: initial; background-repeat: initial;\">Cableado UTP para conexion por Ethernet<\/span><\/li>\n<\/ul>\n<p class=\"MsoNormal\" style=\"line-height: normal; background-image: initial; background-attachment: initial; background-size: initial; background-origin: initial; background-clip: initial; background-position: initial; background-repeat: initial;\"><strong><span style=\"text-decoration: underline;\"><span style=\"font-size: 10.0pt; font-family: 'Verdana','sans-serif'; mso-fareast-font-family: 'Times New Roman'; mso-bidi-font-family: Arial; color: black; mso-fareast-language: ES-MX;\">Principales caracter\u00edsticas:<\/span><\/span><\/strong><\/p>\n<p>&nbsp;<\/p>\n<ul type=\"disc\">\n<li class=\"MsoNormal\" style=\"color: black; line-height: normal; background-image: initial; background-attachment: initial; background-size: initial; background-origin: initial; background-clip: initial; background-position: initial; background-repeat: initial;\"><span style=\"font-size: 10.0pt; font-family: 'Verdana','sans-serif'; mso-fareast-font-family: 'Times New Roman'; mso-bidi-font-family: Arial; mso-fareast-language: ES-MX;\">Pantalla touch de 3&#8243;<\/span><\/li>\n<li class=\"MsoNormal\" style=\"color: black; line-height: normal; background-image: initial; background-attachment: initial; background-size: initial; background-origin: initial; background-clip: initial; background-position: initial; background-repeat: initial;\"><span style=\"font-size: 10.0pt; font-family: 'Verdana','sans-serif'; mso-fareast-font-family: 'Times New Roman'; mso-bidi-font-family: Arial; mso-fareast-language: ES-MX;\">800 rostros (1:N)<\/span><\/li>\n<li class=\"MsoNormal\" style=\"color: black; line-height: normal; background-image: initial; background-attachment: initial; background-size: initial; background-origin: initial; background-clip: initial; background-position: initial; background-repeat: initial;\"><span style=\"font-size: 10.0pt; font-family: 'Verdana','sans-serif'; mso-fareast-font-family: 'Times New Roman'; mso-bidi-font-family: Arial; mso-fareast-language: ES-MX;\">10,000 tarjetas ID<\/span><\/li>\n<li class=\"MsoNormal\" style=\"color: black; line-height: normal; background-image: initial; background-attachment: initial; background-size: initial; background-origin: initial; background-clip: initial; background-position: initial; background-repeat: initial;\"><span style=\"font-size: 10.0pt; font-family: 'Verdana','sans-serif'; mso-fareast-font-family: 'Times New Roman'; mso-bidi-font-family: Arial; mso-fareast-language: ES-MX;\">100,000 Registros\u00a0<\/span><\/li>\n<li class=\"MsoNormal\" style=\"color: black; line-height: normal; background-image: initial; background-attachment: initial; background-size: initial; background-origin: initial; background-clip: initial; background-position: initial; background-repeat: initial;\"><span style=\"font-size: 10.0pt; font-family: 'Verdana','sans-serif'; mso-fareast-font-family: 'Times New Roman'; mso-bidi-font-family: Arial; mso-fareast-language: ES-MX;\">Comunicaci\u00f3n Wi-Fi, Ethernet, USB (host y cliente)<\/span><\/li>\n<li class=\"MsoNormal\" style=\"line-height: normal; background-image: initial; background-attachment: initial; background-size: initial; background-origin: initial; background-clip: initial; background-position: initial; background-repeat: initial;\"><span style=\"font-size: 10.0pt; font-family: 'Verdana','sans-serif'; mso-fareast-font-family: 'Times New Roman'; mso-bidi-font-family: Arial; mso-fareast-language: ES-MX;\">Opcional tarjetas Mifare<\/span><\/li>\n<li class=\"MsoNormal\" style=\"color: black; line-height: normal; background-image: initial; background-attachment: initial; background-size: initial; background-origin: initial; background-clip: initial; background-position: initial; background-repeat: initial;\"><span style=\"font-size: 10.0pt; font-family: 'Verdana','sans-serif'; mso-fareast-font-family: 'Times New Roman'; mso-bidi-font-family: Arial; mso-fareast-language: ES-MX;\">Fuente 12V\/1.5A<\/span><\/li>\n<li class=\"MsoNormal\" style=\"color: black; line-height: normal; background-image: initial; background-attachment: initial; background-size: initial; background-origin: initial; background-clip: initial; background-position: initial; background-repeat: initial;\"><span style=\"font-size: 10.0pt; font-family: 'Verdana','sans-serif'; mso-fareast-font-family: 'Times New Roman'; mso-bidi-font-family: Arial; mso-fareast-language: ES-MX;\">Velocidad &lt;1seg<\/span><\/li>\n<li class=\"MsoNormal\" style=\"color: black; line-height: normal; background-image: initial; background-attachment: initial; background-size: initial; background-origin: initial; background-clip: initial; background-position: initial; background-repeat: initial;\"><span style=\"font-size: 10.0pt; font-family: 'Verdana','sans-serif'; mso-fareast-font-family: 'Times New Roman'; mso-bidi-font-family: Arial; mso-fareast-language: ES-MX;\">Temperatura 0\u00b0 a 45\u00b0 C<\/span><\/li>\n<li class=\"MsoNormal\" style=\"color: black; line-height: normal; background-image: initial; background-attachment: initial; background-size: initial; background-origin: initial; background-clip: initial; background-position: initial; background-repeat: initial;\"><span style=\"font-size: 10.0pt; font-family: 'Verdana','sans-serif'; mso-fareast-font-family: 'Times New Roman'; mso-bidi-font-family: Arial; mso-fareast-language: ES-MX;\">Humedad 20% &#8211; 80%<\/span><\/li>\n<li class=\"MsoNormal\" style=\"color: black; line-height: normal; background-image: initial; background-attachment: initial; background-size: initial; background-origin: initial; background-clip: initial; background-position: initial; background-repeat: initial;\"><span style=\"font-size: 10.0pt; font-family: 'Verdana','sans-serif'; mso-fareast-font-family: 'Times New Roman'; mso-bidi-font-family: Arial; mso-fareast-language: ES-MX;\">Dimensiones 104.7(L)*160.00(H)*36.00(W) mm<\/span><\/li>\n<\/ul>\n<p>&nbsp;<\/p>\n<p class=\"MsoNoSpacing\" style=\"line-height: 10.35pt; margin: 0cm 0cm 5.75pt 0cm;\"><strong><span style=\"font-size: 10.0pt; font-family: 'Verdana','sans-serif'; mso-bidi-font-family: 'Segoe UI';\">Precios expresados en d\u00f3lares americanos pagaderos al tipo de cambio del d\u00eda de la compra y facturaci\u00f3n.<\/span><\/strong><\/p>\n<p class=\"MsoNoSpacing\" style=\"line-height: 10.35pt; box-sizing: border-box; margin: 0cm 0cm 5.75pt 0cm;\"><span style=\"box-sizing: border-box;\"><span style=\"font-size: 10.0pt; font-family: 'Verdana','sans-serif'; mso-bidi-font-family: 'Segoe UI';\">Pago: Anticipado v\u00eda transferencia \u00f3 dep\u00f3sito bancario.<\/span><\/span><\/p>\n<p class=\"MsoNoSpacing\" style=\"line-height: 10.35pt; box-sizing: border-box; margin: 0cm 0cm 5.75pt 0cm;\"><span style=\"box-sizing: border-box;\"><span style=\"font-size: 10.0pt; font-family: 'Verdana','sans-serif'; mso-bidi-font-family: 'Segoe UI';\">Tiempo de entrega: Inmediata o dependiendo existencias.<\/span><\/span><\/p>\n<p class=\"MsoNoSpacing\" style=\"line-height: 10.35pt; box-sizing: border-box; margin: 0cm 0cm 5.75pt 0cm;\"><span style=\"box-sizing: border-box;\"><span style=\"font-size: 10.0pt; font-family: 'Verdana','sans-serif'; mso-bidi-font-family: 'Segoe UI';\">Garant\u00eda de: 1 a\u00f1o por defectos de fabricaci\u00f3n.<\/span><\/span><\/p>\n<p class=\"MsoNoSpacing\" style=\"line-height: 10.35pt; box-sizing: border-box; margin: 0cm 0cm 5.75pt 0cm;\"><span style=\"box-sizing: border-box;\"><span style=\"font-size: 10.0pt; font-family: 'Verdana','sans-serif'; mso-bidi-font-family: 'Segoe UI';\">No incluye instalaci\u00f3n, canalizaci\u00f3n, ni obra civil, en caso de requerir por favor contacte al depto. de ventas.<\/span><\/span><\/p>\n<p class=\"MsoNoSpacing\" style=\"line-height: 10.35pt; box-sizing: border-box; margin: 0cm 0cm 5.75pt 0cm;\"><span style=\"box-sizing: border-box;\"><span style=\"font-size: 10.0pt; font-family: 'Verdana','sans-serif'; mso-bidi-font-family: 'Segoe UI';\">Para consultar existencias, precios sobre la transportaci\u00f3n y\/o\u00a0 los vi\u00e1ticos,\u00a0por favor contacte con nosotros.<\/span><\/span><\/p>\n<p class=\"MsoNoSpacing\" style=\"line-height: 10.35pt; box-sizing: border-box; margin: 0cm 0cm 5.75pt 0cm;\"><span style=\"box-sizing: border-box;\"><span style=\"font-size: 10.0pt; font-family: 'Verdana','sans-serif'; mso-bidi-font-family: 'Segoe UI';\">Precios sujetos a cambio sin previo aviso.<\/span><\/span><\/p>\n<p><span style=\"font-size: 10.0pt; font-family: 'Verdana','sans-serif'; mso-fareast-font-family: 'Times New Roman'; mso-bidi-font-family: Arial; mso-fareast-language: ES-MX;\"> <span style=\"font-size: 10pt; line-height: 115%;\">Cualquier duda adicional, consulte a su ejecutivo de ventas.<\/span><\/span><\/p>\n<p>&nbsp;<\/p>\n<p>&nbsp;<\/p>\n<p>&nbsp;<\/p>\n<p>&nbsp;<\/p>\n","protected":false},"excerpt":{"rendered":"<p>El equipo VF600es una\u00a0terminal de identificacion de rostros para\u00a0control de asistencia,\u00a0con los modos dereconocimiento facial,PINy RFID.Conel algoritmo deidentificaci\u00f3n dela caram\u00e1s recientey la tecnolog\u00edaoptimizada,que puede contener \u00a0800plantillas decara,sin dividir\u00a0en gruposy la verificaci\u00f3ncompletaen menos de 1 segundo.La comunicaci\u00f3na trav\u00e9s de Wi-Fi, Ethernet yUSB(host y cliente), se puedegarantizaruna conexi\u00f3n sin problemasy la transferenciade datos.Todoslos ajustes se puedenhacer f\u00e1cilmenteen[&#8230;]<\/p>\n","protected":false},"featured_media":4380,"comment_status":"closed","ping_status":"closed","template":"","meta":[],"product_cat":[110,34],"product_tag":[],"class_list":["post-3435","product","type-product","status-publish","has-post-thumbnail","hentry","product_cat-control-de-acceso","product_cat-control-de-asistencia-biometricos","pa_marca-zkteco"],"_links":{"self":[{"href":"https:\/\/globalsystem.com.mx\/catalogo\/wp-json\/wp\/v2\/product\/3435","targetHints":{"allow":["GET"]}}],"collection":[{"href":"https:\/\/globalsystem.com.mx\/catalogo\/wp-json\/wp\/v2\/product"}],"about":[{"href":"https:\/\/globalsystem.com.mx\/catalogo\/wp-json\/wp\/v2\/types\/product"}],"replies":[{"embeddable":true,"href":"https:\/\/globalsystem.com.mx\/catalogo\/wp-json\/wp\/v2\/comments?post=3435"}],"version-history":[{"count":4,"href":"https:\/\/globalsystem.com.mx\/catalogo\/wp-json\/wp\/v2\/product\/3435\/revisions"}],"predecessor-version":[{"id":4379,"href":"https:\/\/globalsystem.com.mx\/catalogo\/wp-json\/wp\/v2\/product\/3435\/revisions\/4379"}],"wp:featuredmedia":[{"embeddable":true,"href":"https:\/\/globalsystem.com.mx\/catalogo\/wp-json\/wp\/v2\/media\/4380"}],"wp:attachment":[{"href":"https:\/\/globalsystem.com.mx\/catalogo\/wp-json\/wp\/v2\/media?parent=3435"}],"wp:term":[{"taxonomy":"product_cat","embeddable":true,"href":"https:\/\/globalsystem.com.mx\/catalogo\/wp-json\/wp\/v2\/product_cat?post=3435"},{"taxonomy":"product_tag","embeddable":true,"href":"https:\/\/globalsystem.com.mx\/catalogo\/wp-json\/wp\/v2\/product_tag?post=3435"}],"curies":[{"name":"wp","href":"https:\/\/api.w.org\/{rel}","templated":true}]}}