{"id":3429,"date":"2022-06-03T22:08:22","date_gmt":"2022-06-03T22:08:22","guid":{"rendered":"https:\/\/webs360apps.com\/ismafinal\/product\/reloj-checador-marca-amano-modelo-ex3500\/"},"modified":"2022-06-15T01:46:25","modified_gmt":"2022-06-15T01:46:25","slug":"reloj-checador-marca-amano-modelo-ex3500","status":"publish","type":"product","link":"https:\/\/globalsystem.com.mx\/catalogo\/reloj-checador-marca-amano-modelo-ex3500","title":{"rendered":"RELOJ CHECADOR MARCA AMANO MODELO EX3000 Y EX3500"},"content":{"rendered":"<p style=\"text-align: justify;\"><span style=\"font-size: 12pt; line-height: 107%; font-family: 'Times New Roman',serif;\">Reloj electr\u00f3nico con estampaci\u00f3n autom\u00e1tica,\u00a0contiene car\u00e1tula anal\u00f3gica, calendario perpetuo, cartucho de cinta bicolor, marcaci\u00f3n vertical, memoria de recuperaci\u00f3n, cuenta con\u00a0toques de\u00a0timbres. <\/span><\/p>\n<p><span style=\"font-size: 12pt; line-height: 107%; font-family: 'Times New Roman',serif;\">soporta 300 empleados checando 2 veces al d\u00eda con lo cual da 600 impresiones diarias \u00f2 150 empleados checando 4 veces al d\u00eda por ejemplo entrada del turno, salida a comer, regreso de comida, y salida del turno.<\/span><\/p>\n<p style=\"text-align: justify;\"><span style=\"font-size: 12pt; line-height: 107%; font-family: 'Times New Roman',serif;\">Caracter\u00edsticas:<\/span><\/p>\n<ul>\n<li>Impresi\u00f3n autom\u00e1tica de tarjeta.<\/li>\n<li>Calendario perpetuo autom\u00e1ticamente se adapta para el a\u00f1o bisiesto.<\/li>\n<li>Imprime d\u00eda y hora.<\/li>\n<li>Horario de verano programable.<\/li>\n<li>Acciona timbres.<\/li>\n<li>Coloca retardos en color rojo.<\/li>\n<li>Tipo de cartucho unicolor o bicolor.<\/li>\n<li>Impresi\u00f3n en forma vertical.<\/li>\n<li>Utiliza tarjeta para nomina semanal o quincenal<\/li>\n<\/ul>\n<p style=\"margin-bottom: 0.0001pt; line-height: normal; background: white none repeat scroll 0% 0%;\"><span style=\"font-size: 12pt; font-family: 'Times New Roman',serif; color: #333333;\">Pago: Referenciado, anticipado v\u00eda transferencia \u00f3 dep\u00f3sito bancario.<br \/>\nTiempo de entrega: Inmediata o dependiendo existencias.<br \/>\nIncluye: instalaci\u00f3n, y capacitaci\u00f3n.<\/span><\/p>\n<p style=\"margin-bottom: 0.0001pt; line-height: normal; background: white none repeat scroll 0% 0%;\"><span style=\"font-size: 12pt; font-family: 'Times New Roman',serif; color: #333333;\">Garant\u00eda de: 1 a\u00f1o por defectos de fabricaci\u00f3n.<br \/>\nNo incluye canalizaci\u00f3n, ni obra civil, en caso de requerir por favor contacte al depto. de ventas.<br \/>\nContamos con talleres propios, para el mantenimiento y\/o reparaci\u00f3n de los equipos, refacciones y consumibles.<br \/>\nTambi\u00e9n contamos con servicio de mantenimiento preventivo o correctivo, reparaci\u00f3n, capacitaci\u00f3n para la administraci\u00f3n del software de control de asistencia, acceso o videovigilancia, a domicilio.<\/span><\/p>\n<p style=\"margin-bottom: 0.0001pt; line-height: normal; background: white none repeat scroll 0% 0%;\"><span style=\"font-size: 12pt; font-family: 'Times New Roman',serif; color: #333333;\">Contamos con la reparaci\u00f3n del reloj checador marca AMANO modelo ex3000 y ex3500<br \/>\nCualquier duda adicional por favor, consulte a su ejecutivo de ventas.<\/span><\/p>\n","protected":false},"excerpt":{"rendered":"<p>Reloj electr\u00f3nico con estampaci\u00f3n autom\u00e1tica,\u00a0contiene car\u00e1tula anal\u00f3gica, calendario perpetuo, cartucho de cinta bicolor, marcaci\u00f3n vertical, memoria de recuperaci\u00f3n, cuenta con\u00a0toques de\u00a0timbres. soporta 300 empleados checando 2 veces al d\u00eda con lo cual da 600 impresiones diarias \u00f2 150 empleados checando 4 veces al d\u00eda por ejemplo entrada del turno, salida a comer, regreso de comida,[&#8230;]<\/p>\n","protected":false},"featured_media":4501,"comment_status":"closed","ping_status":"closed","template":"","meta":[],"product_cat":[30,116],"product_tag":[],"class_list":["post-3429","product","type-product","status-publish","has-post-thumbnail","hentry","product_cat-relojes-checadores","product_cat-relojes-checadores-amano","pa_marca-amano"],"_links":{"self":[{"href":"https:\/\/globalsystem.com.mx\/catalogo\/wp-json\/wp\/v2\/product\/3429","targetHints":{"allow":["GET"]}}],"collection":[{"href":"https:\/\/globalsystem.com.mx\/catalogo\/wp-json\/wp\/v2\/product"}],"about":[{"href":"https:\/\/globalsystem.com.mx\/catalogo\/wp-json\/wp\/v2\/types\/product"}],"replies":[{"embeddable":true,"href":"https:\/\/globalsystem.com.mx\/catalogo\/wp-json\/wp\/v2\/comments?post=3429"}],"version-history":[{"count":3,"href":"https:\/\/globalsystem.com.mx\/catalogo\/wp-json\/wp\/v2\/product\/3429\/revisions"}],"predecessor-version":[{"id":4503,"href":"https:\/\/globalsystem.com.mx\/catalogo\/wp-json\/wp\/v2\/product\/3429\/revisions\/4503"}],"wp:featuredmedia":[{"embeddable":true,"href":"https:\/\/globalsystem.com.mx\/catalogo\/wp-json\/wp\/v2\/media\/4501"}],"wp:attachment":[{"href":"https:\/\/globalsystem.com.mx\/catalogo\/wp-json\/wp\/v2\/media?parent=3429"}],"wp:term":[{"taxonomy":"product_cat","embeddable":true,"href":"https:\/\/globalsystem.com.mx\/catalogo\/wp-json\/wp\/v2\/product_cat?post=3429"},{"taxonomy":"product_tag","embeddable":true,"href":"https:\/\/globalsystem.com.mx\/catalogo\/wp-json\/wp\/v2\/product_tag?post=3429"}],"curies":[{"name":"wp","href":"https:\/\/api.w.org\/{rel}","templated":true}]}}