{"id":3405,"date":"2022-06-03T22:08:20","date_gmt":"2022-06-03T22:08:20","guid":{"rendered":"https:\/\/webs360apps.com\/ismafinal\/product\/rseb-reloj-checador-electromecanico-marca-seiko-modelo-tp-20\/"},"modified":"2022-06-15T02:27:19","modified_gmt":"2022-06-15T02:27:19","slug":"rseb-reloj-checador-electromecanico-marca-seiko-modelo-tp-20","status":"publish","type":"product","link":"https:\/\/globalsystem.com.mx\/catalogo\/rseb-reloj-checador-electromecanico-marca-seiko-modelo-tp-20","title":{"rendered":"RELOJ CHECADOR ELECTROMEC\u00c1NICO MARCA SEIKO MODELO TP-20"},"content":{"rendered":"<p class=\"MsoNormal\" style=\"text-align: justify;\"><span style=\"font-size: 10.0pt; line-height: 107%; font-family: 'Arial',sans-serif;\">El nuevo TP-20 incorpora enormes avances en cuanto a funciones y ofrece m\u00e1s conveniencia y caracter\u00edsticas m\u00e1s vers\u00e1tiles.<\/span><\/p>\n<p class=\"MsoNormal\" style=\"margin-bottom: 10.0pt; text-align: justify;\"><span style=\"font-size: 10.0pt; line-height: 107%; font-family: 'Arial',sans-serif; color: black;\">Los botones de operaci\u00f3n de usuario amigables en el panel frontal permiten al usuario configurar f\u00e1cilmente el reloj al modo deseado. TP-20 es una nueva e ideal opci\u00f3n para cualquier aplicaci\u00f3n de negocios que requiera grabar hora, fecha y\/o folio.<\/span><\/p>\n<p class=\"MsoNormal\"><strong><span style=\"font-size: 10.0pt; line-height: 107%; font-family: 'Arial',sans-serif;\">Caracter\u00edsticas de reloj Seiko TP-20:<\/span><\/strong><\/p>\n<p class=\"MsoListParagraphCxSpFirst\" style=\"mso-add-space: auto; text-indent: -18.0pt; line-height: normal; mso-list: l0 level1 lfo1; margin: 0cm 0cm .0001pt 54.0pt;\"><!-- [if !supportLists]--><span style=\"font-size: 10.0pt; font-family: Symbol; mso-fareast-font-family: Symbol; mso-bidi-font-family: Symbol;\">\u00b7<span style=\"font-stretch: normal; font-size: 7pt; font-family: 'Times New Roman';\">\u00a0\u00a0\u00a0\u00a0\u00a0\u00a0\u00a0\u00a0 <\/span><\/span><!--[endif]--><span style=\"font-size: 10.0pt; font-family: 'Arial',sans-serif;\">No requiere resetear, guarda el tiempo durante fallas de corriente <\/span><\/p>\n<p class=\"MsoListParagraphCxSpMiddle\" style=\"mso-add-space: auto; text-indent: -18.0pt; line-height: normal; mso-list: l0 level1 lfo1; margin: 0cm 0cm .0001pt 54.0pt;\"><!-- [if !supportLists]--><span style=\"font-size: 10.0pt; font-family: Symbol; mso-fareast-font-family: Symbol; mso-bidi-font-family: Symbol;\">\u00b7<span style=\"font-stretch: normal; font-size: 7pt; font-family: 'Times New Roman';\">\u00a0\u00a0\u00a0\u00a0\u00a0\u00a0\u00a0\u00a0 <\/span><\/span><!--[endif]--><span style=\"font-size: 10.0pt; font-family: 'Arial',sans-serif;\">Calendario hasta el a\u00f1o 2099, cambia a\u00f1o, mes y d\u00eda autom\u00e1ticamente <\/span><\/p>\n<p class=\"MsoListParagraphCxSpMiddle\" style=\"mso-add-space: auto; text-indent: -18.0pt; line-height: normal; mso-list: l0 level1 lfo1; margin: 0cm 0cm .0001pt 54.0pt;\"><!-- [if !supportLists]--><span style=\"font-size: 10.0pt; font-family: Symbol; mso-fareast-font-family: Symbol; mso-bidi-font-family: Symbol;\">\u00b7<span style=\"font-stretch: normal; font-size: 7pt; font-family: 'Times New Roman';\">\u00a0\u00a0\u00a0\u00a0\u00a0\u00a0\u00a0\u00a0 <\/span><\/span><!--[endif]--><span style=\"font-size: 10.0pt; font-family: 'Arial',sans-serif;\">Puede elegir el margen de impresi\u00f3n, Derecha o Izquierda <\/span><\/p>\n<p class=\"MsoListParagraphCxSpMiddle\" style=\"mso-add-space: auto; text-indent: -18.0pt; line-height: normal; mso-list: l0 level1 lfo1; margin: 0cm 0cm .0001pt 54.0pt;\"><!-- [if !supportLists]--><span style=\"font-size: 10.0pt; font-family: Symbol; mso-fareast-font-family: Symbol; mso-bidi-font-family: Symbol;\">\u00b7<span style=\"font-stretch: normal; font-size: 7pt; font-family: 'Times New Roman';\">\u00a0\u00a0\u00a0\u00a0\u00a0\u00a0\u00a0\u00a0 <\/span><\/span><!--[endif]--><span style=\"font-size: 10.0pt; font-family: 'Arial',sans-serif;\">Selecci\u00f3n de Impresi\u00f3n, manual, autom\u00e1tica, semiautom\u00e1tica y combinada <\/span><\/p>\n<p class=\"MsoListParagraphCxSpMiddle\" style=\"mso-add-space: auto; text-indent: -18.0pt; line-height: normal; mso-list: l0 level1 lfo1; margin: 0cm 0cm .0001pt 54.0pt;\"><!-- [if !supportLists]--><span style=\"font-size: 10.0pt; font-family: Symbol; mso-fareast-font-family: Symbol; mso-bidi-font-family: Symbol;\">\u00b7<span style=\"font-stretch: normal; font-size: 7pt; font-family: 'Times New Roman';\">\u00a0\u00a0\u00a0\u00a0\u00a0\u00a0\u00a0\u00a0 <\/span><\/span><!--[endif]--><span style=\"font-size: 10.0pt; font-family: 'Arial',sans-serif;\">Ajustes autom\u00e1ticos para cambiar la hora en horario de verano <\/span><\/p>\n<p class=\"MsoListParagraphCxSpMiddle\" style=\"mso-add-space: auto; text-indent: -18.0pt; line-height: normal; mso-list: l0 level1 lfo1; margin: 0cm 0cm .0001pt 54.0pt;\"><!-- [if !supportLists]--><span style=\"font-size: 10.0pt; font-family: Symbol; mso-fareast-font-family: Symbol; mso-bidi-font-family: Symbol;\">\u00b7<span style=\"font-stretch: normal; font-size: 7pt; font-family: 'Times New Roman';\">\u00a0\u00a0\u00a0\u00a0\u00a0\u00a0\u00a0\u00a0 <\/span><\/span><!--[endif]--><span style=\"font-size: 10.0pt; font-family: 'Arial',sans-serif;\">1 a 8 d\u00edgitos num\u00e9ricos: hasta nueve repeticiones <\/span><\/p>\n<p class=\"MsoListParagraphCxSpMiddle\" style=\"mso-add-space: auto; text-indent: -18.0pt; line-height: normal; mso-list: l0 level1 lfo1; margin: 0cm 0cm .0001pt 54.0pt;\"><!-- [if !supportLists]--><span style=\"font-size: 10.0pt; font-family: Symbol; mso-fareast-font-family: Symbol; mso-bidi-font-family: Symbol;\">\u00b7<span style=\"font-stretch: normal; font-size: 7pt; font-family: 'Times New Roman';\">\u00a0\u00a0\u00a0\u00a0\u00a0\u00a0\u00a0\u00a0 <\/span><\/span><!--[endif]--><span style=\"font-size: 10.0pt; font-family: 'Arial',sans-serif;\">Cuenta con 29 formatos establecidos para selecci\u00f3n del tipo de impresi\u00f3n. <\/span><\/p>\n<p class=\"MsoListParagraphCxSpMiddle\" style=\"mso-add-space: auto; text-indent: -18.0pt; line-height: normal; mso-list: l0 level1 lfo1; margin: 0cm 0cm .0001pt 54.0pt;\"><!-- [if !supportLists]--><span style=\"font-size: 10.0pt; font-family: Symbol; mso-fareast-font-family: Symbol; mso-bidi-font-family: Symbol;\">\u00b7<span style=\"font-stretch: normal; font-size: 7pt; font-family: 'Times New Roman';\">\u00a0\u00a0\u00a0\u00a0\u00a0\u00a0\u00a0\u00a0 <\/span><\/span><!--[endif]--><span style=\"font-size: 10.0pt; font-family: 'Arial',sans-serif;\">Dise\u00f1o de impresi\u00f3n: hasta 3 l\u00edneas <\/span><\/p>\n<p class=\"MsoListParagraphCxSpMiddle\" style=\"mso-add-space: auto; text-align: justify; text-indent: -18.0pt; line-height: normal; mso-list: l0 level1 lfo1; margin: 0cm 0cm .0001pt 54.0pt;\"><!-- [if !supportLists]--><span style=\"font-size: 10.0pt; font-family: Symbol; mso-fareast-font-family: Symbol; mso-bidi-font-family: Symbol;\">\u00b7<span style=\"font-stretch: normal; font-size: 7pt; font-family: 'Times New Roman';\">\u00a0\u00a0\u00a0\u00a0\u00a0\u00a0\u00a0\u00a0 <\/span><\/span><!--[endif]--><span style=\"font-size: 10.0pt; font-family: 'Arial',sans-serif;\">Selecci\u00f3n de formatos de impresi\u00f3n. <\/span><\/p>\n<p class=\"MsoListParagraphCxSpMiddle\" style=\"mso-add-space: auto; text-indent: -18.0pt; line-height: normal; mso-list: l0 level1 lfo1; margin: 0cm 0cm .0001pt 54.0pt;\"><!-- [if !supportLists]--><span style=\"font-size: 10.0pt; font-family: Symbol; mso-fareast-font-family: Symbol; mso-bidi-font-family: Symbol;\">\u00b7<span style=\"font-stretch: normal; font-size: 7pt; font-family: 'Times New Roman';\">\u00a0\u00a0\u00a0\u00a0\u00a0\u00a0\u00a0\u00a0 <\/span><\/span><!--[endif]--><span style=\"font-size: 10.0pt; font-family: 'Arial',sans-serif;\">2 o 4 d\u00edgitos para el a\u00f1o <\/span><\/p>\n<p class=\"MsoListParagraphCxSpMiddle\" style=\"mso-add-space: auto; text-indent: -18.0pt; line-height: normal; mso-list: l0 level1 lfo1; margin: 0cm 0cm .0001pt 54.0pt;\"><!-- [if !supportLists]--><span style=\"font-size: 10.0pt; font-family: Symbol; mso-fareast-font-family: Symbol; mso-bidi-font-family: Symbol;\">\u00b7<span style=\"font-stretch: normal; font-size: 7pt; font-family: 'Times New Roman';\">\u00a0\u00a0\u00a0\u00a0\u00a0\u00a0\u00a0\u00a0 <\/span><\/span><!--[endif]--><span style=\"font-size: 10.0pt; font-family: 'Arial',sans-serif;\">Formato de am\/pm o 24 horas <\/span><\/p>\n<p class=\"MsoListParagraphCxSpMiddle\" style=\"mso-add-space: auto; text-indent: -18.0pt; line-height: normal; mso-list: l0 level1 lfo1; margin: 0cm 0cm .0001pt 54.0pt;\"><!-- [if !supportLists]--><span style=\"font-size: 10.0pt; font-family: Symbol; mso-fareast-font-family: Symbol; mso-bidi-font-family: Symbol;\">\u00b7<span style=\"font-stretch: normal; font-size: 7pt; font-family: 'Times New Roman';\">\u00a0\u00a0\u00a0\u00a0\u00a0\u00a0\u00a0\u00a0 <\/span><\/span><!--[endif]--><span style=\"font-size: 10.0pt; font-family: 'Arial',sans-serif;\">Minuto regular, 1\/10, 1\/100 o 5\/100 de una hora <\/span><\/p>\n<p class=\"MsoListParagraphCxSpMiddle\" style=\"mso-add-space: auto; text-indent: -18.0pt; line-height: normal; mso-list: l0 level1 lfo1; margin: 0cm 0cm .0001pt 54.0pt;\"><!-- [if !supportLists]--><span style=\"font-size: 10.0pt; font-family: Symbol; mso-fareast-font-family: Symbol; mso-bidi-font-family: Symbol;\">\u00b7<span style=\"font-stretch: normal; font-size: 7pt; font-family: 'Times New Roman';\">\u00a0\u00a0\u00a0\u00a0\u00a0\u00a0\u00a0\u00a0 <\/span><\/span><!--[endif]--><span style=\"font-size: 10.0pt; font-family: 'Arial',sans-serif;\">13 comentarios preestablecidos tal como: pagado, archivado, enviado <\/span><\/p>\n<p class=\"MsoListParagraphCxSpMiddle\" style=\"mso-add-space: auto; text-indent: -18.0pt; line-height: normal; mso-list: l0 level1 lfo1; margin: 0cm 0cm .0001pt 54.0pt;\"><!-- [if !supportLists]--><span style=\"font-size: 10.0pt; font-family: Symbol; mso-fareast-font-family: Symbol; mso-bidi-font-family: Symbol;\">\u00b7<span style=\"font-stretch: normal; font-size: 7pt; font-family: 'Times New Roman';\">\u00a0\u00a0\u00a0\u00a0\u00a0\u00a0\u00a0\u00a0 <\/span><\/span><!--[endif]--><span style=\"font-size: 10.0pt; font-family: 'Arial',sans-serif;\">Idiomas Disponible: Ingl\u00e9s, Alem\u00e1n, Espa\u00f1ol, Franc\u00e9s, Italiano o Portugu\u00e9s <\/span><\/p>\n<p class=\"MsoListParagraphCxSpMiddle\" style=\"mso-add-space: auto; text-indent: -18.0pt; line-height: normal; mso-list: l0 level1 lfo1; margin: 0cm 0cm .0001pt 54.0pt;\"><!-- [if !supportLists]--><span style=\"font-size: 10.0pt; font-family: Symbol; mso-fareast-font-family: Symbol; mso-bidi-font-family: Symbol;\">\u00b7<span style=\"font-stretch: normal; font-size: 7pt; font-family: 'Times New Roman';\">\u00a0\u00a0\u00a0\u00a0\u00a0\u00a0\u00a0\u00a0 <\/span><\/span><!--[endif]--><span style=\"font-size: 10.0pt; font-family: 'Arial',sans-serif;\">Protecci\u00f3n de programaci\u00f3n, Clave de acceso de 4 d\u00edgitos num\u00e9ricos <\/span><\/p>\n<p class=\"MsoListParagraphCxSpMiddle\" style=\"mso-add-space: auto; text-indent: -18.0pt; line-height: normal; mso-list: l0 level1 lfo1; margin: 0cm 0cm .0001pt 54.0pt;\"><!-- [if !supportLists]--><span style=\"font-size: 10.0pt; font-family: Symbol; mso-fareast-font-family: Symbol; mso-bidi-font-family: Symbol;\">\u00b7<span style=\"font-stretch: normal; font-size: 7pt; font-family: 'Times New Roman';\">\u00a0\u00a0\u00a0\u00a0\u00a0\u00a0\u00a0\u00a0 <\/span><\/span><!--[endif]--><span style=\"font-size: 10.0pt; font-family: 'Arial',sans-serif;\">Marca especial \u00ab*\u00bb para reconocimiento irregular para cada d\u00eda de la semana <\/span><\/p>\n<p class=\"MsoListParagraphCxSpMiddle\" style=\"mso-add-space: auto; text-indent: -18.0pt; line-height: normal; mso-list: l0 level1 lfo1; margin: 0cm 0cm .0001pt 54.0pt;\"><!-- [if !supportLists]--><span style=\"font-size: 10.0pt; font-family: Symbol; mso-fareast-font-family: Symbol; mso-bidi-font-family: Symbol;\">\u00b7<span style=\"font-stretch: normal; font-size: 7pt; font-family: 'Times New Roman';\">\u00a0\u00a0\u00a0\u00a0\u00a0\u00a0\u00a0\u00a0 <\/span><\/span><!--[endif]--><span style=\"font-size: 10.0pt; font-family: 'Arial',sans-serif;\">Dise\u00f1ado para montar en la pared o en el escritorio <\/span><\/p>\n<p class=\"MsoListParagraphCxSpLast\" style=\"mso-add-space: auto; text-indent: -18.0pt; line-height: normal; mso-list: l0 level1 lfo1; margin: 0cm 0cm .0001pt 54.0pt;\"><!-- [if !supportLists]--><span style=\"font-size: 10.0pt; font-family: Symbol; mso-fareast-font-family: Symbol; mso-bidi-font-family: Symbol;\">\u00b7<span style=\"font-stretch: normal; font-size: 7pt; font-family: 'Times New Roman';\">\u00a0\u00a0\u00a0\u00a0\u00a0\u00a0\u00a0\u00a0 <\/span><\/span><!--[endif]--><span style=\"font-size: 10.0pt; font-family: 'Arial',sans-serif;\">Bater\u00eda de respaldo recargable: para cuando haya fallas de corriente (opcional)<\/span><\/p>\n<p class=\"MsoNoSpacing\"><strong><span style=\"font-size: 10.0pt; font-family: 'Arial',sans-serif; mso-fareast-language: ES-MX;\">Precios expresados en d\u00f3lares americanos pagaderos al tipo de cambio del d\u00eda de la compra y facturaci\u00f3n.<\/span><\/strong><\/p>\n<p class=\"MsoNoSpacing\"><span style=\"font-size: 10.0pt; font-family: 'Arial',sans-serif; mso-fareast-language: ES-MX;\">Pago: Anticipado v\u00eda transferencia \u00f3 dep\u00f3sito bancario.<\/span><\/p>\n<p class=\"MsoNoSpacing\"><span style=\"font-size: 10.0pt; font-family: 'Arial',sans-serif; mso-fareast-language: ES-MX;\">Tiempo de entrega: Inmediata o dependiendo existencias.<\/span><\/p>\n<p class=\"MsoNoSpacing\"><span style=\"font-size: 10.0pt; font-family: 'Arial',sans-serif; mso-fareast-language: ES-MX;\">Garant\u00eda de: 1 a\u00f1o por defectos de fabricaci\u00f3n.<\/span><\/p>\n<p class=\"MsoNoSpacing\"><span style=\"font-size: 10.0pt; font-family: 'Arial',sans-serif; mso-fareast-language: ES-MX;\">No incluye instalaci\u00f3n, canalizaci\u00f3n, ni obra civil, en caso de requerir por favor contacte al depto. de ventas.<\/span><\/p>\n<p class=\"MsoNoSpacing\"><span style=\"font-size: 10.0pt; font-family: 'Arial',sans-serif; mso-fareast-language: ES-MX;\">Para consultar existencias, precios sobre la transportaci\u00f3n y\/o\u00a0 los vi\u00e1ticos,\u00a0por favor contacte con nosotros.<\/span><\/p>\n<p class=\"MsoNoSpacing\"><span style=\"font-size: 10.0pt; font-family: 'Arial',sans-serif; mso-fareast-language: ES-MX;\">Precios sujetos a cambio sin previo aviso.<\/span><\/p>\n<p class=\"MsoNoSpacing\"><span style=\"font-size: 10.0pt; font-family: 'Arial',sans-serif; mso-fareast-language: ES-MX;\">Cualquier duda adicional, consulte a su ejecutivo de ventas.<\/span><\/p>\n<p class=\"MsoNoSpacing\">\n","protected":false},"excerpt":{"rendered":"<p>El nuevo TP-20 incorpora enormes avances en cuanto a funciones y ofrece m\u00e1s conveniencia y caracter\u00edsticas m\u00e1s vers\u00e1tiles. Los botones de operaci\u00f3n de usuario amigables en el panel frontal permiten al usuario configurar f\u00e1cilmente el reloj al modo deseado. TP-20 es una nueva e ideal opci\u00f3n para cualquier aplicaci\u00f3n de negocios que requiera grabar hora,[&#8230;]<\/p>\n","protected":false},"featured_media":4524,"comment_status":"closed","ping_status":"closed","template":"","meta":[],"product_cat":[30,117],"product_tag":[84],"class_list":["post-3405","product","type-product","status-publish","has-post-thumbnail","hentry","product_cat-relojes-checadores","product_cat-relojes-checadores-seiko","product_tag-seiko-tp-20","pa_marca-seiko"],"_links":{"self":[{"href":"https:\/\/globalsystem.com.mx\/catalogo\/wp-json\/wp\/v2\/product\/3405","targetHints":{"allow":["GET"]}}],"collection":[{"href":"https:\/\/globalsystem.com.mx\/catalogo\/wp-json\/wp\/v2\/product"}],"about":[{"href":"https:\/\/globalsystem.com.mx\/catalogo\/wp-json\/wp\/v2\/types\/product"}],"replies":[{"embeddable":true,"href":"https:\/\/globalsystem.com.mx\/catalogo\/wp-json\/wp\/v2\/comments?post=3405"}],"version-history":[{"count":4,"href":"https:\/\/globalsystem.com.mx\/catalogo\/wp-json\/wp\/v2\/product\/3405\/revisions"}],"predecessor-version":[{"id":3982,"href":"https:\/\/globalsystem.com.mx\/catalogo\/wp-json\/wp\/v2\/product\/3405\/revisions\/3982"}],"wp:featuredmedia":[{"embeddable":true,"href":"https:\/\/globalsystem.com.mx\/catalogo\/wp-json\/wp\/v2\/media\/4524"}],"wp:attachment":[{"href":"https:\/\/globalsystem.com.mx\/catalogo\/wp-json\/wp\/v2\/media?parent=3405"}],"wp:term":[{"taxonomy":"product_cat","embeddable":true,"href":"https:\/\/globalsystem.com.mx\/catalogo\/wp-json\/wp\/v2\/product_cat?post=3405"},{"taxonomy":"product_tag","embeddable":true,"href":"https:\/\/globalsystem.com.mx\/catalogo\/wp-json\/wp\/v2\/product_tag?post=3405"}],"curies":[{"name":"wp","href":"https:\/\/api.w.org\/{rel}","templated":true}]}}