{"id":3387,"date":"2022-06-03T22:08:20","date_gmt":"2022-06-03T22:08:20","guid":{"rendered":"https:\/\/webs360apps.com\/ismafinal\/product\/race-reloj-checador-marca-acroprint-modelo-atr240\/"},"modified":"2022-06-13T03:47:07","modified_gmt":"2022-06-13T03:47:07","slug":"race-reloj-checador-marca-acroprint-modelo-atr240","status":"publish","type":"product","link":"https:\/\/globalsystem.com.mx\/catalogo\/race-reloj-checador-marca-acroprint-modelo-atr240","title":{"rendered":"RELOJ CHECADOR MARCA ACROPRINT MODELO ATR240"},"content":{"rendered":"<p class=\"MsoNoSpacing\" style=\"text-align: justify;\"><span style=\"font-size: 10.0pt; font-family: 'Arial',sans-serif; mso-fareast-language: ES-MX;\">Reloj Checador Electr\u00f3nico con Carga de Tarjetas Superior, de Operaci\u00f3n F\u00e1cil y R\u00e1pida <\/span><\/p>\n<p class=\"MsoNoSpacing\" style=\"text-align: justify;\"><span style=\"font-size: 10.0pt; font-family: 'Arial',sans-serif; mso-fareast-language: ES-MX;\">El ATR240 es un reloj checador electr\u00f3nico de 6 columnas con carga autom\u00e1tica de tarjetas que incorpora una amplia pantalla digital con luz posterior que despliega la hora, impresi\u00f3n de dos colores y un timbre musical. El ajuste de Horario de Verano se realiza de manera autom\u00e1tica. La bater\u00eda de respaldo que permite checar incluso cuando existen fallos en la alimentaci\u00f3n de corriente, es opcional y se vende por separado<\/span><\/p>\n<p class=\"MsoNormal\">\n<p class=\"MsoNormal\"><strong><span style=\"font-size: 10.0pt; mso-bidi-font-size: 11.0pt; line-height: 107%; font-family: 'Arial',sans-serif;\">Caracter\u00edsticas de reloj Acroprint ART240:<\/span><\/strong><\/p>\n<p class=\"MsoListParagraphCxSpFirst\" style=\"mso-add-space: auto; text-indent: -18.0pt; line-height: normal; mso-list: l0 level1 lfo1; margin: 1.5pt 30.0pt 1.5pt 36.0pt;\"><!-- [if !supportLists]--><span style=\"font-size: 10.0pt; mso-bidi-font-size: 11.0pt; font-family: Symbol; mso-fareast-font-family: Symbol; mso-bidi-font-family: Symbol; mso-fareast-language: ES-MX;\">\u00b7<span style=\"font-stretch: normal; font-size: 7pt; font-family: 'Times New Roman';\">\u00a0\u00a0\u00a0\u00a0\u00a0\u00a0\u00a0\u00a0 <\/span><\/span><!--[endif]--><span style=\"font-size: 10.0pt; mso-bidi-font-size: 11.0pt; font-family: 'Arial',sans-serif; mso-fareast-language: ES-MX;\">Reloj electr\u00f3nico de 6 columnas con carga de tarjetas en la parte superior <\/span><\/p>\n<p class=\"MsoListParagraphCxSpMiddle\" style=\"mso-add-space: auto; text-indent: -18.0pt; line-height: normal; mso-list: l0 level1 lfo1; margin: 1.5pt 30.0pt 1.5pt 36.0pt;\"><!-- [if !supportLists]--><span style=\"font-size: 10.0pt; mso-bidi-font-size: 11.0pt; font-family: Symbol; mso-fareast-font-family: Symbol; mso-bidi-font-family: Symbol; mso-fareast-language: ES-MX;\">\u00b7<span style=\"font-stretch: normal; font-size: 7pt; font-family: 'Times New Roman';\">\u00a0\u00a0\u00a0\u00a0\u00a0\u00a0\u00a0\u00a0 <\/span><\/span><!--[endif]--><span style=\"font-size: 10.0pt; mso-bidi-font-size: 11.0pt; font-family: 'Arial',sans-serif; mso-fareast-language: ES-MX;\">F\u00e1cil de programar y de usar <\/span><\/p>\n<p class=\"MsoListParagraphCxSpMiddle\" style=\"mso-add-space: auto; text-indent: -18.0pt; line-height: normal; mso-list: l0 level1 lfo1; margin: 1.5pt 30.0pt 1.5pt 36.0pt;\"><!-- [if !supportLists]--><span style=\"font-size: 10.0pt; mso-bidi-font-size: 11.0pt; font-family: Symbol; mso-fareast-font-family: Symbol; mso-bidi-font-family: Symbol; mso-fareast-language: ES-MX;\">\u00b7<span style=\"font-stretch: normal; font-size: 7pt; font-family: 'Times New Roman';\">\u00a0\u00a0\u00a0\u00a0\u00a0\u00a0\u00a0\u00a0 <\/span><\/span><!--[endif]--><span style=\"font-size: 10.0pt; mso-bidi-font-size: 11.0pt; font-family: 'Arial',sans-serif; mso-fareast-language: ES-MX;\">Amplia y brillante pantalla digital con luz posterior, de f\u00e1cil uso <\/span><\/p>\n<p class=\"MsoListParagraphCxSpMiddle\" style=\"mso-add-space: auto; text-indent: -18.0pt; line-height: normal; mso-list: l0 level1 lfo1; margin: 1.5pt 30.0pt 1.5pt 36.0pt;\"><!-- [if !supportLists]--><span style=\"font-size: 10.0pt; mso-bidi-font-size: 11.0pt; font-family: Symbol; mso-fareast-font-family: Symbol; mso-bidi-font-family: Symbol; mso-fareast-language: ES-MX;\">\u00b7<span style=\"font-stretch: normal; font-size: 7pt; font-family: 'Times New Roman';\">\u00a0\u00a0\u00a0\u00a0\u00a0\u00a0\u00a0\u00a0 <\/span><\/span><!--[endif]--><span style=\"font-size: 10.0pt; mso-bidi-font-size: 11.0pt; font-family: 'Arial',sans-serif; mso-fareast-language: ES-MX;\">El reloj se adapta a n\u00f3minas semanales o mensuales <\/span><\/p>\n<p class=\"MsoListParagraphCxSpMiddle\" style=\"mso-add-space: auto; text-indent: -18.0pt; line-height: normal; mso-list: l0 level1 lfo1; margin: 1.5pt 30.0pt 1.5pt 36.0pt;\"><!-- [if !supportLists]--><span style=\"font-size: 10.0pt; mso-bidi-font-size: 11.0pt; font-family: Symbol; mso-fareast-font-family: Symbol; mso-bidi-font-family: Symbol; mso-fareast-language: ES-MX;\">\u00b7<span style=\"font-stretch: normal; font-size: 7pt; font-family: 'Times New Roman';\">\u00a0\u00a0\u00a0\u00a0\u00a0\u00a0\u00a0\u00a0 <\/span><\/span><!--[endif]--><span style=\"font-size: 10.0pt; mso-bidi-font-size: 11.0pt; font-family: 'Arial',sans-serif; mso-fareast-language: ES-MX;\">Impresi\u00f3n de dos colores para identificar checadas antes\/despu\u00e9s de la hora programada <\/span><\/p>\n<p class=\"MsoListParagraphCxSpMiddle\" style=\"mso-add-space: auto; text-indent: -18.0pt; line-height: normal; mso-list: l0 level1 lfo1; margin: 1.5pt 30.0pt 1.5pt 36.0pt;\"><!-- [if !supportLists]--><span style=\"font-size: 10.0pt; mso-bidi-font-size: 11.0pt; font-family: Symbol; mso-fareast-font-family: Symbol; mso-bidi-font-family: Symbol; mso-fareast-language: ES-MX;\">\u00b7<span style=\"font-stretch: normal; font-size: 7pt; font-family: 'Times New Roman';\">\u00a0\u00a0\u00a0\u00a0\u00a0\u00a0\u00a0\u00a0 <\/span><\/span><!--[endif]--><span style=\"font-size: 10.0pt; mso-bidi-font-size: 11.0pt; font-family: 'Arial',sans-serif; mso-fareast-language: ES-MX;\">Alimentaci\u00f3n autom\u00e1tica y detecci\u00f3n de lado de la tarjeta (detecci\u00f3n de lado aplica solamente para tarjetas mensuales).<\/span><\/p>\n<p class=\"MsoListParagraphCxSpMiddle\" style=\"mso-add-space: auto; text-indent: -18.0pt; line-height: normal; mso-list: l0 level1 lfo1; margin: 1.5pt 30.0pt 1.5pt 36.0pt;\"><!-- [if !supportLists]--><span style=\"font-size: 10.0pt; mso-bidi-font-size: 11.0pt; font-family: Symbol; mso-fareast-font-family: Symbol; mso-bidi-font-family: Symbol; mso-fareast-language: ES-MX;\">\u00b7<span style=\"font-stretch: normal; font-size: 7pt; font-family: 'Times New Roman';\">\u00a0\u00a0\u00a0\u00a0\u00a0\u00a0\u00a0\u00a0 <\/span><\/span><!--[endif]--><span style=\"font-size: 10.0pt; mso-bidi-font-size: 11.0pt; font-family: 'Arial',sans-serif; mso-fareast-language: ES-MX;\">Posicionamiento de impresi\u00f3n de columna autom\u00e1tico para facilitar la alineaci\u00f3n de la tarjeta checadora <\/span><\/p>\n<p class=\"MsoListParagraphCxSpMiddle\" style=\"mso-add-space: auto; text-indent: -18.0pt; line-height: normal; mso-list: l0 level1 lfo1; margin: 1.5pt 30.0pt 1.5pt 36.0pt;\"><!-- [if !supportLists]--><span style=\"font-size: 10.0pt; mso-bidi-font-size: 11.0pt; font-family: Symbol; mso-fareast-font-family: Symbol; mso-bidi-font-family: Symbol; mso-fareast-language: ES-MX;\">\u00b7<span style=\"font-stretch: normal; font-size: 7pt; font-family: 'Times New Roman';\">\u00a0\u00a0\u00a0\u00a0\u00a0\u00a0\u00a0\u00a0 <\/span><\/span><!--[endif]--><span style=\"font-size: 10.0pt; mso-bidi-font-size: 11.0pt; font-family: 'Arial',sans-serif; mso-fareast-language: ES-MX;\">Impresi\u00f3n programable, despliega la hora en formatos de 12 o 24 horas (12 horas con minutos y 24 horas con minutos o cent\u00e9simas de hora) <\/span><\/p>\n<p class=\"MsoListParagraphCxSpMiddle\" style=\"mso-add-space: auto; text-indent: -18.0pt; line-height: normal; mso-list: l0 level1 lfo1; margin: 1.5pt 30.0pt 1.5pt 36.0pt;\"><!-- [if !supportLists]--><span style=\"font-size: 10.0pt; mso-bidi-font-size: 11.0pt; font-family: Symbol; mso-fareast-font-family: Symbol; mso-bidi-font-family: Symbol; mso-fareast-language: ES-MX;\">\u00b7<span style=\"font-stretch: normal; font-size: 7pt; font-family: 'Times New Roman';\">\u00a0\u00a0\u00a0\u00a0\u00a0\u00a0\u00a0\u00a0 <\/span><\/span><!--[endif]--><span style=\"font-size: 10.0pt; mso-bidi-font-size: 11.0pt; font-family: 'Arial',sans-serif; mso-fareast-language: ES-MX;\">Timbre musical integrado para se\u00f1alar turnos y recesos <\/span><\/p>\n<p class=\"MsoListParagraphCxSpLast\" style=\"mso-add-space: auto; text-indent: -18.0pt; line-height: normal; mso-list: l0 level1 lfo1; margin: 1.5pt 30.0pt .0001pt 36.0pt;\"><!-- [if !supportLists]--><span style=\"font-size: 10.0pt; mso-bidi-font-size: 11.0pt; font-family: Symbol; mso-fareast-font-family: Symbol; mso-bidi-font-family: Symbol; mso-fareast-language: ES-MX;\">\u00b7<span style=\"font-stretch: normal; font-size: 7pt; font-family: 'Times New Roman';\">\u00a0\u00a0\u00a0\u00a0\u00a0\u00a0\u00a0\u00a0 <\/span><\/span><!--[endif]--><span style=\"font-size: 10.0pt; mso-bidi-font-size: 11.0pt; font-family: 'Arial',sans-serif; mso-fareast-language: ES-MX;\">Calendario perpetuo y ajustes de Horario de Verano autom\u00e1ticos<\/span><\/p>\n<p class=\"MsoNoSpacing\">\n<p class=\"MsoNoSpacing\">\n<p class=\"MsoNoSpacing\"><strong><span style=\"font-size: 10.0pt; font-family: 'Arial',sans-serif; mso-fareast-language: ES-MX;\">Precios expresados en d\u00f3lares americanos pagaderos al tipo de cambio del d\u00eda de la compra y facturaci\u00f3n.<\/span><\/strong><\/p>\n<p class=\"MsoNoSpacing\"><span style=\"font-size: 10.0pt; font-family: 'Arial',sans-serif; mso-fareast-language: ES-MX;\">Pago: Anticipado v\u00eda transferencia \u00f3 dep\u00f3sito bancario.<\/span><\/p>\n<p class=\"MsoNoSpacing\"><span style=\"font-size: 10.0pt; font-family: 'Arial',sans-serif; mso-fareast-language: ES-MX;\">Tiempo de entrega: Inmediata o dependiendo existencias.<\/span><\/p>\n<p class=\"MsoNoSpacing\"><span style=\"font-size: 10.0pt; font-family: 'Arial',sans-serif; mso-fareast-language: ES-MX;\">Garant\u00eda de: 1 a\u00f1o por defectos de fabricaci\u00f3n.<\/span><\/p>\n<p class=\"MsoNoSpacing\"><span style=\"font-size: 10.0pt; font-family: 'Arial',sans-serif; mso-fareast-language: ES-MX;\">No incluye instalaci\u00f3n, canalizaci\u00f3n, ni obra civil, en caso de requerir por favor contacte al depto. de ventas.<\/span><\/p>\n<p class=\"MsoNoSpacing\"><span style=\"font-size: 10.0pt; font-family: 'Arial',sans-serif; mso-fareast-language: ES-MX;\">Para consultar existencias, precios sobre la transportaci\u00f3n y\/o\u00a0 los vi\u00e1ticos,\u00a0por favor contacte con nosotros.<\/span><\/p>\n<p class=\"MsoNoSpacing\"><span style=\"font-size: 10.0pt; font-family: 'Arial',sans-serif; mso-fareast-language: ES-MX;\">Precios sujetos a cambio sin previo aviso.<\/span><\/p>\n<p><span style=\"font-size: 10.0pt; line-height: 107%; font-family: 'Arial',sans-serif; mso-fareast-font-family: Calibri; mso-fareast-theme-font: minor-latin; mso-ansi-language: ES-MX; mso-fareast-language: ES-MX; mso-bidi-language: AR-SA;\">Cualquier duda adicional, consulte a su ejecutivo de ventas.<\/span><\/p>\n<p>&nbsp;<\/p>\n<p>&nbsp;<\/p>\n","protected":false},"excerpt":{"rendered":"<p>Reloj Checador Electr\u00f3nico con Carga de Tarjetas Superior, de Operaci\u00f3n F\u00e1cil y R\u00e1pida El ATR240 es un reloj checador electr\u00f3nico de 6 columnas con carga autom\u00e1tica de tarjetas que incorpora una amplia pantalla digital con luz posterior que despliega la hora, impresi\u00f3n de dos colores y un timbre musical. El ajuste de Horario de Verano[&#8230;]<\/p>\n","protected":false},"featured_media":4459,"comment_status":"closed","ping_status":"closed","template":"","meta":[],"product_cat":[115],"product_tag":[],"class_list":["post-3387","product","type-product","status-publish","has-post-thumbnail","hentry","product_cat-relojes-checadores-acroprint","pa_marca-acroprint"],"_links":{"self":[{"href":"https:\/\/globalsystem.com.mx\/catalogo\/wp-json\/wp\/v2\/product\/3387","targetHints":{"allow":["GET"]}}],"collection":[{"href":"https:\/\/globalsystem.com.mx\/catalogo\/wp-json\/wp\/v2\/product"}],"about":[{"href":"https:\/\/globalsystem.com.mx\/catalogo\/wp-json\/wp\/v2\/types\/product"}],"replies":[{"embeddable":true,"href":"https:\/\/globalsystem.com.mx\/catalogo\/wp-json\/wp\/v2\/comments?post=3387"}],"version-history":[{"count":3,"href":"https:\/\/globalsystem.com.mx\/catalogo\/wp-json\/wp\/v2\/product\/3387\/revisions"}],"predecessor-version":[{"id":4461,"href":"https:\/\/globalsystem.com.mx\/catalogo\/wp-json\/wp\/v2\/product\/3387\/revisions\/4461"}],"wp:featuredmedia":[{"embeddable":true,"href":"https:\/\/globalsystem.com.mx\/catalogo\/wp-json\/wp\/v2\/media\/4459"}],"wp:attachment":[{"href":"https:\/\/globalsystem.com.mx\/catalogo\/wp-json\/wp\/v2\/media?parent=3387"}],"wp:term":[{"taxonomy":"product_cat","embeddable":true,"href":"https:\/\/globalsystem.com.mx\/catalogo\/wp-json\/wp\/v2\/product_cat?post=3387"},{"taxonomy":"product_tag","embeddable":true,"href":"https:\/\/globalsystem.com.mx\/catalogo\/wp-json\/wp\/v2\/product_tag?post=3387"}],"curies":[{"name":"wp","href":"https:\/\/api.w.org\/{rel}","templated":true}]}}