{"id":3379,"date":"2022-06-03T22:08:20","date_gmt":"2022-06-03T22:08:20","guid":{"rendered":"https:\/\/webs360apps.com\/ismafinal\/product\/racc-reloj-checador-acroprint-modelo-150\/"},"modified":"2022-06-13T03:42:51","modified_gmt":"2022-06-13T03:42:51","slug":"racc-reloj-checador-acroprint-modelo-150","status":"publish","type":"product","link":"https:\/\/globalsystem.com.mx\/catalogo\/racc-reloj-checador-acroprint-modelo-150","title":{"rendered":"RELOJ CHECADOR MARCA ACROPRINT MODELO 150"},"content":{"rendered":"<p class=\"MsoNormal\" style=\"margin-bottom: 0.0001pt; text-align: justify; background-image: initial; background-attachment: initial; background-size: initial; background-origin: initial; background-clip: initial; background-position: initial; background-repeat: initial;\"><span style=\"font-size: 10.0pt; font-family: 'Arial',sans-serif; mso-fareast-font-family: 'Times New Roman'; mso-fareast-language: ES-MX;\">Reloj electromec\u00e1nico autom\u00e1tico m\u00e1s robusto y de trabajo pesado. Permite manejar miles de impresiones de registro de asistencia al d\u00eda. Es una soluci\u00f3n para cualquier tama\u00f1o de negocio y ambiente, ya que es resistente a la corrosi\u00f3n y oxidaci\u00f3n.<\/span><\/p>\n<p class=\"MsoNormal\" style=\"margin-bottom: 0.0001pt; background-image: initial; background-attachment: initial; background-size: initial; background-origin: initial; background-clip: initial; background-position: initial; background-repeat: initial;\">\n<p class=\"MsoNormal\" style=\"margin-bottom: 0.0001pt; background-image: initial; background-attachment: initial; background-size: initial; background-origin: initial; background-clip: initial; background-position: initial; background-repeat: initial;\"><strong><span style=\"font-size: 10.0pt; font-family: 'Arial',sans-serif; mso-fareast-font-family: 'Times New Roman'; mso-fareast-language: ES-MX;\">Caracter\u00edsticas de reloj Acroprint 150: <\/span><\/strong><\/p>\n<p class=\"MsoNormal\" style=\"margin-bottom: 0.0001pt; background-image: initial; background-attachment: initial; background-size: initial; background-origin: initial; background-clip: initial; background-position: initial; background-repeat: initial;\">\n<p class=\"MsoListParagraphCxSpFirst\" style=\"margin: 0cm 0cm 0.0001pt 54pt; text-indent: -18pt; background-image: initial; background-attachment: initial; background-size: initial; background-origin: initial; background-clip: initial; background-position: initial; background-repeat: initial;\"><!-- [if !supportLists]--><span style=\"font-size: 10.0pt; font-family: Symbol; mso-fareast-font-family: Symbol; mso-bidi-font-family: Symbol; mso-fareast-language: ES-MX;\">\u00b7<span style=\"font-stretch: normal; font-size: 7pt; line-height: normal; font-family: 'Times New Roman';\">\u00a0\u00a0\u00a0\u00a0\u00a0\u00a0\u00a0\u00a0 <\/span><\/span><!--[endif]--><span style=\"font-size: 10.0pt; font-family: 'Arial',sans-serif; mso-fareast-font-family: 'Times New Roman'; mso-fareast-language: ES-MX;\">Reloj checador electromec\u00e1nico. <\/span><\/p>\n<p class=\"MsoListParagraphCxSpMiddle\" style=\"margin: 0cm 0cm 0.0001pt 54pt; text-indent: -18pt; background-image: initial; background-attachment: initial; background-size: initial; background-origin: initial; background-clip: initial; background-position: initial; background-repeat: initial;\"><!-- [if !supportLists]--><span style=\"font-size: 10.0pt; font-family: Symbol; mso-fareast-font-family: Symbol; mso-bidi-font-family: Symbol; mso-fareast-language: ES-MX;\">\u00b7<span style=\"font-stretch: normal; font-size: 7pt; line-height: normal; font-family: 'Times New Roman';\">\u00a0\u00a0\u00a0\u00a0\u00a0\u00a0\u00a0\u00a0 <\/span><\/span><!--[endif]--><span style=\"font-size: 10.0pt; font-family: 'Arial',sans-serif; mso-fareast-font-family: 'Times New Roman'; mso-fareast-language: ES-MX;\">Para controlar costos, entradas, salidas y tiempo extra. <\/span><\/p>\n<p class=\"MsoListParagraphCxSpMiddle\" style=\"margin: 0cm 0cm 0.0001pt 54pt; text-indent: -18pt; background-image: initial; background-attachment: initial; background-size: initial; background-origin: initial; background-clip: initial; background-position: initial; background-repeat: initial;\"><!-- [if !supportLists]--><span style=\"font-size: 10.0pt; font-family: Symbol; mso-fareast-font-family: Symbol; mso-bidi-font-family: Symbol; mso-fareast-language: ES-MX;\">\u00b7<span style=\"font-stretch: normal; font-size: 7pt; line-height: normal; font-family: 'Times New Roman';\">\u00a0\u00a0\u00a0\u00a0\u00a0\u00a0\u00a0\u00a0 <\/span><\/span><!--[endif]--><span style=\"font-size: 10.0pt; font-family: 'Arial',sans-serif; mso-fareast-font-family: 'Times New Roman'; mso-fareast-language: ES-MX;\">Fabricado en U.S.A. <\/span><\/p>\n<p class=\"MsoListParagraphCxSpMiddle\" style=\"margin: 0cm 0cm 0.0001pt 54pt; text-indent: -18pt; background-image: initial; background-attachment: initial; background-size: initial; background-origin: initial; background-clip: initial; background-position: initial; background-repeat: initial;\"><!-- [if !supportLists]--><span style=\"font-size: 10.0pt; font-family: Symbol; mso-fareast-font-family: Symbol; mso-bidi-font-family: Symbol; mso-fareast-language: ES-MX;\">\u00b7<span style=\"font-stretch: normal; font-size: 7pt; line-height: normal; font-family: 'Times New Roman';\">\u00a0\u00a0\u00a0\u00a0\u00a0\u00a0\u00a0\u00a0 <\/span><\/span><!--[endif]--><span style=\"font-size: 10.0pt; font-family: 'Arial',sans-serif; mso-fareast-font-family: 'Times New Roman'; mso-fareast-language: ES-MX;\">Car\u00e1tula anal\u00f3gica grande. <\/span><\/p>\n<p class=\"MsoListParagraphCxSpMiddle\" style=\"margin: 0cm 0cm 0.0001pt 54pt; text-indent: -18pt; background-image: initial; background-attachment: initial; background-size: initial; background-origin: initial; background-clip: initial; background-position: initial; background-repeat: initial;\"><!-- [if !supportLists]--><span style=\"font-size: 10.0pt; font-family: Symbol; mso-fareast-font-family: Symbol; mso-bidi-font-family: Symbol; mso-fareast-language: ES-MX;\">\u00b7<span style=\"font-stretch: normal; font-size: 7pt; line-height: normal; font-family: 'Times New Roman';\">\u00a0\u00a0\u00a0\u00a0\u00a0\u00a0\u00a0\u00a0 <\/span><\/span><!--[endif]--><span style=\"font-size: 10.0pt; font-family: 'Arial',sans-serif; mso-fareast-font-family: 'Times New Roman'; mso-fareast-language: ES-MX;\">Cinta autoreversible bicolor de larga duraci\u00f3n. <\/span><\/p>\n<p class=\"MsoListParagraphCxSpMiddle\" style=\"margin: 0cm 0cm 0.0001pt 54pt; text-indent: -18pt; background-image: initial; background-attachment: initial; background-size: initial; background-origin: initial; background-clip: initial; background-position: initial; background-repeat: initial;\"><!-- [if !supportLists]--><span style=\"font-size: 10.0pt; font-family: Symbol; mso-fareast-font-family: Symbol; mso-bidi-font-family: Symbol; mso-fareast-language: ES-MX;\">\u00b7<span style=\"font-stretch: normal; font-size: 7pt; line-height: normal; font-family: 'Times New Roman';\">\u00a0\u00a0\u00a0\u00a0\u00a0\u00a0\u00a0\u00a0 <\/span><\/span><!--[endif]--><span style=\"font-size: 10.0pt; font-family: 'Arial',sans-serif; mso-fareast-font-family: 'Times New Roman'; mso-fareast-language: ES-MX;\">Motor sincr\u00f3nico a 60 ciclos. <\/span><\/p>\n<p class=\"MsoListParagraphCxSpMiddle\" style=\"margin: 0cm 0cm 0.0001pt 54pt; text-indent: -18pt; background-image: initial; background-attachment: initial; background-size: initial; background-origin: initial; background-clip: initial; background-position: initial; background-repeat: initial;\"><!-- [if !supportLists]--><span style=\"font-size: 10.0pt; font-family: Symbol; mso-fareast-font-family: Symbol; mso-bidi-font-family: Symbol; mso-fareast-language: ES-MX;\">\u00b7<span style=\"font-stretch: normal; font-size: 7pt; line-height: normal; font-family: 'Times New Roman';\">\u00a0\u00a0\u00a0\u00a0\u00a0\u00a0\u00a0\u00a0 <\/span><\/span><!--[endif]--><span style=\"font-size: 10.0pt; font-family: 'Arial',sans-serif; mso-fareast-font-family: 'Times New Roman'; mso-fareast-language: ES-MX;\">Incluye llave de seguridad. <\/span><\/p>\n<p class=\"MsoListParagraphCxSpMiddle\" style=\"margin: 0cm 0cm 0.0001pt 54pt; text-indent: -18pt; background-image: initial; background-attachment: initial; background-size: initial; background-origin: initial; background-clip: initial; background-position: initial; background-repeat: initial;\"><!-- [if !supportLists]--><span style=\"font-size: 10.0pt; font-family: Symbol; mso-fareast-font-family: Symbol; mso-bidi-font-family: Symbol; mso-fareast-language: ES-MX;\">\u00b7<span style=\"font-stretch: normal; font-size: 7pt; line-height: normal; font-family: 'Times New Roman';\">\u00a0\u00a0\u00a0\u00a0\u00a0\u00a0\u00a0\u00a0 <\/span><\/span><!--[endif]--><span style=\"font-size: 10.0pt; font-family: 'Arial',sans-serif; mso-fareast-font-family: 'Times New Roman'; mso-fareast-language: ES-MX;\">Impresi\u00f3n horizontal autom\u00e1tica. <\/span><\/p>\n<p class=\"MsoListParagraphCxSpMiddle\" style=\"margin: 0cm 0cm 0.0001pt 54pt; text-indent: -18pt; background-image: initial; background-attachment: initial; background-size: initial; background-origin: initial; background-clip: initial; background-position: initial; background-repeat: initial;\"><!-- [if !supportLists]--><span style=\"font-size: 10.0pt; font-family: Symbol; mso-fareast-font-family: Symbol; mso-bidi-font-family: Symbol; mso-fareast-language: ES-MX;\">\u00b7<span style=\"font-stretch: normal; font-size: 7pt; line-height: normal; font-family: 'Times New Roman';\">\u00a0\u00a0\u00a0\u00a0\u00a0\u00a0\u00a0\u00a0 <\/span><\/span><!--[endif]--><span style=\"font-size: 10.0pt; font-family: 'Arial',sans-serif; mso-fareast-font-family: 'Times New Roman'; mso-fareast-language: ES-MX;\">Imprime mes, d\u00eda, hora y minutos. <\/span><\/p>\n<p class=\"MsoListParagraphCxSpMiddle\" style=\"margin: 0cm 0cm 0.0001pt 54pt; text-indent: -18pt; background-image: initial; background-attachment: initial; background-size: initial; background-origin: initial; background-clip: initial; background-position: initial; background-repeat: initial;\"><!-- [if !supportLists]--><span style=\"font-size: 10.0pt; font-family: Symbol; mso-fareast-font-family: Symbol; mso-bidi-font-family: Symbol; mso-fareast-language: ES-MX;\">\u00b7<span style=\"font-stretch: normal; font-size: 7pt; line-height: normal; font-family: 'Times New Roman';\">\u00a0\u00a0\u00a0\u00a0\u00a0\u00a0\u00a0\u00a0 <\/span><\/span><!--[endif]--><span style=\"font-size: 10.0pt; font-family: 'Arial',sans-serif; mso-fareast-font-family: 'Times New Roman'; mso-fareast-language: ES-MX;\">Fabricado en materiales de polycarbonato ABS de alto impacto, resistente al trato rudo anticorrosivo y a prueba de oxidaci\u00f3n. <\/span><\/p>\n<p class=\"MsoListParagraphCxSpMiddle\" style=\"margin: 0cm 0cm 0.0001pt 54pt; text-indent: -18pt; background-image: initial; background-attachment: initial; background-size: initial; background-origin: initial; background-clip: initial; background-position: initial; background-repeat: initial;\"><!-- [if !supportLists]--><span style=\"font-size: 10.0pt; font-family: Symbol; mso-fareast-font-family: Symbol; mso-bidi-font-family: Symbol; mso-fareast-language: ES-MX;\">\u00b7<span style=\"font-stretch: normal; font-size: 7pt; line-height: normal; font-family: 'Times New Roman';\">\u00a0\u00a0\u00a0\u00a0\u00a0\u00a0\u00a0\u00a0 <\/span><\/span><!--[endif]--><span style=\"font-size: 10.0pt; font-family: 'Arial',sans-serif; mso-fareast-font-family: 'Times New Roman'; mso-fareast-language: ES-MX;\">Para controlar tarjetas semanales \u00f3 quincenales <\/span><\/p>\n<p class=\"MsoListParagraphCxSpLast\" style=\"margin: 0cm 0cm 0.0001pt 54pt; text-indent: -18pt; background-image: initial; background-attachment: initial; background-size: initial; background-origin: initial; background-clip: initial; background-position: initial; background-repeat: initial;\"><!-- [if !supportLists]--><span style=\"font-size: 10.0pt; font-family: Symbol; mso-fareast-font-family: Symbol; mso-bidi-font-family: Symbol; mso-fareast-language: ES-MX;\">\u00b7<span style=\"font-stretch: normal; font-size: 7pt; line-height: normal; font-family: 'Times New Roman';\">\u00a0\u00a0\u00a0\u00a0\u00a0\u00a0\u00a0\u00a0 <\/span><\/span><!--[endif]--><span style=\"font-size: 10.0pt; font-family: 'Arial',sans-serif; mso-fareast-font-family: 'Times New Roman'; mso-fareast-language: ES-MX;\">Se pueden manejar tarjetas de asistencia, semanales, quincenales y\/o ticket de estacionamiento.<\/span><\/p>\n<p class=\"MsoNormal\">\n<p class=\"MsoNormal\">\n<p class=\"MsoNoSpacing\"><strong><span style=\"font-size: 10.0pt; font-family: 'Arial',sans-serif; mso-fareast-language: ES-MX;\">Precios expresados en d\u00f3lares americanos pagaderos al tipo de cambio del d\u00eda de la compra y facturaci\u00f3n.<\/span><\/strong><\/p>\n<p class=\"MsoNoSpacing\"><span style=\"font-size: 10.0pt; font-family: 'Arial',sans-serif; mso-fareast-language: ES-MX;\">Pago: Anticipado v\u00eda transferencia \u00f3 dep\u00f3sito bancario.<\/span><\/p>\n<p class=\"MsoNoSpacing\"><span style=\"font-size: 10.0pt; font-family: 'Arial',sans-serif; mso-fareast-language: ES-MX;\">Tiempo de entrega: Inmediata o dependiendo existencias.<\/span><\/p>\n<p class=\"MsoNoSpacing\"><span style=\"font-size: 10.0pt; font-family: 'Arial',sans-serif; mso-fareast-language: ES-MX;\">Garant\u00eda de: 1 a\u00f1o por defectos de fabricaci\u00f3n.<\/span><\/p>\n<p class=\"MsoNoSpacing\"><span style=\"font-size: 10.0pt; font-family: 'Arial',sans-serif; mso-fareast-language: ES-MX;\">No incluye instalaci\u00f3n, canalizaci\u00f3n, ni obra civil, en caso de requerir por favor contacte al depto. de ventas.<\/span><\/p>\n<p class=\"MsoNoSpacing\"><span style=\"font-size: 10.0pt; font-family: 'Arial',sans-serif; mso-fareast-language: ES-MX;\">Para consultar existencias, precios sobre la transportaci\u00f3n y\/o\u00a0 los vi\u00e1ticos,\u00a0por favor contacte con nosotros.<\/span><\/p>\n<p class=\"MsoNoSpacing\"><span style=\"font-size: 10.0pt; font-family: 'Arial',sans-serif; mso-fareast-language: ES-MX;\">Precios sujetos a cambio sin previo aviso.<\/span><\/p>\n<p class=\"MsoNoSpacing\"><span style=\"font-size: 10.0pt; font-family: 'Arial',sans-serif; mso-fareast-language: ES-MX;\">Cualquier duda adicional, consulte a su ejecutivo de ventas.<\/span><\/p>\n<p class=\"MsoNoSpacing\">\n<p class=\"MsoNoSpacing\">\n","protected":false},"excerpt":{"rendered":"<p>Reloj electromec\u00e1nico autom\u00e1tico m\u00e1s robusto y de trabajo pesado. Permite manejar miles de impresiones de registro de asistencia al d\u00eda. Es una soluci\u00f3n para cualquier tama\u00f1o de negocio y ambiente, ya que es resistente a la corrosi\u00f3n y oxidaci\u00f3n. Caracter\u00edsticas de reloj Acroprint 150: \u00b7\u00a0\u00a0\u00a0\u00a0\u00a0\u00a0\u00a0\u00a0 Reloj checador electromec\u00e1nico. \u00b7\u00a0\u00a0\u00a0\u00a0\u00a0\u00a0\u00a0\u00a0 Para controlar costos, entradas, salidas y[&#8230;]<\/p>\n","protected":false},"featured_media":4456,"comment_status":"closed","ping_status":"closed","template":"","meta":[],"product_cat":[115],"product_tag":[],"class_list":["post-3379","product","type-product","status-publish","has-post-thumbnail","hentry","product_cat-relojes-checadores-acroprint","pa_marca-acroprint"],"_links":{"self":[{"href":"https:\/\/globalsystem.com.mx\/catalogo\/wp-json\/wp\/v2\/product\/3379","targetHints":{"allow":["GET"]}}],"collection":[{"href":"https:\/\/globalsystem.com.mx\/catalogo\/wp-json\/wp\/v2\/product"}],"about":[{"href":"https:\/\/globalsystem.com.mx\/catalogo\/wp-json\/wp\/v2\/types\/product"}],"replies":[{"embeddable":true,"href":"https:\/\/globalsystem.com.mx\/catalogo\/wp-json\/wp\/v2\/comments?post=3379"}],"version-history":[{"count":3,"href":"https:\/\/globalsystem.com.mx\/catalogo\/wp-json\/wp\/v2\/product\/3379\/revisions"}],"predecessor-version":[{"id":4458,"href":"https:\/\/globalsystem.com.mx\/catalogo\/wp-json\/wp\/v2\/product\/3379\/revisions\/4458"}],"wp:featuredmedia":[{"embeddable":true,"href":"https:\/\/globalsystem.com.mx\/catalogo\/wp-json\/wp\/v2\/media\/4456"}],"wp:attachment":[{"href":"https:\/\/globalsystem.com.mx\/catalogo\/wp-json\/wp\/v2\/media?parent=3379"}],"wp:term":[{"taxonomy":"product_cat","embeddable":true,"href":"https:\/\/globalsystem.com.mx\/catalogo\/wp-json\/wp\/v2\/product_cat?post=3379"},{"taxonomy":"product_tag","embeddable":true,"href":"https:\/\/globalsystem.com.mx\/catalogo\/wp-json\/wp\/v2\/product_tag?post=3379"}],"curies":[{"name":"wp","href":"https:\/\/api.w.org\/{rel}","templated":true}]}}