{"id":3359,"date":"2022-06-03T22:08:18","date_gmt":"2022-06-03T22:08:18","guid":{"rendered":"https:\/\/webs360apps.com\/ismafinal\/product\/gs5-saxxon-sax9608h-dvr-8-canales-full-d1-960h-ddns-salida-bnc-vga-hdmi-2-canales-ip-audio-funcion-canal-0-p2p-nube\/"},"modified":"2022-06-16T02:21:28","modified_gmt":"2022-06-16T02:21:28","slug":"gs5-saxxon-sax9608h-dvr-8-canales-full-d1-960h-ddns-salida-bnc-vga-hdmi-2-canales-ip-audio-funcion-canal-0-p2p-nube","status":"publish","type":"product","link":"https:\/\/globalsystem.com.mx\/catalogo\/gs5-saxxon-sax9608h-dvr-8-canales-full-d1-960h-ddns-salida-bnc-vga-hdmi-2-canales-ip-audio-funcion-canal-0-p2p-nube","title":{"rendered":"SAXXON SAX9608H &#8211; DVR 8 CANALES\/ FULL D1 960H\/ DDNS\/ SALIDA BNC\/VGA\/HDMI\/ 2 CANALES IP\/ AUDIO\/ FUNCION CANAL 0\/ P2P NUBE"},"content":{"rendered":"<p class=\"MsoNormal\"><span style=\"font-size: 10pt; line-height: 107%; font-family: Verdana, sans-serif; color: black; background-image: initial; background-attachment: initial; background-size: initial; background-origin: initial; background-clip: initial; background-position: initial; background-repeat: initial;\">El\u00a0SAX9608H\u00a0cuenta con sistema 960H\u00a0en sus 8\u00a0canales de video, lo que significa m\u00e1xima calidad de grabaci\u00f3n en tiempo real, los DVR\u00b4s Convencionales soportan resoluci\u00f3n \u00a0CIF (352&#215;288 a 30 FPS) en tiempo real pero con la desventaja de tener menor resoluci\u00f3n y peor calidad de imagen, existen algunos sistemas que logran grabar en D1 pero solo soportan 7 FPS por lo cual no se considera tiempo real, Los equipos que soportan resoluci\u00f3n FULL D1 Suelen ser de costos muy elevados sin embargo esta nueva generaci\u00f3n de DVR\u00b4s son de Alta Calidad con un costo Efectivo.<\/span><\/p>\n<p class=\"MsoNormal\">\n<p class=\"MsoNormal\" style=\"line-height: normal; background-image: initial; background-attachment: initial; background-size: initial; background-origin: initial; background-clip: initial; background-position: initial; background-repeat: initial;\"><span style=\"font-size: 10.0pt; font-family: 'Verdana',sans-serif; mso-fareast-font-family: 'Times New Roman'; mso-bidi-font-family: Arial; color: black; mso-fareast-language: ES-MX;\">Principales Caracter\u00edsticas:<\/span><\/p>\n<ul type=\"disc\">\n<li class=\"MsoNormal\" style=\"color: black; line-height: normal; background-image: initial; background-attachment: initial; background-size: initial; background-origin: initial; background-clip: initial; background-position: initial; background-repeat: initial;\"><span style=\"font-size: 10.0pt; font-family: 'Verdana',sans-serif; mso-fareast-font-family: 'Times New Roman'; mso-bidi-font-family: Arial; mso-fareast-language: ES-MX;\">Hasta 8 c\u00e1maras con vista previa en tiempo real de 1080p\u00a0<\/span><\/li>\n<li class=\"MsoNormal\" style=\"color: black; line-height: normal; background-image: initial; background-attachment: initial; background-size: initial; background-origin: initial; background-clip: initial; background-position: initial; background-repeat: initial;\"><span style=\"font-size: 10.0pt; font-family: 'Verdana',sans-serif; mso-fareast-font-family: 'Times New Roman'; mso-bidi-font-family: Arial; mso-fareast-language: ES-MX;\">H.264 dual-stream de compresi\u00f3n de v\u00eddeo\u00a0<\/span><\/li>\n<li class=\"MsoNormal\" style=\"color: black; line-height: normal; background-image: initial; background-attachment: initial; background-size: initial; background-origin: initial; background-clip: initial; background-position: initial; background-repeat: initial;\"><span style=\"font-size: 10.0pt; font-family: 'Verdana',sans-serif; mso-fareast-font-family: 'Times New Roman'; mso-bidi-font-family: Arial; mso-fareast-language: ES-MX;\">Grabaci\u00f3n en tiempo real 960H<\/span><\/li>\n<li class=\"MsoNormal\" style=\"color: black; line-height: normal; background-image: initial; background-attachment: initial; background-size: initial; background-origin: initial; background-clip: initial; background-position: initial; background-repeat: initial;\"><span style=\"font-size: 10.0pt; font-family: 'Verdana',sans-serif; mso-fareast-font-family: 'Times New Roman'; mso-bidi-font-family: Arial; mso-fareast-language: ES-MX;\">Salida de v\u00eddeo simult\u00e1nea\u00a0HDMI \/ VGA \/ TV\u00a0<\/span><\/li>\n<li class=\"MsoNormal\" style=\"color: black; line-height: normal; background-image: initial; background-attachment: initial; background-size: initial; background-origin: initial; background-clip: initial; background-position: initial; background-repeat: initial;\"><span style=\"font-size: 10.0pt; font-family: 'Verdana',sans-serif; mso-fareast-font-family: 'Times New Roman'; mso-bidi-font-family: Arial; mso-fareast-language: ES-MX;\">Interfaz GRID y B\u00fasqueda inteligente\u00a0<\/span><\/li>\n<li class=\"MsoNormal\" style=\"color: black; line-height: normal; background-image: initial; background-attachment: initial; background-size: initial; background-origin: initial; background-clip: initial; background-position: initial; background-repeat: initial;\"><span style=\"font-size: 10.0pt; font-family: 'Verdana',sans-serif; mso-fareast-font-family: 'Times New Roman'; mso-bidi-font-family: Arial; mso-fareast-language: ES-MX;\">Soporte 1 SATA HDD hasta 4TB, 2 USB2.0\u00a0<\/span><\/li>\n<li class=\"MsoNormal\" style=\"color: black; line-height: normal; background-image: initial; background-attachment: initial; background-size: initial; background-origin: initial; background-clip: initial; background-position: initial; background-repeat: initial;\"><span style=\"font-size: 10.0pt; font-family: 'Verdana',sans-serif; mso-fareast-font-family: 'Times New Roman'; mso-bidi-font-family: Arial; mso-fareast-language: ES-MX;\">Supervisi\u00f3n de red m\u00faltiple: visor Web, CMS (DSS \/ PSS) y DMSS<\/span><\/li>\n<\/ul>\n<p class=\"MsoNormal\" style=\"line-height: normal; background-image: initial; background-attachment: initial; background-size: initial; background-origin: initial; background-clip: initial; background-position: initial; background-repeat: initial;\">\n<p class=\"MsoNormal\" style=\"margin-bottom: 7.5pt; line-height: 13.5pt; background-image: initial; background-attachment: initial; background-size: initial; background-origin: initial; background-clip: initial; background-position: initial; background-repeat: initial;\"><strong><span style=\"font-size: 10pt; font-family: Verdana, sans-serif;\">Precios expresados en d\u00f3lares americanos pagaderos al tipo de cambio del d\u00eda de la compra y facturaci\u00f3n.<\/span><\/strong><\/p>\n<p class=\"MsoNormal\" style=\"margin-bottom: 7.5pt; line-height: 13.5pt; background-image: initial; background-attachment: initial; background-size: initial; background-origin: initial; background-clip: initial; background-position: initial; background-repeat: initial;\"><span style=\"font-size: 10pt; font-family: Verdana, sans-serif;\">Pago: Anticipado v\u00eda transferencia \u00f3 dep\u00f3sito bancario.<\/span><\/p>\n<p class=\"MsoNormal\" style=\"margin-bottom: 7.5pt; line-height: 13.5pt; background-image: initial; background-attachment: initial; background-size: initial; background-origin: initial; background-clip: initial; background-position: initial; background-repeat: initial;\"><span style=\"font-size: 10pt; font-family: Verdana, sans-serif;\">Tiempo de entrega: Inmediata o dependiendo existencias.<\/span><\/p>\n<p class=\"MsoNormal\" style=\"margin-bottom: 7.5pt; line-height: 13.5pt; background-image: initial; background-attachment: initial; background-size: initial; background-origin: initial; background-clip: initial; background-position: initial; background-repeat: initial;\"><span style=\"font-size: 10pt; font-family: Verdana, sans-serif;\">Garant\u00eda de: 1 a\u00f1o por defectos de fabricaci\u00f3n.<\/span><\/p>\n<p class=\"MsoNormal\" style=\"margin-bottom: 7.5pt; line-height: 13.5pt; background-image: initial; background-attachment: initial; background-size: initial; background-origin: initial; background-clip: initial; background-position: initial; background-repeat: initial;\"><span style=\"font-size: 10pt; font-family: Verdana, sans-serif;\">No incluye instalaci\u00f3n, canalizaci\u00f3n, ni obra civil, en caso de requerir por favor contacte al depto. de ventas.<\/span><\/p>\n<p class=\"MsoNormal\" style=\"margin-bottom: 7.5pt; line-height: 13.5pt; background-image: initial; background-attachment: initial; background-size: initial; background-origin: initial; background-clip: initial; background-position: initial; background-repeat: initial;\"><span style=\"font-size: 10pt; font-family: Verdana, sans-serif;\">Para consultar existencias, precios sobre la transportaci\u00f3n y\/o\u00a0 los vi\u00e1ticos,\u00a0por favor contacte con nosotros.<\/span><\/p>\n<p class=\"MsoNormal\" style=\"margin-bottom: 7.5pt; line-height: 13.5pt; background-image: initial; background-attachment: initial; background-size: initial; background-origin: initial; background-clip: initial; background-position: initial; background-repeat: initial;\"><span style=\"font-size: 10pt; font-family: Verdana, sans-serif;\">Precios sujetos a cambio sin previo aviso.<\/span><\/p>\n<p class=\"MsoNormal\" style=\"margin-bottom: 7.5pt; line-height: 13.5pt; background-image: initial; background-attachment: initial; background-size: initial; background-origin: initial; background-clip: initial; background-position: initial; background-repeat: initial;\"><span style=\"font-size: 10pt; font-family: Verdana, sans-serif;\">Cualquier duda adicional, consulte a su ejecutivo de ventas.<\/span><\/p>\n","protected":false},"excerpt":{"rendered":"<p>El\u00a0SAX9608H\u00a0cuenta con sistema 960H\u00a0en sus 8\u00a0canales de video, lo que significa m\u00e1xima calidad de grabaci\u00f3n en tiempo real, los DVR\u00b4s Convencionales soportan resoluci\u00f3n \u00a0CIF (352&#215;288 a 30 FPS) en tiempo real pero con la desventaja de tener menor resoluci\u00f3n y peor calidad de imagen, existen algunos sistemas que logran grabar en D1 pero solo soportan[&#8230;]<\/p>\n","protected":false},"featured_media":4722,"comment_status":"closed","ping_status":"closed","template":"","meta":[],"product_cat":[25],"product_tag":[],"class_list":["post-3359","product","type-product","status-publish","has-post-thumbnail","hentry","product_cat-video-grabadores","pa_marca-dahua"],"_links":{"self":[{"href":"https:\/\/globalsystem.com.mx\/catalogo\/wp-json\/wp\/v2\/product\/3359","targetHints":{"allow":["GET"]}}],"collection":[{"href":"https:\/\/globalsystem.com.mx\/catalogo\/wp-json\/wp\/v2\/product"}],"about":[{"href":"https:\/\/globalsystem.com.mx\/catalogo\/wp-json\/wp\/v2\/types\/product"}],"replies":[{"embeddable":true,"href":"https:\/\/globalsystem.com.mx\/catalogo\/wp-json\/wp\/v2\/comments?post=3359"}],"version-history":[{"count":3,"href":"https:\/\/globalsystem.com.mx\/catalogo\/wp-json\/wp\/v2\/product\/3359\/revisions"}],"predecessor-version":[{"id":4724,"href":"https:\/\/globalsystem.com.mx\/catalogo\/wp-json\/wp\/v2\/product\/3359\/revisions\/4724"}],"wp:featuredmedia":[{"embeddable":true,"href":"https:\/\/globalsystem.com.mx\/catalogo\/wp-json\/wp\/v2\/media\/4722"}],"wp:attachment":[{"href":"https:\/\/globalsystem.com.mx\/catalogo\/wp-json\/wp\/v2\/media?parent=3359"}],"wp:term":[{"taxonomy":"product_cat","embeddable":true,"href":"https:\/\/globalsystem.com.mx\/catalogo\/wp-json\/wp\/v2\/product_cat?post=3359"},{"taxonomy":"product_tag","embeddable":true,"href":"https:\/\/globalsystem.com.mx\/catalogo\/wp-json\/wp\/v2\/product_tag?post=3359"}],"curies":[{"name":"wp","href":"https:\/\/api.w.org\/{rel}","templated":true}]}}