{"id":3353,"date":"2022-06-03T22:08:18","date_gmt":"2022-06-03T22:08:18","guid":{"rendered":"https:\/\/webs360apps.com\/ismafinal\/product\/gs8-dahua-dvr7816su-dvr-hibrido-32-canales-de-video-y-audio-16-canales-ip-16-canales-analogicos-960h-2-hdmi-vga-bnc\/"},"modified":"2022-06-16T02:12:26","modified_gmt":"2022-06-16T02:12:26","slug":"gs8-dahua-dvr7816su-dvr-hibrido-32-canales-de-video-y-audio-16-canales-ip-16-canales-analogicos-960h-2-hdmi-vga-bnc","status":"publish","type":"product","link":"https:\/\/globalsystem.com.mx\/catalogo\/gs8-dahua-dvr7816su-dvr-hibrido-32-canales-de-video-y-audio-16-canales-ip-16-canales-analogicos-960h-2-hdmi-vga-bnc","title":{"rendered":"DAHUA DVR7816SU- DVR HIBRIDO 32 CANALES DE VIDEO Y AUDIO\/ 16 CANALES IP\/ 16 CANALES ANAL\u00d3GICOS 960H\/ 2 HDMI\/ VGA\/ BNC"},"content":{"rendered":"<p class=\"MsoNormal\" style=\"margin-bottom: .0001pt;\"><span style=\"font-size: 10pt; line-height: 107%; font-family: Verdana, sans-serif; color: black; background-image: initial; background-attachment: initial; background-size: initial; background-origin: initial; background-clip: initial; background-position: initial; background-repeat: initial;\">El<strong>DVR7816SU<\/strong>es un grabador hibrido que permite conectar c\u00e1maras anal\u00f3gicas como c\u00e1maras IP. Est\u00e1 dise\u00f1ado para satisfacer las necesidades de video vigilancia digital, El cual ofrece migrar a un sistema IP sin deshacerse de su sistema CCTV Anal\u00f3gico \u00f3 tener los 2 tipos de tecnolog\u00eda sistema anal\u00f3gico para \u00e1reas no cr\u00edticas y el sistema IP en \u00e1reas cr\u00edticas de video vigilancia.<\/span><\/p>\n<p style=\"margin: 0cm 0cm 0.0001pt; background-image: initial; background-attachment: initial; background-size: initial; background-origin: initial; background-clip: initial; background-position: initial; background-repeat: initial;\">\n<p style=\"margin: 0cm 0cm 0.0001pt; background-image: initial; background-attachment: initial; background-size: initial; background-origin: initial; background-clip: initial; background-position: initial; background-repeat: initial;\"><span style=\"font-size: 10.0pt; font-family: 'Verdana',sans-serif; mso-bidi-font-family: Arial; color: black;\">El<strong>DVR7808SU<\/strong><span class=\"apple-converted-space\"><strong>\u00a0<\/strong><\/span>soporta hasta<strong>16 canales IP a 1080P@30FPS<\/strong><span class=\"apple-converted-space\"><strong>\u00a0<\/strong><\/span>y<strong>\u00a016 canales anal\u00f3gicos<\/strong>\u00a0de Video con resoluci\u00f3n en<strong>960H (960&#215;480)<\/strong>, lo que nos permite tener hasta\u00a0<strong>32 canales de video<\/strong>.<\/span><\/p>\n<p style=\"margin-bottom: 0.0001pt; background-image: initial; background-attachment: initial; background-size: initial; background-origin: initial; background-clip: initial; background-position: initial; background-repeat: initial;\"><strong><span style=\"font-size: 10.0pt; font-family: 'Verdana',sans-serif; mso-bidi-font-family: Arial; color: black;\">PUSH ALARM<\/span><\/strong><\/p>\n<p style=\"margin-bottom: 0.0001pt; background-image: initial; background-attachment: initial; background-size: initial; background-origin: initial; background-clip: initial; background-position: initial; background-repeat: initial;\"><span style=\"font-size: 10.0pt; font-family: 'Verdana',sans-serif; mso-bidi-font-family: Arial; color: black;\">El<strong>DVR7816SU<\/strong>cuenta con 16 entradas de alarma y 6 salidas de relay la cuales se pueden integrar al sistema de video vigilancia del DVR, esto significa que se pueden conectar sensores al DVR y este notificar al celular la activaci\u00f3n de estos sensores y en caso activar desde el mismo celular una alarma que se encuentre conectado al DVR (sirena, estrobos, apertura de puerta, etc.)<\/span><\/p>\n<p style=\"margin-bottom: 0.0001pt; background-image: initial; background-attachment: initial; background-size: initial; background-origin: initial; background-clip: initial; background-position: initial; background-repeat: initial;\"><span style=\"font-size: 10pt; font-family: Verdana, sans-serif; color: black; background-image: initial; background-attachment: initial; background-size: initial; background-origin: initial; background-clip: initial; background-position: initial; background-repeat: initial;\">El<strong>DVR7808SU<\/strong><span class=\"apple-converted-space\"><strong>\u00a0<\/strong><\/span>soporta hasta<strong>16 canales IP a 1080P@30FPS<\/strong><span class=\"apple-converted-space\"><strong>\u00a0<\/strong><\/span>y<strong>\u00a016 canales anal\u00f3gicos<\/strong>\u00a0de Video con resoluci\u00f3n en<strong>960H (960&#215;480)<\/strong>, lo que nos permite tener hasta\u00a0<strong>32 canales de video<\/strong>.<\/span><\/p>\n<p style=\"margin-bottom: 0.0001pt; background-image: initial; background-attachment: initial; background-size: initial; background-origin: initial; background-clip: initial; background-position: initial; background-repeat: initial;\"><strong><span style=\"font-size: 10.0pt; font-family: 'Verdana',sans-serif; mso-bidi-font-family: Arial; color: black;\">DOMINIO PROPIO DAHUA DDNS<\/span><\/strong><\/p>\n<p style=\"margin-bottom: 0.0001pt; background-image: initial; background-attachment: initial; background-size: initial; background-origin: initial; background-clip: initial; background-position: initial; background-repeat: initial;\"><span style=\"font-size: 10.0pt; font-family: 'Verdana',sans-serif; mso-bidi-font-family: Arial; color: black;\">El<strong>DVR7816SU<\/strong><span class=\"apple-converted-space\"><strong>\u00a0<\/strong><\/span>tiene la opci\u00f3n de conectarse a un servidor de DDNS propio de la marca DAHUA con el fin de conectarse a su DVR v\u00eda internet sin necesidad de rentar servicio de DDNS.<br \/>\n<\/span><span style=\"font-size: 10.0pt; font-family: 'Verdana',sans-serif;\"><a href=\"http:\/\/www.dahuaddns.com\/\" target=\"_blank\" rel=\"noopener\"><span style=\"color: #0076be; border: 1pt none windowtext; padding: 0cm;\">www.dahuaddns.com<\/span><\/a><\/span><\/p>\n<p style=\"margin-bottom: 0.0001pt; background-image: initial; background-attachment: initial; background-size: initial; background-origin: initial; background-clip: initial; background-position: initial; background-repeat: initial;\"><strong><span style=\"font-size: 10.0pt; font-family: 'Verdana',sans-serif; mso-bidi-font-family: Arial; color: black;\">ONVIF 2.0 CONFORMANCE<\/span><\/strong><\/p>\n<p style=\"margin-bottom: 0.0001pt; background-image: initial; background-attachment: initial; background-size: initial; background-origin: initial; background-clip: initial; background-position: initial; background-repeat: initial;\"><span style=\"font-size: 10.0pt; font-family: 'Verdana',sans-serif; mso-bidi-font-family: Arial; color: black;\">El<strong>DVR7816SU<\/strong>cuenta con ONVIF 2.0 Conformance el cual est\u00e1 basado en sistemas de Video, streaming, configuraci\u00f3n de video, entre otras caracter\u00edsticas. La marca DAHUA como l\u00edder de la industria es un miembro completo de ONVIF junto con otras Marcas, existen diferentes niveles de miembros de ONVIF observador, usuario, contribuidor y el m\u00e1ximo nivel que es miembro completo de ONVIF que es el caso de DAHUA.<\/span><\/p>\n<p class=\"MsoNormal\" style=\"margin-bottom: 0.0001pt; line-height: normal; background-image: initial; background-attachment: initial; background-size: initial; background-origin: initial; background-clip: initial; background-position: initial; background-repeat: initial;\"><strong><span style=\"font-size: 10.0pt; font-family: 'Verdana',sans-serif; mso-fareast-font-family: 'Times New Roman'; mso-bidi-font-family: Arial; color: black; mso-fareast-language: ES-MX;\">Principales Caracter\u00edsticas:<\/span><\/strong><\/p>\n<ul type=\"disc\">\n<li class=\"MsoNormal\" style=\"color: black; margin-bottom: 0.0001pt; line-height: normal; background-image: initial; background-attachment: initial; background-size: initial; background-origin: initial; background-clip: initial; background-position: initial; background-repeat: initial;\"><span style=\"font-size: 10.0pt; font-family: 'Verdana',sans-serif; mso-fareast-font-family: 'Times New Roman'; mso-bidi-font-family: Arial; mso-fareast-language: ES-MX;\">Reproduce 16 canales de Video IP 1080P (1920&#215;1080), 16 Canales Anal\u00f3gicos 960H (960&#215;480).<\/span><\/li>\n<li class=\"MsoNormal\" style=\"color: black; margin-bottom: 0.0001pt; line-height: normal; background-image: initial; background-attachment: initial; background-size: initial; background-origin: initial; background-clip: initial; background-position: initial; background-repeat: initial;\"><span style=\"font-size: 10.0pt; font-family: 'Verdana',sans-serif; mso-fareast-font-family: 'Times New Roman'; mso-bidi-font-family: Arial; mso-fareast-language: ES-MX;\">CPU Dual-Core ofrece una potente vista previa, grabaci\u00f3n, reproducci\u00f3n y rendimiento de la red.<\/span><\/li>\n<li class=\"MsoNormal\" style=\"color: black; margin-bottom: 0.0001pt; line-height: normal; background-image: initial; background-attachment: initial; background-size: initial; background-origin: initial; background-clip: initial; background-position: initial; background-repeat: initial;\"><span style=\"font-size: 10.0pt; font-family: 'Verdana',sans-serif; mso-fareast-font-family: 'Times New Roman'; mso-bidi-font-family: Arial; mso-fareast-language: ES-MX;\">Formato H.264\/MPEG-4 dual c\u00f3dec.<\/span><\/li>\n<li class=\"MsoNormal\" style=\"color: black; margin-bottom: 0.0001pt; line-height: normal; background-image: initial; background-attachment: initial; background-size: initial; background-origin: initial; background-clip: initial; background-position: initial; background-repeat: initial;\"><span style=\"font-size: 10.0pt; font-family: 'Verdana',sans-serif; mso-fareast-font-family: 'Times New Roman'; mso-bidi-font-family: Arial; mso-fareast-language: ES-MX;\">Salida de Video 2 HDMI, VGA y BNC Simult\u00e1neos.<\/span><\/li>\n<li class=\"MsoNormal\" style=\"color: black; margin-bottom: 0.0001pt; line-height: normal; background-image: initial; background-attachment: initial; background-size: initial; background-origin: initial; background-clip: initial; background-position: initial; background-repeat: initial;\"><span style=\"font-size: 10.0pt; font-family: 'Verdana',sans-serif; mso-fareast-font-family: 'Times New Roman'; mso-bidi-font-family: Arial; mso-fareast-language: ES-MX;\">Audio Bidireccional.<\/span><\/li>\n<li class=\"MsoNormal\" style=\"color: black; margin-bottom: 0.0001pt; line-height: normal; background-image: initial; background-attachment: initial; background-size: initial; background-origin: initial; background-clip: initial; background-position: initial; background-repeat: initial;\"><span style=\"font-size: 10.0pt; font-family: 'Verdana',sans-serif; mso-fareast-font-family: 'Times New Roman'; mso-bidi-font-family: Arial; mso-fareast-language: ES-MX;\">16 Entradas de Alarma y 6 Salida Relay<\/span><\/li>\n<li class=\"MsoNormal\" style=\"color: black; margin-bottom: 0.0001pt; line-height: normal; background-image: initial; background-attachment: initial; background-size: initial; background-origin: initial; background-clip: initial; background-position: initial; background-repeat: initial;\"><span style=\"font-size: 10.0pt; font-family: 'Verdana',sans-serif; mso-fareast-font-family: 'Times New Roman'; mso-bidi-font-family: Arial; mso-fareast-language: ES-MX;\">B\u00fasqueda Inteligente.\u00a0<\/span><\/li>\n<li class=\"MsoNormal\" style=\"color: black; margin-bottom: 0.0001pt; line-height: normal; background-image: initial; background-attachment: initial; background-size: initial; background-origin: initial; background-clip: initial; background-position: initial; background-repeat: initial;\"><span style=\"font-size: 10.0pt; font-family: 'Verdana',sans-serif; color: windowtext;\"><a href=\"http:\/\/www.dahuasecurity.com\/spartner.html\" target=\"_blank\" rel=\"noopener\"><span style=\"color: #0076be; border: 1pt none windowtext; padding: 0cm;\">Compatibilidad:<\/span><\/a><\/span><span style=\"font-size: 10.0pt; font-family: 'Verdana',sans-serif; mso-fareast-font-family: 'Times New Roman'; mso-bidi-font-family: Arial; mso-fareast-language: ES-MX;\">\u00a0Dahua, Arecont Vision, AXIS, Canon, Dynacolor, Panasonic, SAMSUNG, SANYO, SONY.<\/span><\/li>\n<li class=\"MsoNormal\" style=\"color: black; margin-bottom: 0.0001pt; line-height: normal; background-image: initial; background-attachment: initial; background-size: initial; background-origin: initial; background-clip: initial; background-position: initial; background-repeat: initial;\"><span style=\"font-size: 10.0pt; font-family: 'Verdana',sans-serif; mso-fareast-font-family: 'Times New Roman'; mso-bidi-font-family: Arial; mso-fareast-language: ES-MX;\">ONVIF Versi\u00f3n 2.0 Conformance.<\/span><\/li>\n<li class=\"MsoNormal\" style=\"color: black; margin-bottom: 0.0001pt; line-height: normal; background-image: initial; background-attachment: initial; background-size: initial; background-origin: initial; background-clip: initial; background-position: initial; background-repeat: initial;\"><span style=\"font-size: 10.0pt; font-family: 'Verdana',sans-serif; mso-fareast-font-family: 'Times New Roman'; mso-bidi-font-family: Arial; mso-fareast-language: ES-MX;\">Funci\u00f3n de b\u00fasqueda de IP para descubrir autom\u00e1ticamente las c\u00e1maras de red.<\/span><\/li>\n<li class=\"MsoNormal\" style=\"color: black; margin-bottom: 0.0001pt; line-height: normal; background-image: initial; background-attachment: initial; background-size: initial; background-origin: initial; background-clip: initial; background-position: initial; background-repeat: initial;\"><span style=\"font-size: 10.0pt; font-family: 'Verdana',sans-serif; mso-fareast-font-family: 'Times New Roman'; mso-bidi-font-family: Arial; mso-fareast-language: ES-MX;\">Soporta 8 interfaz SATA hasta 32TB (No Incluidos).<\/span><\/li>\n<li class=\"MsoNormal\" style=\"color: black; margin-bottom: 0.0001pt; line-height: normal; background-image: initial; background-attachment: initial; background-size: initial; background-origin: initial; background-clip: initial; background-position: initial; background-repeat: initial;\"><span style=\"font-size: 10.0pt; font-family: 'Verdana',sans-serif; mso-fareast-font-family: 'Times New Roman'; mso-bidi-font-family: Arial; mso-fareast-language: ES-MX;\">Puerto E-SATA (m\u00e1ximo 4 HDD mediante arreglo de discos) 16TB (no Incluidos).<\/span><\/li>\n<li class=\"MsoNormal\" style=\"color: black; margin-bottom: 0.0001pt; line-height: normal; background-image: initial; background-attachment: initial; background-size: initial; background-origin: initial; background-clip: initial; background-position: initial; background-repeat: initial;\"><span style=\"font-size: 10.0pt; font-family: 'Verdana',sans-serif; mso-fareast-font-family: 'Times New Roman'; mso-bidi-font-family: Arial; mso-fareast-language: ES-MX;\">4 puertos USB 2.0.<\/span><\/li>\n<li class=\"MsoNormal\" style=\"color: black; margin-bottom: 0.0001pt; line-height: normal; background-image: initial; background-attachment: initial; background-size: initial; background-origin: initial; background-clip: initial; background-position: initial; background-repeat: initial;\"><span style=\"font-size: 10.0pt; font-family: 'Verdana',sans-serif; mso-fareast-font-family: 'Times New Roman'; mso-bidi-font-family: Arial; mso-fareast-language: ES-MX;\">Incluye Servidor Web, CMS (PSS Smart) y DMSS (iPhone, iPad, Android, Windows Phone).<\/span><\/li>\n<li class=\"MsoNormal\" style=\"color: black; margin-bottom: 0.0001pt; line-height: normal; background-image: initial; background-attachment: initial; background-size: initial; background-origin: initial; background-clip: initial; background-position: initial; background-repeat: initial;\"><span style=\"font-family: Verdana, sans-serif; font-size: 10pt; line-height: 107%;\">2 puertos Ethernet RJ45 (100M\/1000M).<\/span><\/li>\n<\/ul>\n<p class=\"MsoNormal\" style=\"margin-bottom: 7.5pt; line-height: 13.5pt; background-image: initial; background-attachment: initial; background-size: initial; background-origin: initial; background-clip: initial; background-position: initial; background-repeat: initial;\"><strong><span style=\"font-size: 10pt; font-family: Verdana, sans-serif;\">Precios expresados en d\u00f3lares americanos pagaderos al tipo de cambio del d\u00eda de la compra y facturaci\u00f3n.<\/span><\/strong><\/p>\n<p class=\"MsoNormal\" style=\"margin-bottom: 7.5pt; line-height: 13.5pt; background-image: initial; background-attachment: initial; background-size: initial; background-origin: initial; background-clip: initial; background-position: initial; background-repeat: initial;\"><span style=\"font-size: 10pt; font-family: Verdana, sans-serif;\">Pago: Anticipado v\u00eda transferencia \u00f3 dep\u00f3sito bancario.<\/span><\/p>\n<p class=\"MsoNormal\" style=\"margin-bottom: 7.5pt; line-height: 13.5pt; background-image: initial; background-attachment: initial; background-size: initial; background-origin: initial; background-clip: initial; background-position: initial; background-repeat: initial;\"><span style=\"font-size: 10pt; font-family: Verdana, sans-serif;\">Tiempo de entrega: Inmediata o dependiendo existencias.<\/span><\/p>\n<p class=\"MsoNormal\" style=\"margin-bottom: 7.5pt; line-height: 13.5pt; background-image: initial; background-attachment: initial; background-size: initial; background-origin: initial; background-clip: initial; background-position: initial; background-repeat: initial;\"><span style=\"font-size: 10pt; font-family: Verdana, sans-serif;\">Garant\u00eda de: 1 a\u00f1o por defectos de fabricaci\u00f3n.<\/span><\/p>\n<p class=\"MsoNormal\" style=\"margin-bottom: 7.5pt; line-height: 13.5pt; background-image: initial; background-attachment: initial; background-size: initial; background-origin: initial; background-clip: initial; background-position: initial; background-repeat: initial;\"><span style=\"font-size: 10pt; font-family: Verdana, sans-serif;\">No incluye instalaci\u00f3n, canalizaci\u00f3n, ni obra civil, en caso de requerir por favor contacte al depto. de ventas.<\/span><\/p>\n<p class=\"MsoNormal\" style=\"margin-bottom: 7.5pt; line-height: 13.5pt; background-image: initial; background-attachment: initial; background-size: initial; background-origin: initial; background-clip: initial; background-position: initial; background-repeat: initial;\"><span style=\"font-size: 10pt; font-family: Verdana, sans-serif;\">Para consultar existencias, precios sobre la transportaci\u00f3n y\/o\u00a0 los vi\u00e1ticos,\u00a0por favor contacte con nosotros.<\/span><\/p>\n<p class=\"MsoNormal\">\n","protected":false},"excerpt":{"rendered":"<p>ElDVR7816SUes un grabador hibrido que permite conectar c\u00e1maras anal\u00f3gicas como c\u00e1maras IP. Est\u00e1 dise\u00f1ado para satisfacer las necesidades de video vigilancia digital, El cual ofrece migrar a un sistema IP sin deshacerse de su sistema CCTV Anal\u00f3gico \u00f3 tener los 2 tipos de tecnolog\u00eda sistema anal\u00f3gico para \u00e1reas no cr\u00edticas y el sistema IP en[&#8230;]<\/p>\n","protected":false},"featured_media":4713,"comment_status":"closed","ping_status":"closed","template":"","meta":[],"product_cat":[25],"product_tag":[],"class_list":["post-3353","product","type-product","status-publish","has-post-thumbnail","hentry","product_cat-video-grabadores","pa_marca-dahua"],"_links":{"self":[{"href":"https:\/\/globalsystem.com.mx\/catalogo\/wp-json\/wp\/v2\/product\/3353","targetHints":{"allow":["GET"]}}],"collection":[{"href":"https:\/\/globalsystem.com.mx\/catalogo\/wp-json\/wp\/v2\/product"}],"about":[{"href":"https:\/\/globalsystem.com.mx\/catalogo\/wp-json\/wp\/v2\/types\/product"}],"replies":[{"embeddable":true,"href":"https:\/\/globalsystem.com.mx\/catalogo\/wp-json\/wp\/v2\/comments?post=3353"}],"version-history":[{"count":3,"href":"https:\/\/globalsystem.com.mx\/catalogo\/wp-json\/wp\/v2\/product\/3353\/revisions"}],"predecessor-version":[{"id":4715,"href":"https:\/\/globalsystem.com.mx\/catalogo\/wp-json\/wp\/v2\/product\/3353\/revisions\/4715"}],"wp:featuredmedia":[{"embeddable":true,"href":"https:\/\/globalsystem.com.mx\/catalogo\/wp-json\/wp\/v2\/media\/4713"}],"wp:attachment":[{"href":"https:\/\/globalsystem.com.mx\/catalogo\/wp-json\/wp\/v2\/media?parent=3353"}],"wp:term":[{"taxonomy":"product_cat","embeddable":true,"href":"https:\/\/globalsystem.com.mx\/catalogo\/wp-json\/wp\/v2\/product_cat?post=3353"},{"taxonomy":"product_tag","embeddable":true,"href":"https:\/\/globalsystem.com.mx\/catalogo\/wp-json\/wp\/v2\/product_tag?post=3353"}],"curies":[{"name":"wp","href":"https:\/\/api.w.org\/{rel}","templated":true}]}}