{"id":3351,"date":"2022-06-03T22:08:18","date_gmt":"2022-06-03T22:08:18","guid":{"rendered":"https:\/\/webs360apps.com\/ismafinal\/product\/gs8-bosch-divar3000-dvr-16-canales-resolucion-960h-con-salida-hdmi\/"},"modified":"2022-06-16T02:00:04","modified_gmt":"2022-06-16T02:00:04","slug":"gs8-bosch-divar3000-dvr-16-canales-resolucion-960h-con-salida-hdmi","status":"publish","type":"product","link":"https:\/\/globalsystem.com.mx\/catalogo\/gs8-bosch-divar3000-dvr-16-canales-resolucion-960h-con-salida-hdmi","title":{"rendered":"BOSCH DIVAR3000 &#8211; DVR 16 CANALES RESOLUCI\u00d3N 960H CON SALIDA HDMI"},"content":{"rendered":"<p class=\"MsoNormal\" style=\"text-align: justify; line-height: normal; background-image: initial; background-attachment: initial; background-size: initial; background-origin: initial; background-clip: initial; background-position: initial; background-repeat: initial;\"><span style=\"font-size: 10.0pt; font-family: 'Verdana',sans-serif; mso-fareast-font-family: 'Times New Roman'; mso-bidi-font-family: Arial; color: black; mso-fareast-language: ES-MX;\">DIVAR 3000 es una serie de grabadores digitales de 4, 8 o 16 canales que utiliza la \u00faltima tecnolog\u00eda de v\u00eddeo 960H de alta resoluci\u00f3n, adem\u00e1s de modernas t\u00e9cnicas de compresi\u00f3n. Estas avanzadas tecnolog\u00edas, junto con una transmisi\u00f3n de datos de red eficiente, ofrecen alta seguridad y fiabilidad, necesarias para los modernos sistemas de vigilancia.<\/span><\/p>\n<p><strong>Grabaci\u00f3n<\/strong><br \/>\nDIVAR es muy f\u00e1cil de usar. Basta con conectar las c\u00e1maras, encenderlas y dejar que la unidad grabe autom\u00e1ticamente, no es necesario hacer nada m\u00e1s. La funci\u00f3n de compresi\u00f3n H. 264 reduce considerablemente el tama\u00f1o del archivo de grabaci\u00f3n<br \/>\nsin que la calidad de imagen se vea afectada. DIVAR puede grabar hasta 25 (PAL) \/ 30 (NTSC) im\u00e1genes por segundo en cada canal con resoluci\u00f3n 960H.<\/p>\n<p><strong>Control de domos<\/strong><br \/>\nDIVAR puede controlar el sistema giro\/inclinaci\u00f3n\/ zoom (PTZ) a trav\u00e9s del puerto serie RS\u2011485\/RS-232. Compatible con dispositivos PTZ, como el AUTODOME de Bosch y una gran variedad de domos de otros fabricantes.<\/p>\n<p class=\"MsoNormal\" style=\"line-height: normal; background-image: initial; background-attachment: initial; background-size: initial; background-origin: initial; background-clip: initial; background-position: initial; background-repeat: initial;\"><strong><span style=\"font-size: 10.0pt; font-family: 'Verdana',sans-serif; mso-fareast-font-family: 'Times New Roman'; mso-bidi-font-family: Arial; color: black; mso-fareast-language: ES-MX;\">Funciones Principales:<\/span><\/strong><\/p>\n<p class=\"MsoListParagraph\" style=\"text-indent: -18pt; line-height: normal; background-image: initial; background-attachment: initial; background-size: initial; background-origin: initial; background-clip: initial; background-position: initial; background-repeat: initial;\"><!-- [if !supportLists]--><span style=\"font-size: 10.0pt; font-family: Symbol; mso-fareast-font-family: Symbol; mso-bidi-font-family: Symbol; color: black; mso-fareast-language: ES-MX;\">\u00b7<span style=\"font-stretch: normal; font-size: 7pt; font-family: 'Times New Roman';\">\u00a0\u00a0\u00a0\u00a0\u00a0\u00a0\u00a0\u00a0 <\/span><\/span><!--[endif]--><span style=\"font-size: 10.0pt; font-family: 'Verdana',sans-serif; mso-fareast-font-family: 'Times New Roman'; mso-bidi-font-family: Arial; color: black; mso-fareast-language: ES-MX;\">Alta resoluci\u00f3n 960H RT en salida HDMI<\/span><\/p>\n<ul type=\"disc\">\n<li class=\"MsoNormal\" style=\"color: black; line-height: normal; background-image: initial; background-attachment: initial; background-size: initial; background-origin: initial; background-clip: initial; background-position: initial; background-repeat: initial;\"><span style=\"font-size: 10.0pt; font-family: 'Verdana',sans-serif; mso-fareast-font-family: 'Times New Roman'; mso-bidi-font-family: Arial; mso-fareast-language: ES-MX;\">Compatibilidad con dispositivos m\u00f3viles (iOS,Android)<\/span><\/li>\n<li class=\"MsoNormal\" style=\"color: black; line-height: normal; background-image: initial; background-attachment: initial; background-size: initial; background-origin: initial; background-clip: initial; background-position: initial; background-repeat: initial;\"><span style=\"font-size: 10.0pt; font-family: 'Verdana',sans-serif; mso-fareast-font-family: 'Times New Roman'; mso-bidi-font-family: Arial; mso-fareast-language: ES-MX;\">Notificaci\u00f3n de alarma remota<\/span><\/li>\n<li class=\"MsoNormal\" style=\"color: black; line-height: normal; background-image: initial; background-attachment: initial; background-size: initial; background-origin: initial; background-clip: initial; background-position: initial; background-repeat: initial;\"><span style=\"font-size: 10.0pt; font-family: 'Verdana',sans-serif; mso-fareast-font-family: 'Times New Roman'; mso-bidi-font-family: Arial; mso-fareast-language: ES-MX;\">Funciones de red para la visualizaci\u00f3n, reproducci\u00f3n y control remoto<\/span><\/li>\n<li class=\"MsoNormal\" style=\"color: black; line-height: normal; background-image: initial; background-attachment: initial; background-size: initial; background-origin: initial; background-clip: initial; background-position: initial; background-repeat: initial;\"><span style=\"font-family: Verdana, sans-serif; font-size: 10pt; line-height: 107%;\">Control, grabaci\u00f3n y reproducci\u00f3n simult\u00e1neos<\/span><\/li>\n<\/ul>\n<p>&nbsp;<\/p>\n<p class=\"MsoNoSpacing\"><span style=\"font-size: 10.0pt; font-family: 'Verdana',sans-serif;\">Almacenamiento Interno: Soporta 2 discos duros SATA + 1 disco duro o 1 DVD (R\/RW) <\/span><\/p>\n<p class=\"MsoNoSpacing\"><span style=\"font-size: 10.0pt; font-family: 'Verdana',sans-serif;\">Capacidad m\u00e1x. por disco duro: 3 TB<\/span><\/p>\n<p class=\"MsoNoSpacing\"><span style=\"font-size: 10.0pt; font-family: 'Verdana',sans-serif;\">Velocidad m\u00e1xima permitida por disco duro: 6 Gb\/s<\/span><\/p>\n<p>&nbsp;<\/p>\n<p class=\"MsoNoSpacing\"><span style=\"font-size: 10.0pt; font-family: 'Verdana',sans-serif;\">Nota: no incluye disco duro<\/span><\/p>\n<p class=\"MsoNormal\" style=\"margin-bottom: 7.5pt; line-height: 13.5pt; background-image: initial; background-attachment: initial; background-size: initial; background-origin: initial; background-clip: initial; background-position: initial; background-repeat: initial;\"><strong><span style=\"font-size: 10pt; font-family: Verdana, sans-serif;\">Precios expresados en d\u00f3lares americanos pagaderos al tipo de cambio del d\u00eda de la compra y facturaci\u00f3n.<\/span><\/strong><\/p>\n<p class=\"MsoNormal\" style=\"margin-bottom: 7.5pt; line-height: 13.5pt; background-image: initial; background-attachment: initial; background-size: initial; background-origin: initial; background-clip: initial; background-position: initial; background-repeat: initial;\"><span style=\"font-size: 10pt; font-family: Verdana, sans-serif;\">Pago: Anticipado v\u00eda transferencia \u00f3 dep\u00f3sito bancario.<\/span><\/p>\n<p class=\"MsoNormal\" style=\"margin-bottom: 7.5pt; line-height: 13.5pt; background-image: initial; background-attachment: initial; background-size: initial; background-origin: initial; background-clip: initial; background-position: initial; background-repeat: initial;\"><span style=\"font-size: 10pt; font-family: Verdana, sans-serif;\">Tiempo de entrega: Inmediata o dependiendo existencias.<\/span><\/p>\n<p class=\"MsoNormal\" style=\"margin-bottom: 7.5pt; line-height: 13.5pt; background-image: initial; background-attachment: initial; background-size: initial; background-origin: initial; background-clip: initial; background-position: initial; background-repeat: initial;\"><span style=\"font-size: 10pt; font-family: Verdana, sans-serif;\">Garant\u00eda de: 1 a\u00f1o por defectos de fabricaci\u00f3n.<\/span><\/p>\n<p class=\"MsoNormal\" style=\"margin-bottom: 7.5pt; line-height: 13.5pt; background-image: initial; background-attachment: initial; background-size: initial; background-origin: initial; background-clip: initial; background-position: initial; background-repeat: initial;\"><span style=\"font-size: 10pt; font-family: Verdana, sans-serif;\">No incluye instalaci\u00f3n, canalizaci\u00f3n, ni obra civil, en caso de requerir por favor contacte al depto. de ventas.<\/span><\/p>\n<p class=\"MsoNormal\" style=\"margin-bottom: 7.5pt; line-height: 13.5pt; background-image: initial; background-attachment: initial; background-size: initial; background-origin: initial; background-clip: initial; background-position: initial; background-repeat: initial;\"><span style=\"font-size: 10pt; font-family: Verdana, sans-serif;\">Para consultar existencias, precios sobre la transportaci\u00f3n y\/o\u00a0 los vi\u00e1ticos,\u00a0por favor contacte con nosotros.<\/span><\/p>\n<p class=\"MsoNormal\" style=\"margin-bottom: 7.5pt; line-height: 13.5pt; background-image: initial; background-attachment: initial; background-size: initial; background-origin: initial; background-clip: initial; background-position: initial; background-repeat: initial;\"><span style=\"font-size: 10pt; font-family: Verdana, sans-serif;\">Precios sujetos a cambio sin previo aviso.<\/span><\/p>\n<p class=\"MsoNoSpacing\"><span style=\"font-size: 10pt; line-height: 107%; font-family: Verdana, sans-serif;\">Cualquier duda adicional, consulte a su ejecutivo de ventas.<\/span><\/p>\n<p class=\"MsoNoSpacing\">\n","protected":false},"excerpt":{"rendered":"<p>DIVAR 3000 es una serie de grabadores digitales de 4, 8 o 16 canales que utiliza la \u00faltima tecnolog\u00eda de v\u00eddeo 960H de alta resoluci\u00f3n, adem\u00e1s de modernas t\u00e9cnicas de compresi\u00f3n. Estas avanzadas tecnolog\u00edas, junto con una transmisi\u00f3n de datos de red eficiente, ofrecen alta seguridad y fiabilidad, necesarias para los modernos sistemas de vigilancia.[&#8230;]<\/p>\n","protected":false},"featured_media":4690,"comment_status":"closed","ping_status":"closed","template":"","meta":[],"product_cat":[25],"product_tag":[],"class_list":["post-3351","product","type-product","status-publish","has-post-thumbnail","hentry","product_cat-video-grabadores","pa_marca-bosch"],"_links":{"self":[{"href":"https:\/\/globalsystem.com.mx\/catalogo\/wp-json\/wp\/v2\/product\/3351","targetHints":{"allow":["GET"]}}],"collection":[{"href":"https:\/\/globalsystem.com.mx\/catalogo\/wp-json\/wp\/v2\/product"}],"about":[{"href":"https:\/\/globalsystem.com.mx\/catalogo\/wp-json\/wp\/v2\/types\/product"}],"replies":[{"embeddable":true,"href":"https:\/\/globalsystem.com.mx\/catalogo\/wp-json\/wp\/v2\/comments?post=3351"}],"version-history":[{"count":4,"href":"https:\/\/globalsystem.com.mx\/catalogo\/wp-json\/wp\/v2\/product\/3351\/revisions"}],"predecessor-version":[{"id":4700,"href":"https:\/\/globalsystem.com.mx\/catalogo\/wp-json\/wp\/v2\/product\/3351\/revisions\/4700"}],"wp:featuredmedia":[{"embeddable":true,"href":"https:\/\/globalsystem.com.mx\/catalogo\/wp-json\/wp\/v2\/media\/4690"}],"wp:attachment":[{"href":"https:\/\/globalsystem.com.mx\/catalogo\/wp-json\/wp\/v2\/media?parent=3351"}],"wp:term":[{"taxonomy":"product_cat","embeddable":true,"href":"https:\/\/globalsystem.com.mx\/catalogo\/wp-json\/wp\/v2\/product_cat?post=3351"},{"taxonomy":"product_tag","embeddable":true,"href":"https:\/\/globalsystem.com.mx\/catalogo\/wp-json\/wp\/v2\/product_tag?post=3351"}],"curies":[{"name":"wp","href":"https:\/\/api.w.org\/{rel}","templated":true}]}}