{"id":3347,"date":"2022-06-03T22:08:18","date_gmt":"2022-06-03T22:08:18","guid":{"rendered":"https:\/\/webs360apps.com\/ismafinal\/product\/gsk-dahua-dvr0404meu-dvr-movil-4-canales-de-video-h264-120fps-transmision-por-red-sistema-de-gps-3g-interfaz-sata-2-5\/"},"modified":"2022-06-16T02:03:05","modified_gmt":"2022-06-16T02:03:05","slug":"gsk-dahua-dvr0404meu-dvr-movil-4-canales-de-video-h264-120fps-transmision-por-red-sistema-de-gps-3g-interfaz-sata-2-5","status":"publish","type":"product","link":"https:\/\/globalsystem.com.mx\/catalogo\/gsk-dahua-dvr0404meu-dvr-movil-4-canales-de-video-h264-120fps-transmision-por-red-sistema-de-gps-3g-interfaz-sata-2-5","title":{"rendered":"DAHUA DVR0404MEU- DVR MOVIL 4 CANALES DE VIDEO\/ H264\/ 120FPS\/ TRANSMISION POR RED\/ SISTEMA DE GPS\/ 3G\/INTERFAZ SATA 2.5"},"content":{"rendered":"<p><span style=\"font-family: arial,helvetica,sans-serif; font-size: small;\">El <strong>DVR0404MEU<\/strong> es un videograbador m\u00f3vil que despliega im\u00e1genes de 4 c\u00e1maras simult\u00e1neamente en tiempo real. La velocidad de grabaci\u00f3n es ajustable en cada canal hasta 30 FPS con resoluci\u00f3n D1 en el CH1, los CH2-CH4 con resoluci\u00f3n CIF a 30 FPS.<\/span><\/p>\n<p><span style=\"font-family: arial,helvetica,sans-serif; font-size: small;\">El <strong>DVR0404MEU<\/strong> tiene la capacidad para ser monitoreado en tiempo real (Video\/GPS) a trav\u00e9s de 3G y Servidor de administraci\u00f3n (DSS), para m\u00e1s informaci\u00f3n acerca del funcionamiento del sistema completo favor de consultar a nuestro departamento de soporte especializado.<\/span><\/p>\n<p><span style=\"font-family: arial,helvetica,sans-serif; font-size: small;\">El <strong>DVR0404MEU<\/strong> es un Equipo a Prueba de Movimientos Bruscos gracias a su sistema anti vibraci\u00f3n con la que cuenta el DVR para proteger la unidad de Disco Duro.<\/span><\/p>\n<p><span style=\"font-family: arial,helvetica,sans-serif; font-size: small;\"><strong>Principales Caracter\u00edsticas:<\/strong><\/span><\/p>\n<ul>\n<li><span style=\"font-family: arial,helvetica,sans-serif; font-size: small;\">DVR M\u00f3vil 4 Canales Resoluci\u00f3n D1\/CIF.<\/span><\/li>\n<li><span style=\"font-family: arial,helvetica,sans-serif; font-size: small;\">Ch 1 D1@30FPS, Ch2~Ch4 CIF@30FPS.<\/span><\/li>\n<li><span style=\"font-family: arial,helvetica,sans-serif; font-size: small;\">4 Canales de Audio.<\/span><\/li>\n<li><span style=\"font-family: arial,helvetica,sans-serif; font-size: small;\">M\u00f3dulo 3G Integrado.<\/span><\/li>\n<li><span style=\"font-family: arial,helvetica,sans-serif; font-size: small;\">Modulo GPS Integrado.<\/span><\/li>\n<li><span style=\"font-family: arial,helvetica,sans-serif; font-size: small;\">7 Entradas de Alarma y 2 Salidas de Alarma.<\/span><\/li>\n<li><span style=\"font-family: arial,helvetica,sans-serif; font-size: small;\">1 Interfaz Sata 2.5\u201d (Max. 1TB).<\/span><\/li>\n<li><span style=\"font-family: arial,helvetica,sans-serif; font-size: small;\">2 Puertos USB (1 Panel Frontal y 1 Extensor).<\/span><\/li>\n<li><span style=\"font-family: arial,helvetica,sans-serif; font-size: small;\">Alimentaci\u00f3n +8~+60V (no incluida).<\/span><\/li>\n<li><span style=\"font-family: arial,helvetica,sans-serif; font-size: small;\">Audio Bidireccional.<\/span><\/li>\n<li><span style=\"font-family: arial,helvetica,sans-serif; font-size: small;\">Puerto RJ45 (10\/100M).<\/span><\/li>\n<li><span style=\"font-family: arial,helvetica,sans-serif; font-size: small;\">Hot Swap.<\/span><\/li>\n<li>No incluye SIM.<\/li>\n<li>No incluye disco duro.<\/li>\n<\/ul>\n<p class=\"MsoNormal\" style=\"margin-bottom: 7.5pt; line-height: 13.5pt; background-image: initial; background-attachment: initial; background-size: initial; background-origin: initial; background-clip: initial; background-position: initial; background-repeat: initial;\"><strong><span style=\"font-size: 10pt; font-family: Verdana, sans-serif;\">Precios expresados en d\u00f3lares americanos pagaderos al tipo de cambio del d\u00eda de la compra y facturaci\u00f3n.<\/span><\/strong><\/p>\n<p class=\"MsoNormal\" style=\"margin-bottom: 7.5pt; line-height: 13.5pt; background-image: initial; background-attachment: initial; background-size: initial; background-origin: initial; background-clip: initial; background-position: initial; background-repeat: initial;\"><span style=\"font-size: 10pt; font-family: Verdana, sans-serif;\">Pago: Anticipado v\u00eda transferencia \u00f3 dep\u00f3sito bancario.<\/span><\/p>\n<p class=\"MsoNormal\" style=\"margin-bottom: 7.5pt; line-height: 13.5pt; background-image: initial; background-attachment: initial; background-size: initial; background-origin: initial; background-clip: initial; background-position: initial; background-repeat: initial;\"><span style=\"font-size: 10pt; font-family: Verdana, sans-serif;\">Tiempo de entrega: Inmediata o dependiendo existencias.<\/span><\/p>\n<p class=\"MsoNormal\" style=\"margin-bottom: 7.5pt; line-height: 13.5pt; background-image: initial; background-attachment: initial; background-size: initial; background-origin: initial; background-clip: initial; background-position: initial; background-repeat: initial;\"><span style=\"font-size: 10pt; font-family: Verdana, sans-serif;\">Garant\u00eda de: 1 a\u00f1o por defectos de fabricaci\u00f3n.<\/span><\/p>\n<p class=\"MsoNormal\" style=\"margin-bottom: 7.5pt; line-height: 13.5pt; background-image: initial; background-attachment: initial; background-size: initial; background-origin: initial; background-clip: initial; background-position: initial; background-repeat: initial;\"><span style=\"font-size: 10pt; font-family: Verdana, sans-serif;\">No incluye instalaci\u00f3n, canalizaci\u00f3n, ni obra civil, en caso de requerir por favor contacte al depto. de ventas.<\/span><\/p>\n<p class=\"MsoNormal\" style=\"margin-bottom: 7.5pt; line-height: 13.5pt; background-image: initial; background-attachment: initial; background-size: initial; background-origin: initial; background-clip: initial; background-position: initial; background-repeat: initial;\"><span style=\"font-size: 10pt; font-family: Verdana, sans-serif;\">Para consultar existencias, precios sobre la transportaci\u00f3n y\/o\u00a0 los vi\u00e1ticos,\u00a0por favor contacte con nosotros.<\/span><\/p>\n<p class=\"MsoNormal\" style=\"margin-bottom: 7.5pt; line-height: 13.5pt; background-image: initial; background-attachment: initial; background-size: initial; background-origin: initial; background-clip: initial; background-position: initial; background-repeat: initial;\"><span style=\"font-size: 10pt; font-family: Verdana, sans-serif;\">Precios sujetos a cambio sin previo aviso.<\/span><\/p>\n<p><span style=\"font-size: 10pt; line-height: 107%; font-family: Verdana, sans-serif;\">Cualquier duda adicional, consulte a su ejecutivo de ventas.<\/span><\/p>\n<p>&nbsp;<\/p>\n<p>&nbsp;<\/p>\n<p>&nbsp;<\/p>\n","protected":false},"excerpt":{"rendered":"<p>El DVR0404MEU es un videograbador m\u00f3vil que despliega im\u00e1genes de 4 c\u00e1maras simult\u00e1neamente en tiempo real. La velocidad de grabaci\u00f3n es ajustable en cada canal hasta 30 FPS con resoluci\u00f3n D1 en el CH1, los CH2-CH4 con resoluci\u00f3n CIF a 30 FPS. El DVR0404MEU tiene la capacidad para ser monitoreado en tiempo real (Video\/GPS) a[&#8230;]<\/p>\n","protected":false},"featured_media":4701,"comment_status":"closed","ping_status":"closed","template":"","meta":[],"product_cat":[25],"product_tag":[],"class_list":["post-3347","product","type-product","status-publish","has-post-thumbnail","hentry","product_cat-video-grabadores","pa_marca-dahua"],"_links":{"self":[{"href":"https:\/\/globalsystem.com.mx\/catalogo\/wp-json\/wp\/v2\/product\/3347","targetHints":{"allow":["GET"]}}],"collection":[{"href":"https:\/\/globalsystem.com.mx\/catalogo\/wp-json\/wp\/v2\/product"}],"about":[{"href":"https:\/\/globalsystem.com.mx\/catalogo\/wp-json\/wp\/v2\/types\/product"}],"replies":[{"embeddable":true,"href":"https:\/\/globalsystem.com.mx\/catalogo\/wp-json\/wp\/v2\/comments?post=3347"}],"version-history":[{"count":4,"href":"https:\/\/globalsystem.com.mx\/catalogo\/wp-json\/wp\/v2\/product\/3347\/revisions"}],"predecessor-version":[{"id":4704,"href":"https:\/\/globalsystem.com.mx\/catalogo\/wp-json\/wp\/v2\/product\/3347\/revisions\/4704"}],"wp:featuredmedia":[{"embeddable":true,"href":"https:\/\/globalsystem.com.mx\/catalogo\/wp-json\/wp\/v2\/media\/4701"}],"wp:attachment":[{"href":"https:\/\/globalsystem.com.mx\/catalogo\/wp-json\/wp\/v2\/media?parent=3347"}],"wp:term":[{"taxonomy":"product_cat","embeddable":true,"href":"https:\/\/globalsystem.com.mx\/catalogo\/wp-json\/wp\/v2\/product_cat?post=3347"},{"taxonomy":"product_tag","embeddable":true,"href":"https:\/\/globalsystem.com.mx\/catalogo\/wp-json\/wp\/v2\/product_tag?post=3347"}],"curies":[{"name":"wp","href":"https:\/\/api.w.org\/{rel}","templated":true}]}}