{"id":3343,"date":"2022-06-03T22:08:18","date_gmt":"2022-06-03T22:08:18","guid":{"rendered":"https:\/\/webs360apps.com\/ismafinal\/product\/wejoin-loopdet2-sensor-de-masa-vehicular-para-barrera-de-control-de-acceso-1-salida-no\/"},"modified":"2022-06-08T00:41:22","modified_gmt":"2022-06-08T00:41:22","slug":"wejoin-loopdet2-sensor-de-masa-vehicular-para-barrera-de-control-de-acceso-1-salida-no","status":"publish","type":"product","link":"https:\/\/globalsystem.com.mx\/catalogo\/wejoin-loopdet2-sensor-de-masa-vehicular-para-barrera-de-control-de-acceso-1-salida-no","title":{"rendered":"WEJOIN LOOPDET2- SENSOR DE MASA VEHICULAR PARA BARRERA DE CONTROL DE ACCESO\/ 1 SALIDA NO"},"content":{"rendered":"<p class=\"estilo8\" style=\"background-image: initial; background-attachment: initial; background-size: initial; background-origin: initial; background-clip: initial; background-position: initial; background-repeat: initial;\"><span style=\"font-family: 'times new roman', times;\">SENSOR DE MASA VEHICULAR PARA BARRERA DE CONTROL DE ACCESO\/ 1 SALIDA NO<\/span><\/p>\n<p class=\"estilo8\" style=\"background-image: initial; background-attachment: initial; background-size: initial; background-origin: initial; background-clip: initial; background-position: initial; background-repeat: initial;\"><span style=\"font-family: 'times new roman', times;\">El sensor de masa en la detecci\u00f3n de veh\u00edculos (por inducci\u00f3n) se utilizan lazos para contar los veh\u00edculos que pasan o llegan a un punto determinado, por ejemplo delante de un sem\u00e1foro, y en la gesti\u00f3n de autopistas de tr\u00e1nsito. Se instala un bucle conductor de la electricidad, adecuadamente aislado, bajo la carretera, gener\u00e1ndose una tensi\u00f3n el\u00e9ctrica cada vez que un cuerpo con masa ferrosa (que contiene hierro o acero) pasa cerca de los alambres o del bucle.<\/span><\/p>\n<p style=\"background-image: initial; background-attachment: initial; background-size: initial; background-origin: initial; background-clip: initial; background-position: initial; background-repeat: initial;\"><span style=\"font-size: 10pt; font-family: Verdana, sans-serif; color: black;\">El objeto detectado puede ser met\u00e1lico, (detecci\u00f3n de metales y cables) o conductor\/capacitivo (detecci\u00f3n de la capacidad).<\/span><\/p>\n<p style=\"background-image: initial; background-attachment: initial; background-size: initial; background-origin: initial; background-clip: initial; background-position: initial; background-repeat: initial;\"><span style=\"font-size: 10pt; font-family: Verdana, sans-serif; color: black;\">Otras configuraciones de estos equipos utiliza dos o m\u00e1s bobinas de recepci\u00f3n, y el objeto detectado modifica el acoplamiento inductivo o altera el \u00e1ngulo de fase de la tensi\u00f3n inducida a la bobina receptora en relaci\u00f3n con la bobina del oscilador.<\/span><\/p>\n<p class=\"MsoNormal\" style=\"line-height: normal; background-image: initial; background-attachment: initial; background-size: initial; background-origin: initial; background-clip: initial; background-position: initial; background-repeat: initial;\"><span style=\"font-size: 10pt; font-family: Verdana, sans-serif; color: black;\">Funciones principales:<\/span><\/p>\n<ul type=\"disc\">\n<li class=\"MsoNormal\" style=\"color: black; line-height: normal; background-image: initial; background-attachment: initial; background-size: initial; background-origin: initial; background-clip: initial; background-position: initial; background-repeat: initial;\"><span style=\"font-size: 10pt; font-family: Verdana, sans-serif;\">Detectar la presencia del veh\u00edculo, mientras pasa no dejar caer la pluma.<\/span><\/li>\n<li class=\"MsoNormal\" style=\"color: black; line-height: normal; background-image: initial; background-attachment: initial; background-size: initial; background-origin: initial; background-clip: initial; background-position: initial; background-repeat: initial;\"><span style=\"font-size: 10pt; font-family: Verdana, sans-serif;\">Funci\u00f3n para abrir y cerrar relevador de cualquier dispositivo mediante inducci\u00f3n.<\/span><\/li>\n<li class=\"MsoNormal\" style=\"color: black; line-height: normal; background-image: initial; background-attachment: initial; background-size: initial; background-origin: initial; background-clip: initial; background-position: initial; background-repeat: initial;\"><span style=\"font-size: 10pt; font-family: Verdana, sans-serif;\">Nivel de detecci\u00f3n seleccionable.<\/span><\/li>\n<li class=\"MsoNormal\" style=\"color: black; line-height: normal; background-image: initial; background-attachment: initial; background-size: initial; background-origin: initial; background-clip: initial; background-position: initial; background-repeat: initial;\"><span style=\"font-size: 10pt; font-family: Verdana, sans-serif;\">1 lazo.<\/span><\/li>\n<\/ul>\n<p class=\"MsoNormal\" style=\"line-height: normal; background-image: initial; background-attachment: initial; background-size: initial; background-origin: initial; background-clip: initial; background-position: initial; background-repeat: initial;\"><span style=\"font-family: 'times new roman', times;\"><span style=\"text-decoration: underline;\"><span style=\"font-size: 10pt; font-family: Verdana, sans-serif; color: black;\">Principales Caracter\u00edsticas:<\/span><\/span><\/span><\/p>\n<ul type=\"disc\">\n<li class=\"MsoNormal\" style=\"color: black; line-height: normal; background-image: initial; background-attachment: initial; background-size: initial; background-origin: initial; background-clip: initial; background-position: initial; background-repeat: initial;\"><span style=\"font-size: 10pt; font-family: Verdana, sans-serif;\">Salida de relay Normalmente abierto (NO) \/ Normalmente Cerrado (NC).<\/span><\/li>\n<li class=\"MsoNormal\" style=\"color: black; line-height: normal; background-image: initial; background-attachment: initial; background-size: initial; background-origin: initial; background-clip: initial; background-position: initial; background-repeat: initial;\"><span style=\"font-size: 10pt; font-family: Verdana, sans-serif;\">Tecnolog\u00eda: Campo magn\u00e9tico.<\/span><\/li>\n<li class=\"MsoNormal\" style=\"color: black; line-height: normal; background-image: initial; background-attachment: initial; background-size: initial; background-origin: initial; background-clip: initial; background-position: initial; background-repeat: initial;\"><span style=\"font-size: 10pt; font-family: Verdana, sans-serif;\">Ajuste de la frecuencia: Autom\u00e1tica.<\/span><\/li>\n<li class=\"MsoNormal\" style=\"color: black; line-height: normal; background-image: initial; background-attachment: initial; background-size: initial; background-origin: initial; background-clip: initial; background-position: initial; background-repeat: initial;\"><span style=\"font-size: 10pt; font-family: Verdana, sans-serif;\">Propiedades del loop: Embobinado de cable con un \u00abrect\u00e1ngulo\u00bb con esquinas de 45\u00b0 y dimensiones de 1.50 metros x 60 cent\u00edmetros, profundidad m\u00e1ximo 10 cent\u00edmetros, dar de 4 a 5 vueltas de cable, se utiliza cable calibre 14 al 20.<\/span><\/li>\n<li class=\"MsoNormal\" style=\"color: black; line-height: normal; background-image: initial; background-attachment: initial; background-size: initial; background-origin: initial; background-clip: initial; background-position: initial; background-repeat: initial;\"><span style=\"font-size: 10pt; font-family: Verdana, sans-serif;\">Modo de detecci\u00f3n: Presencia.<\/span><\/li>\n<li class=\"MsoNormal\" style=\"color: black; line-height: normal; background-image: initial; background-attachment: initial; background-size: initial; background-origin: initial; background-clip: initial; background-position: initial; background-repeat: initial;\"><span style=\"font-size: 10pt; font-family: Verdana, sans-serif;\">Tiempo de presencia: 1 min. a lo infinito (presencia permanente) en 250 pies.<\/span><\/li>\n<li class=\"MsoNormal\" style=\"color: black; line-height: normal; background-image: initial; background-attachment: initial; background-size: initial; background-origin: initial; background-clip: initial; background-position: initial; background-repeat: initial;\"><span style=\"font-size: 10pt; font-family: Verdana, sans-serif;\">Duraci\u00f3n del pulso de salida: 100 ms o 500 ms.<\/span><\/li>\n<li class=\"MsoNormal\" style=\"color: black; line-height: normal; background-image: initial; background-attachment: initial; background-size: initial; background-origin: initial; background-clip: initial; background-position: initial; background-repeat: initial;\"><span style=\"font-size: 10pt; font-family: Verdana, sans-serif;\">Sensibilidad: 0,005% a 0,5% en 250 pies.<\/span><\/li>\n<li class=\"MsoNormal\" style=\"color: black; line-height: normal; background-image: initial; background-attachment: initial; background-size: initial; background-origin: initial; background-clip: initial; background-position: initial; background-repeat: initial;\"><span style=\"font-size: 10pt; font-family: Verdana, sans-serif;\">Tiempo de reacci\u00f3n: 25 ms para el campo simple, 50 ms para el campo doble.<\/span><\/li>\n<li class=\"MsoNormal\" style=\"color: black; line-height: normal; background-image: initial; background-attachment: initial; background-size: initial; background-origin: initial; background-clip: initial; background-position: initial; background-repeat: initial;\"><span style=\"font-size: 10pt; font-family: Verdana, sans-serif;\">Energ\u00eda: 110 V AC.<\/span><\/li>\n<li class=\"MsoNormal\" style=\"color: black; line-height: normal; background-image: initial; background-attachment: initial; background-size: initial; background-origin: initial; background-clip: initial; background-position: initial; background-repeat: initial;\"><span style=\"font-size: 10pt; font-family: Verdana, sans-serif;\">Consumo de energ\u00eda: 2,5 W.<\/span><\/li>\n<\/ul>\n<p><span style=\"font-size: 10pt; line-height: 107%; font-family: Verdana, sans-serif; color: black;\">Grado de protecci\u00f3n: IP40.<\/span><\/p>\n<p class=\"MsoNoSpacing\" style=\"box-sizing: border-box; margin: 0px 0px 10px; font-family: 'Segoe UI', Tahoma, Arial, Helvetica, sans-serif; font-size: 13px; line-height: 18px;\"><span style=\"box-sizing: border-box; font-size: 10pt; font-family: Verdana, sans-serif;\"><span style=\"box-sizing: border-box;\">Pago: Anticipado v\u00eda transferencia \u00f3 dep\u00f3sito bancario.<br \/>\nTiempo de entrega: Inmediata o dependiendo existencias.<br \/>\nGarant\u00eda de: 1 a\u00f1o por defectos de fabricaci\u00f3n.<br \/>\nNo incluye instalaci\u00f3n, canalizaci\u00f3n, ni obra civil, en caso de requerir por favor contacte al depto. de ventas.<br \/>\nContamos con talleres propios, para el mantenimiento y\/o reparaci\u00f3n de los equipos, refacciones y consumibles.<br \/>\nTambi\u00e9n contamos con servicio de mantenimiento preventivo o correctivo, reparaci\u00f3n, capacitaci\u00f3n para la administraci\u00f3n del software de control de asistencia, acceso o videovigilancia, a domicilio.<br \/>\nCualquier duda adicional por favor, consulte a su ejecutivo de ventas.<\/span><\/span><\/p>\n","protected":false},"excerpt":{"rendered":"<p>SENSOR DE MASA VEHICULAR PARA BARRERA DE CONTROL DE ACCESO\/ 1 SALIDA NO El sensor de masa en la detecci\u00f3n de veh\u00edculos (por inducci\u00f3n) se utilizan lazos para contar los veh\u00edculos que pasan o llegan a un punto determinado, por ejemplo delante de un sem\u00e1foro, y en la gesti\u00f3n de autopistas de tr\u00e1nsito. Se instala[&#8230;]<\/p>\n","protected":false},"featured_media":4108,"comment_status":"closed","ping_status":"closed","template":"","meta":[],"product_cat":[35],"product_tag":[],"class_list":["post-3343","product","type-product","status-publish","has-post-thumbnail","hentry","product_cat-control-de-acceso-vehicular","pa_marca-wejoin"],"_links":{"self":[{"href":"https:\/\/globalsystem.com.mx\/catalogo\/wp-json\/wp\/v2\/product\/3343","targetHints":{"allow":["GET"]}}],"collection":[{"href":"https:\/\/globalsystem.com.mx\/catalogo\/wp-json\/wp\/v2\/product"}],"about":[{"href":"https:\/\/globalsystem.com.mx\/catalogo\/wp-json\/wp\/v2\/types\/product"}],"replies":[{"embeddable":true,"href":"https:\/\/globalsystem.com.mx\/catalogo\/wp-json\/wp\/v2\/comments?post=3343"}],"version-history":[{"count":4,"href":"https:\/\/globalsystem.com.mx\/catalogo\/wp-json\/wp\/v2\/product\/3343\/revisions"}],"predecessor-version":[{"id":4104,"href":"https:\/\/globalsystem.com.mx\/catalogo\/wp-json\/wp\/v2\/product\/3343\/revisions\/4104"}],"wp:featuredmedia":[{"embeddable":true,"href":"https:\/\/globalsystem.com.mx\/catalogo\/wp-json\/wp\/v2\/media\/4108"}],"wp:attachment":[{"href":"https:\/\/globalsystem.com.mx\/catalogo\/wp-json\/wp\/v2\/media?parent=3343"}],"wp:term":[{"taxonomy":"product_cat","embeddable":true,"href":"https:\/\/globalsystem.com.mx\/catalogo\/wp-json\/wp\/v2\/product_cat?post=3343"},{"taxonomy":"product_tag","embeddable":true,"href":"https:\/\/globalsystem.com.mx\/catalogo\/wp-json\/wp\/v2\/product_tag?post=3343"}],"curies":[{"name":"wp","href":"https:\/\/api.w.org\/{rel}","templated":true}]}}