{"id":3339,"date":"2022-06-03T22:08:18","date_gmt":"2022-06-03T22:08:18","guid":{"rendered":"https:\/\/webs360apps.com\/ismafinal\/product\/wejoin-secuarm3-brazo-recto-de-3-metros-para-barrera-de-1-segundo\/"},"modified":"2022-06-08T00:45:23","modified_gmt":"2022-06-08T00:45:23","slug":"wejoin-secuarm3-brazo-recto-de-3-metros-para-barrera-de-1-segundo","status":"publish","type":"product","link":"https:\/\/globalsystem.com.mx\/catalogo\/wejoin-secuarm3-brazo-recto-de-3-metros-para-barrera-de-1-segundo","title":{"rendered":"WEJOIN SECUARM3- PLUMA O BRAZO RECTO DE 3 METROS PARA BARRERA DE 1 SEGUNDO"},"content":{"rendered":"<p style=\"background-image: initial; background-attachment: initial; background-size: initial; background-origin: initial; background-clip: initial; background-position: initial; background-repeat: initial;\"><span style=\"color: #000000; font-family: Verdana, sans-serif;\"><span style=\"font-size: 13.3333330154419px;\">Brazo recto de 3 metros para barrera con apertura de 1 segundo<\/span><\/span><\/p>\n<p style=\"background-image: initial; background-attachment: initial; background-size: initial; background-origin: initial; background-clip: initial; background-position: initial; background-repeat: initial;\"><span style=\"font-size: 10.0pt; font-family: 'Verdana',sans-serif; mso-bidi-font-family: Arial; color: black;\">Este brazo solo es compatible con las barreras de 3m., 1 segundo por la forma, el di\u00e1metro de la pluma y el peso.<\/span><\/p>\n<p class=\"MsoNoSpacing\" style=\"box-sizing: border-box; margin: 0px 0px 10px; font-family: 'Segoe UI', Tahoma, Arial, Helvetica, sans-serif; font-size: 13px; line-height: 18px;\"><span style=\"box-sizing: border-box; font-size: 10pt; font-family: Verdana, sans-serif;\"><span style=\"box-sizing: border-box; font-weight: bold;\">Precios expresados en d\u00f3lares americanos pagaderos al tipo de cambio del d\u00eda de la compra y facturaci\u00f3n.<\/span><\/span><\/p>\n<p class=\"MsoNoSpacing\" style=\"box-sizing: border-box; margin: 0px 0px 10px; font-family: 'Segoe UI', Tahoma, Arial, Helvetica, sans-serif; font-size: 13px; line-height: 18px;\"><span style=\"box-sizing: border-box; font-size: 10pt; font-family: Verdana, sans-serif;\">Pago: Anticipado v\u00eda transferencia \u00f3 dep\u00f3sito bancario.<\/span><\/p>\n<p class=\"MsoNoSpacing\" style=\"box-sizing: border-box; margin: 0px 0px 10px; font-family: 'Segoe UI', Tahoma, Arial, Helvetica, sans-serif; font-size: 13px; line-height: 18px;\"><span style=\"box-sizing: border-box; font-size: 10pt; font-family: Verdana, sans-serif;\">Tiempo de entrega: Inmediata o dependiendo existencias.<\/span><\/p>\n<p class=\"MsoNoSpacing\" style=\"box-sizing: border-box; margin: 0px 0px 10px; font-family: 'Segoe UI', Tahoma, Arial, Helvetica, sans-serif; font-size: 13px; line-height: 18px;\"><span style=\"box-sizing: border-box; font-size: 10pt; font-family: Verdana, sans-serif;\">Garant\u00eda de: 1 a\u00f1o por defectos de fabricaci\u00f3n.<\/span><\/p>\n<p class=\"MsoNoSpacing\" style=\"box-sizing: border-box; margin: 0px 0px 10px; font-family: 'Segoe UI', Tahoma, Arial, Helvetica, sans-serif; font-size: 13px; line-height: 18px;\"><span style=\"box-sizing: border-box; font-size: 10pt; font-family: Verdana, sans-serif;\">No incluye instalaci\u00f3n, canalizaci\u00f3n, ni obra civil, en caso de requerir por favor contacte al depto. de ventas.<\/span><\/p>\n<p class=\"MsoNoSpacing\" style=\"box-sizing: border-box; margin: 0px 0px 10px; font-family: 'Segoe UI', Tahoma, Arial, Helvetica, sans-serif; font-size: 13px; line-height: 18px;\"><span style=\"box-sizing: border-box; font-size: 10pt; font-family: Verdana, sans-serif;\">Para consultar existencias, precios sobre la transportaci\u00f3n y\/o\u00a0 los vi\u00e1ticos,\u00a0por favor contacte con nosotros.<\/span><\/p>\n<p class=\"MsoNoSpacing\" style=\"box-sizing: border-box; margin: 0px 0px 10px; font-family: 'Segoe UI', Tahoma, Arial, Helvetica, sans-serif; font-size: 13px; line-height: 18px;\"><span style=\"box-sizing: border-box; font-size: 10pt; font-family: Verdana, sans-serif;\">Precios sujetos a cambio sin previo aviso.<\/span><\/p>\n<p class=\"MsoNoSpacing\" style=\"box-sizing: border-box; margin: 0px 0px 10px; font-family: 'Segoe UI', Tahoma, Arial, Helvetica, sans-serif; font-size: 13px; line-height: 18px;\"><span style=\"box-sizing: border-box; font-size: 10pt; line-height: 14.2666664123535px; font-family: Verdana, sans-serif;\">Cualquier duda adicional, consulte a su ejecutivo de ventas.<\/span><\/p>\n","protected":false},"excerpt":{"rendered":"<p>Brazo recto de 3 metros para barrera con apertura de 1 segundo Este brazo solo es compatible con las barreras de 3m., 1 segundo por la forma, el di\u00e1metro de la pluma y el peso. Precios expresados en d\u00f3lares americanos pagaderos al tipo de cambio del d\u00eda de la compra y facturaci\u00f3n. Pago: Anticipado v\u00eda[&#8230;]<\/p>\n","protected":false},"featured_media":4110,"comment_status":"closed","ping_status":"closed","template":"","meta":[],"product_cat":[35],"product_tag":[],"class_list":["post-3339","product","type-product","status-publish","has-post-thumbnail","hentry","product_cat-control-de-acceso-vehicular","pa_marca-wejoin"],"_links":{"self":[{"href":"https:\/\/globalsystem.com.mx\/catalogo\/wp-json\/wp\/v2\/product\/3339","targetHints":{"allow":["GET"]}}],"collection":[{"href":"https:\/\/globalsystem.com.mx\/catalogo\/wp-json\/wp\/v2\/product"}],"about":[{"href":"https:\/\/globalsystem.com.mx\/catalogo\/wp-json\/wp\/v2\/types\/product"}],"replies":[{"embeddable":true,"href":"https:\/\/globalsystem.com.mx\/catalogo\/wp-json\/wp\/v2\/comments?post=3339"}],"version-history":[{"count":4,"href":"https:\/\/globalsystem.com.mx\/catalogo\/wp-json\/wp\/v2\/product\/3339\/revisions"}],"predecessor-version":[{"id":4113,"href":"https:\/\/globalsystem.com.mx\/catalogo\/wp-json\/wp\/v2\/product\/3339\/revisions\/4113"}],"wp:featuredmedia":[{"embeddable":true,"href":"https:\/\/globalsystem.com.mx\/catalogo\/wp-json\/wp\/v2\/media\/4110"}],"wp:attachment":[{"href":"https:\/\/globalsystem.com.mx\/catalogo\/wp-json\/wp\/v2\/media?parent=3339"}],"wp:term":[{"taxonomy":"product_cat","embeddable":true,"href":"https:\/\/globalsystem.com.mx\/catalogo\/wp-json\/wp\/v2\/product_cat?post=3339"},{"taxonomy":"product_tag","embeddable":true,"href":"https:\/\/globalsystem.com.mx\/catalogo\/wp-json\/wp\/v2\/product_tag?post=3339"}],"curies":[{"name":"wp","href":"https:\/\/api.w.org\/{rel}","templated":true}]}}