{"id":3337,"date":"2022-06-03T22:08:16","date_gmt":"2022-06-03T22:08:16","guid":{"rendered":"https:\/\/webs360apps.com\/ismafinal\/product\/wejoin-secuarm45-brazo-recto-de-4-5-metros-para-barrera-de-3-segundos\/"},"modified":"2022-06-08T22:01:02","modified_gmt":"2022-06-08T22:01:02","slug":"wejoin-secuarm45-brazo-recto-de-4-5-metros-para-barrera-de-3-segundos","status":"publish","type":"product","link":"https:\/\/globalsystem.com.mx\/catalogo\/wejoin-secuarm45-brazo-recto-de-4-5-metros-para-barrera-de-3-segundos","title":{"rendered":"WEJOIN SECUARM45- PLUMA O BRAZO RECTO DE 4.5 METROS PARA BARRERA DE 3 SEGUNDOS"},"content":{"rendered":"<p style=\"background-image: initial; background-attachment: initial; background-size: initial; background-origin: initial; background-clip: initial; background-position: initial; background-repeat: initial;\">BRAZO RECTO DE 4.5 METROS PARA BARRERA DE 3 SEGUNDOS<\/p>\n<p style=\"background-image: initial; background-attachment: initial; background-size: initial; background-origin: initial; background-clip: initial; background-position: initial; background-repeat: initial;\">Este brazo es compatible con las barreras de 4.5m 3 segundos, por el di\u00e1metro del brazo y el peso.<\/p>\n<p class=\"MsoNormal\"><strong><span style=\"font-size: 10.0pt; line-height: 107%;\">Precios expresados en d\u00f3lares americanos pagaderos al tipo de cambio del d\u00eda de la compra y facturaci\u00f3n. <\/span><\/strong><\/p>\n<p class=\"MsoNormal\"><span style=\"font-size: 10.0pt; line-height: 107%;\">Pago: Contado contra entrega, salvo que cuente con cr\u00e9dito.<\/span><\/p>\n<p class=\"MsoNormal\"><span style=\"font-size: 10.0pt; line-height: 107%;\">Tiempo de entrega: Inmediata o dependiendo existencias.<\/span><\/p>\n<p class=\"MsoNormal\"><span style=\"font-size: 10.0pt; line-height: 107%;\">Garant\u00eda de: 1 a\u00f1o por defectos de fabricaci\u00f3n.<\/span><\/p>\n<p class=\"MsoNormal\"><span style=\"font-size: 10.0pt; line-height: 107%;\">No incluye instalaci\u00f3n, canalizaci\u00f3n ni obra civil, en caso de requerir por favor contacte al depto. de ventas.<\/span><\/p>\n<p class=\"MsoNormal\"><span style=\"font-size: 10.0pt; line-height: 107%;\">La transportaci\u00f3n y\/o\u00a0 los vi\u00e1ticos corren por cuenta del cliente.<\/span><\/p>\n<p class=\"MsoNormal\"><span style=\"font-size: 10.0pt; line-height: 107%;\">Precios sujetos a cambio sin previo aviso.<\/span><\/p>\n<p class=\"MsoNormal\"><strong><span style=\"font-size: 10.0pt; line-height: 107%;\">NOTA IMPORTANTE:<\/span><\/strong><\/p>\n<p class=\"MsoNormal\"><span style=\"font-size: 10.0pt; line-height: 107%;\">En caso de no contar con existencias para entrega inmediata, el env\u00edo de este producto es de 3 a 5 d\u00edas h\u00e1biles.<\/span><\/p>\n<p><strong><span style=\"font-size: 10.0pt; line-height: 107%;\">Cualquier duda adicional, consulte a su ejecutivo de ventas.<\/span><\/strong><\/p>\n","protected":false},"excerpt":{"rendered":"<p>BRAZO RECTO DE 4.5 METROS PARA BARRERA DE 3 SEGUNDOS Este brazo es compatible con las barreras de 4.5m 3 segundos, por el di\u00e1metro del brazo y el peso. Precios expresados en d\u00f3lares americanos pagaderos al tipo de cambio del d\u00eda de la compra y facturaci\u00f3n. Pago: Contado contra entrega, salvo que cuente con cr\u00e9dito.[&#8230;]<\/p>\n","protected":false},"featured_media":4169,"comment_status":"closed","ping_status":"closed","template":"","meta":[],"product_cat":[35],"product_tag":[],"class_list":["post-3337","product","type-product","status-publish","has-post-thumbnail","hentry","product_cat-control-de-acceso-vehicular","pa_marca-wejoin"],"_links":{"self":[{"href":"https:\/\/globalsystem.com.mx\/catalogo\/wp-json\/wp\/v2\/product\/3337","targetHints":{"allow":["GET"]}}],"collection":[{"href":"https:\/\/globalsystem.com.mx\/catalogo\/wp-json\/wp\/v2\/product"}],"about":[{"href":"https:\/\/globalsystem.com.mx\/catalogo\/wp-json\/wp\/v2\/types\/product"}],"replies":[{"embeddable":true,"href":"https:\/\/globalsystem.com.mx\/catalogo\/wp-json\/wp\/v2\/comments?post=3337"}],"version-history":[{"count":4,"href":"https:\/\/globalsystem.com.mx\/catalogo\/wp-json\/wp\/v2\/product\/3337\/revisions"}],"predecessor-version":[{"id":4122,"href":"https:\/\/globalsystem.com.mx\/catalogo\/wp-json\/wp\/v2\/product\/3337\/revisions\/4122"}],"wp:featuredmedia":[{"embeddable":true,"href":"https:\/\/globalsystem.com.mx\/catalogo\/wp-json\/wp\/v2\/media\/4169"}],"wp:attachment":[{"href":"https:\/\/globalsystem.com.mx\/catalogo\/wp-json\/wp\/v2\/media?parent=3337"}],"wp:term":[{"taxonomy":"product_cat","embeddable":true,"href":"https:\/\/globalsystem.com.mx\/catalogo\/wp-json\/wp\/v2\/product_cat?post=3337"},{"taxonomy":"product_tag","embeddable":true,"href":"https:\/\/globalsystem.com.mx\/catalogo\/wp-json\/wp\/v2\/product_tag?post=3337"}],"curies":[{"name":"wp","href":"https:\/\/api.w.org\/{rel}","templated":true}]}}