{"id":3335,"date":"2022-06-03T22:08:16","date_gmt":"2022-06-03T22:08:16","guid":{"rendered":"https:\/\/webs360apps.com\/ismafinal\/product\/wejoin-secuarm6-brazo-recto-de-6-metros-para-barrera-de-6-segundos\/"},"modified":"2022-06-08T01:01:00","modified_gmt":"2022-06-08T01:01:00","slug":"wejoin-secuarm6-brazo-recto-de-6-metros-para-barrera-de-6-segundos","status":"publish","type":"product","link":"https:\/\/globalsystem.com.mx\/catalogo\/wejoin-secuarm6-brazo-recto-de-6-metros-para-barrera-de-6-segundos","title":{"rendered":"WEJOIN SECUARM6- PLUMA O BRAZO RECTO DE 6 METROS PARA BARRERA DE 6 SEGUNDOS"},"content":{"rendered":"<p class=\"MsoNoSpacing\"><span style=\"font-family: Verdana, sans-serif;\"><span style=\"font-size: 13.3333330154419px;\">BRAZO RECTO DE 6 METROS PARA BARRERA DE 6 SEGUNDOS<\/span><\/span><\/p>\n<p class=\"MsoNoSpacing\">Este brazo es compatible con las barreras de 4.5m, de 3 segundos, por el di\u00e1metro del brazo y el peso.<\/p>\n<p class=\"MsoNoSpacing\" style=\"box-sizing: border-box; margin: 0px 0px 10px; font-family: 'Segoe UI', Tahoma, Arial, Helvetica, sans-serif; font-size: 13px; line-height: 18px;\"><span style=\"box-sizing: border-box; font-size: 10pt; font-family: Verdana, sans-serif;\"><span style=\"box-sizing: border-box; font-weight: bold;\">Precios expresados en d\u00f3lares americanos pagaderos al tipo de cambio del d\u00eda de la compra y facturaci\u00f3n.<\/span><\/span><\/p>\n<p class=\"MsoNoSpacing\" style=\"box-sizing: border-box; margin: 0px 0px 10px; font-family: 'Segoe UI', Tahoma, Arial, Helvetica, sans-serif; font-size: 13px; line-height: 18px;\"><span style=\"box-sizing: border-box; font-size: 10pt; font-family: Verdana, sans-serif;\">Pago: Anticipado v\u00eda transferencia \u00f3 dep\u00f3sito bancario.<\/span><\/p>\n<p class=\"MsoNoSpacing\" style=\"box-sizing: border-box; margin: 0px 0px 10px; font-family: 'Segoe UI', Tahoma, Arial, Helvetica, sans-serif; font-size: 13px; line-height: 18px;\"><span style=\"box-sizing: border-box; font-size: 10pt; font-family: Verdana, sans-serif;\">Tiempo de entrega: Inmediata o dependiendo existencias.<\/span><\/p>\n<p class=\"MsoNoSpacing\" style=\"box-sizing: border-box; margin: 0px 0px 10px; font-family: 'Segoe UI', Tahoma, Arial, Helvetica, sans-serif; font-size: 13px; line-height: 18px;\"><span style=\"box-sizing: border-box; font-size: 10pt; font-family: Verdana, sans-serif;\">Garant\u00eda de: 1 a\u00f1o por defectos de fabricaci\u00f3n.<\/span><\/p>\n<p class=\"MsoNoSpacing\" style=\"box-sizing: border-box; margin: 0px 0px 10px; font-family: 'Segoe UI', Tahoma, Arial, Helvetica, sans-serif; font-size: 13px; line-height: 18px;\"><span style=\"box-sizing: border-box; font-size: 10pt; font-family: Verdana, sans-serif;\">No incluye instalaci\u00f3n, canalizaci\u00f3n, ni obra civil, en caso de requerir por favor contacte al depto. de ventas.<\/span><\/p>\n<p class=\"MsoNoSpacing\" style=\"box-sizing: border-box; margin: 0px 0px 10px; font-family: 'Segoe UI', Tahoma, Arial, Helvetica, sans-serif; font-size: 13px; line-height: 18px;\"><span style=\"box-sizing: border-box; font-size: 10pt; font-family: Verdana, sans-serif;\">Para consultar existencias, precios sobre la transportaci\u00f3n y\/o\u00a0 los vi\u00e1ticos,\u00a0por favor contacte con nosotros.<\/span><\/p>\n<p class=\"MsoNoSpacing\" style=\"box-sizing: border-box; margin: 0px 0px 10px; font-family: 'Segoe UI', Tahoma, Arial, Helvetica, sans-serif; font-size: 13px; line-height: 18px;\"><span style=\"box-sizing: border-box; font-size: 10pt; font-family: Verdana, sans-serif;\">Precios sujetos a cambio sin previo aviso.<\/span><\/p>\n<p class=\"MsoNoSpacing\" style=\"box-sizing: border-box; margin: 0px 0px 10px; font-family: 'Segoe UI', Tahoma, Arial, Helvetica, sans-serif; font-size: 13px; line-height: 18px;\"><span style=\"box-sizing: border-box; font-size: 10pt; line-height: 14.2666664123535px; font-family: Verdana, sans-serif;\">Cualquier duda adicional, consulte a su ejecutivo de ventas.<\/span><\/p>\n","protected":false},"excerpt":{"rendered":"<p>BRAZO RECTO DE 6 METROS PARA BARRERA DE 6 SEGUNDOS Este brazo es compatible con las barreras de 4.5m, de 3 segundos, por el di\u00e1metro del brazo y el peso. Precios expresados en d\u00f3lares americanos pagaderos al tipo de cambio del d\u00eda de la compra y facturaci\u00f3n. Pago: Anticipado v\u00eda transferencia \u00f3 dep\u00f3sito bancario. Tiempo[&#8230;]<\/p>\n","protected":false},"featured_media":4125,"comment_status":"closed","ping_status":"closed","template":"","meta":[],"product_cat":[35],"product_tag":[],"class_list":["post-3335","product","type-product","status-publish","has-post-thumbnail","hentry","product_cat-control-de-acceso-vehicular","pa_marca-wejoin"],"_links":{"self":[{"href":"https:\/\/globalsystem.com.mx\/catalogo\/wp-json\/wp\/v2\/product\/3335","targetHints":{"allow":["GET"]}}],"collection":[{"href":"https:\/\/globalsystem.com.mx\/catalogo\/wp-json\/wp\/v2\/product"}],"about":[{"href":"https:\/\/globalsystem.com.mx\/catalogo\/wp-json\/wp\/v2\/types\/product"}],"replies":[{"embeddable":true,"href":"https:\/\/globalsystem.com.mx\/catalogo\/wp-json\/wp\/v2\/comments?post=3335"}],"version-history":[{"count":4,"href":"https:\/\/globalsystem.com.mx\/catalogo\/wp-json\/wp\/v2\/product\/3335\/revisions"}],"predecessor-version":[{"id":4126,"href":"https:\/\/globalsystem.com.mx\/catalogo\/wp-json\/wp\/v2\/product\/3335\/revisions\/4126"}],"wp:featuredmedia":[{"embeddable":true,"href":"https:\/\/globalsystem.com.mx\/catalogo\/wp-json\/wp\/v2\/media\/4125"}],"wp:attachment":[{"href":"https:\/\/globalsystem.com.mx\/catalogo\/wp-json\/wp\/v2\/media?parent=3335"}],"wp:term":[{"taxonomy":"product_cat","embeddable":true,"href":"https:\/\/globalsystem.com.mx\/catalogo\/wp-json\/wp\/v2\/product_cat?post=3335"},{"taxonomy":"product_tag","embeddable":true,"href":"https:\/\/globalsystem.com.mx\/catalogo\/wp-json\/wp\/v2\/product_tag?post=3335"}],"curies":[{"name":"wp","href":"https:\/\/api.w.org\/{rel}","templated":true}]}}