{"id":3329,"date":"2022-06-03T22:08:16","date_gmt":"2022-06-03T22:08:16","guid":{"rendered":"https:\/\/webs360apps.com\/ismafinal\/product\/wejoin-secupark16-barrera-izquierda-de-acceso-vehicular-motor-de-6-segundos-brazo-de-6-metros\/"},"modified":"2022-06-08T01:02:54","modified_gmt":"2022-06-08T01:02:54","slug":"wejoin-secupark16-barrera-izquierda-de-acceso-vehicular-motor-de-6-segundos-brazo-de-6-metros","status":"publish","type":"product","link":"https:\/\/globalsystem.com.mx\/catalogo\/wejoin-secupark16-barrera-izquierda-de-acceso-vehicular-motor-de-6-segundos-brazo-de-6-metros","title":{"rendered":"WEJOIN SECUPARK16- BARRERA IZQUIERDA PARA ACCESO VEHICULAR\/ MOTOR DE 6 SEGUNDOS\/ BRAZO DE 6 METROS"},"content":{"rendered":"<p class=\"MsoNoSpacing\"><span style=\"font-family: 'times new roman', times;\"><strong>BARRERA IZQUIERDA DE ACCESO VEHICULAR\/ MOTOR DE 6 SEGUNDOS\/ BRAZO DE 6 METROS\/<\/strong><\/span><\/p>\n<p class=\"MsoNormal\" style=\"line-height: normal; background-image: initial; background-attachment: initial; background-size: initial; background-origin: initial; background-clip: initial; background-position: initial; background-repeat: initial;\"><span style=\"font-family: 'times new roman', times;\"><strong><span style=\"text-decoration: underline;\"><span style=\"font-size: 10.0pt; font-family: 'Verdana',sans-serif; mso-fareast-font-family: 'Times New Roman'; mso-bidi-font-family: Arial; color: black; mso-fareast-language: ES-MX;\">Principales caracter\u00edsticas:<\/span><\/span><\/strong><\/span><\/p>\n<ul type=\"disc\">\n<li class=\"MsoNormal\" style=\"color: black; line-height: normal; background-image: initial; background-attachment: initial; background-size: initial; background-origin: initial; background-clip: initial; background-position: initial; background-repeat: initial;\"><span style=\"font-size: 10.0pt; font-family: 'Verdana',sans-serif; mso-fareast-font-family: 'Times New Roman'; mso-bidi-font-family: Arial; mso-fareast-language: ES-MX;\">De uso rudo hasta 5,000 aperturas diarias<\/span><\/li>\n<li class=\"MsoNormal\" style=\"color: black; line-height: normal; background-image: initial; background-attachment: initial; background-size: initial; background-origin: initial; background-clip: initial; background-position: initial; background-repeat: initial;\"><span style=\"font-size: 10.0pt; font-family: 'Verdana',sans-serif; mso-fareast-font-family: 'Times New Roman'; mso-bidi-font-family: Arial; mso-fareast-language: ES-MX;\">Motor de\u00a0seis segundos.<\/span><\/li>\n<li class=\"MsoNormal\" style=\"color: black; line-height: normal; background-image: initial; background-attachment: initial; background-size: initial; background-origin: initial; background-clip: initial; background-position: initial; background-repeat: initial;\"><span style=\"font-size: 10.0pt; font-family: 'Verdana',sans-serif; mso-fareast-font-family: 'Times New Roman'; mso-bidi-font-family: Arial; mso-fareast-language: ES-MX;\">Largo m\u00e1ximo de brazo:\u00a06 metros.<\/span><\/li>\n<li class=\"MsoNormal\" style=\"color: black; line-height: normal; background-image: initial; background-attachment: initial; background-size: initial; background-origin: initial; background-clip: initial; background-position: initial; background-repeat: initial;\"><span style=\"font-size: 10.0pt; font-family: 'Verdana',sans-serif; mso-fareast-font-family: 'Times New Roman'; mso-bidi-font-family: Arial; mso-fareast-language: ES-MX;\">Temperatura del sistema de embrague: -20\u00b0C a 75\u00b0C.<\/span><\/li>\n<li class=\"MsoNormal\" style=\"color: black; line-height: normal; background-image: initial; background-attachment: initial; background-size: initial; background-origin: initial; background-clip: initial; background-position: initial; background-repeat: initial;\"><span style=\"font-size: 10.0pt; font-family: 'Verdana',sans-serif; mso-fareast-font-family: 'Times New Roman'; mso-bidi-font-family: Arial; mso-fareast-language: ES-MX;\">Voltaje de trabajo 110 V AC.<\/span><\/li>\n<li class=\"MsoNormal\" style=\"color: black; line-height: normal; background-image: initial; background-attachment: initial; background-size: initial; background-origin: initial; background-clip: initial; background-position: initial; background-repeat: initial;\"><span style=\"font-size: 10.0pt; font-family: 'Verdana',sans-serif; mso-fareast-font-family: 'Times New Roman'; mso-bidi-font-family: Arial; mso-fareast-language: ES-MX;\">Frecuencia 60 Hz.<\/span><\/li>\n<li class=\"MsoNormal\" style=\"color: black; line-height: normal; background-image: initial; background-attachment: initial; background-size: initial; background-origin: initial; background-clip: initial; background-position: initial; background-repeat: initial;\"><span style=\"font-size: 10.0pt; font-family: 'Verdana',sans-serif; mso-fareast-font-family: 'Times New Roman'; mso-bidi-font-family: Arial; mso-fareast-language: ES-MX;\">Distancia de control remoto de hasta 30 metros.<\/span><\/li>\n<li class=\"MsoNormal\" style=\"color: black; line-height: normal; background-image: initial; background-attachment: initial; background-size: initial; background-origin: initial; background-clip: initial; background-position: initial; background-repeat: initial;\"><span style=\"font-size: 10.0pt; font-family: 'Verdana',sans-serif; mso-fareast-font-family: 'Times New Roman'; mso-bidi-font-family: Arial; mso-fareast-language: ES-MX;\">El sensor de masa se adquiere por separado.<\/span><\/li>\n<\/ul>\n<p class=\"MsoNormal\" style=\"line-height: normal; background-image: initial; background-attachment: initial; background-size: initial; background-origin: initial; background-clip: initial; background-position: initial; background-repeat: initial;\">\n<p class=\"MsoNormal\">\n<p><span style=\"font-family: 'times new roman', times;\">Pago: Anticipado v\u00eda transferencia \u00f3 dep\u00f3sito bancario.<\/span><br \/>\n<span style=\"font-family: 'times new roman', times;\">Tiempo de entrega: Inmediata o dependiendo existencias.<\/span><br \/>\n<span style=\"font-family: 'times new roman', times;\">Garant\u00eda de: 1 a\u00f1o por defectos de fabricaci\u00f3n.<\/span><br \/>\n<span style=\"font-family: 'times new roman', times;\">No incluye instalaci\u00f3n, canalizaci\u00f3n, ni obra civil, en caso de requerir por favor contacte al depto. de ventas.<\/span><br \/>\n<span style=\"font-family: 'times new roman', times;\">Contamos con talleres propios, para el mantenimiento y\/o reparaci\u00f3n de los equipos, refacciones y consumibles.<\/span><br \/>\n<span style=\"font-family: 'times new roman', times;\">Tambi\u00e9n contamos con servicio de mantenimiento preventivo o correctivo, reparaci\u00f3n, capacitaci\u00f3n para la administraci\u00f3n del software de control de asistencia, acceso o videovigilancia, a domicilio.<\/span><br \/>\n<span style=\"font-family: 'times new roman', times;\">Cualquier duda adicional por favor, consulte a su ejecutivo de ventas.<\/span><\/p>\n","protected":false},"excerpt":{"rendered":"<p>BARRERA IZQUIERDA DE ACCESO VEHICULAR\/ MOTOR DE 6 SEGUNDOS\/ BRAZO DE 6 METROS\/ Principales caracter\u00edsticas: De uso rudo hasta 5,000 aperturas diarias Motor de\u00a0seis segundos. Largo m\u00e1ximo de brazo:\u00a06 metros. Temperatura del sistema de embrague: -20\u00b0C a 75\u00b0C. Voltaje de trabajo 110 V AC. Frecuencia 60 Hz. Distancia de control remoto de hasta 30 metros.[&#8230;]<\/p>\n","protected":false},"featured_media":4127,"comment_status":"closed","ping_status":"closed","template":"","meta":[],"product_cat":[35],"product_tag":[],"class_list":["post-3329","product","type-product","status-publish","has-post-thumbnail","hentry","product_cat-control-de-acceso-vehicular","pa_marca-wejoin"],"_links":{"self":[{"href":"https:\/\/globalsystem.com.mx\/catalogo\/wp-json\/wp\/v2\/product\/3329","targetHints":{"allow":["GET"]}}],"collection":[{"href":"https:\/\/globalsystem.com.mx\/catalogo\/wp-json\/wp\/v2\/product"}],"about":[{"href":"https:\/\/globalsystem.com.mx\/catalogo\/wp-json\/wp\/v2\/types\/product"}],"replies":[{"embeddable":true,"href":"https:\/\/globalsystem.com.mx\/catalogo\/wp-json\/wp\/v2\/comments?post=3329"}],"version-history":[{"count":3,"href":"https:\/\/globalsystem.com.mx\/catalogo\/wp-json\/wp\/v2\/product\/3329\/revisions"}],"predecessor-version":[{"id":4129,"href":"https:\/\/globalsystem.com.mx\/catalogo\/wp-json\/wp\/v2\/product\/3329\/revisions\/4129"}],"wp:featuredmedia":[{"embeddable":true,"href":"https:\/\/globalsystem.com.mx\/catalogo\/wp-json\/wp\/v2\/media\/4127"}],"wp:attachment":[{"href":"https:\/\/globalsystem.com.mx\/catalogo\/wp-json\/wp\/v2\/media?parent=3329"}],"wp:term":[{"taxonomy":"product_cat","embeddable":true,"href":"https:\/\/globalsystem.com.mx\/catalogo\/wp-json\/wp\/v2\/product_cat?post=3329"},{"taxonomy":"product_tag","embeddable":true,"href":"https:\/\/globalsystem.com.mx\/catalogo\/wp-json\/wp\/v2\/product_tag?post=3329"}],"curies":[{"name":"wp","href":"https:\/\/api.w.org\/{rel}","templated":true}]}}