{"id":3323,"date":"2022-06-03T22:08:16","date_gmt":"2022-06-03T22:08:16","guid":{"rendered":"https:\/\/webs360apps.com\/ismafinal\/product\/wejoin-secupark62013l-barrera-izquierda-de-acceso-vehicular-con-leds-en-brazo-motor-de-3-segundos-brazo-de-3-metros\/"},"modified":"2022-06-08T01:13:17","modified_gmt":"2022-06-08T01:13:17","slug":"wejoin-secupark62013l-barrera-izquierda-de-acceso-vehicular-con-leds-en-brazo-motor-de-3-segundos-brazo-de-3-metros","status":"publish","type":"product","link":"https:\/\/globalsystem.com.mx\/catalogo\/wejoin-secupark62013l-barrera-izquierda-de-acceso-vehicular-con-leds-en-brazo-motor-de-3-segundos-brazo-de-3-metros","title":{"rendered":"WEJOIN SECUPARK62013L &#8211; BARRERA IZQUIERDA PARA CONTROL DE ACCESO VEHICULAR\/ CON LEDS EN BRAZO \/ MOTOR DE 3 SEGUNDOS\/ BRAZO DE 3 METROS"},"content":{"rendered":"<p><span style=\"font-size: 14pt; font-family: 'Times New Roman', serif;\">Barrera para control de accesos vehiculares, pluma con leds.<\/span><\/p>\n<p><span style=\"font-size: 14pt; font-family: 'Times New Roman', serif;\">Tambi\u00e9n ofrecemos el servicio OEM para muchas grandes empresas, y los productos para satisfacer su demanda de instalaciones de alta calidad para el negocio, que hacen que nuestros clientes sean m\u00e1s competitivos.<\/span><\/p>\n<p><span style=\"font-size: 14pt; font-family: 'Times New Roman', serif;\">Poseemos un amplio conocimiento, experiencia y alta calidad en este campo para servir a nuestros clientes.<\/span><\/p>\n<p><span style=\"font-size: 14pt; font-family: 'Times New Roman', serif;\">Funciones Principales:<\/span><\/p>\n<ul>\n<li><span style=\"font-size: 14pt; font-family: 'Times New Roman', serif;\">Motor de 3 segundos (no puede ser modificado)<\/span><\/li>\n<li><span style=\"font-size: 14pt; font-family: 'Times New Roman', serif;\">Gabinete y Brazo con luces led<\/span><\/li>\n<li><span style=\"font-size: 14pt; font-family: 'Times New Roman', serif;\">Hasta 1000 aperturas diarias (motor con apertura de 3 segundos)<\/span><\/li>\n<li><span style=\"font-size: 14pt; font-family: 'Times New Roman', serif;\">Uso rudo<\/span><\/li>\n<\/ul>\n<p><span style=\"font-size: 14pt; font-family: 'Times New Roman', serif;\">Que necesito para que mi equipo funcione:<\/span><\/p>\n<ul>\n<li><span style=\"font-size: 14pt; font-family: 'Times New Roman', serif;\">Dispositivos de apertura.<\/span><\/li>\n<li><span style=\"font-size: 14pt; font-family: 'Times New Roman', serif;\">Control de acceso.<\/span><\/li>\n<li><span style=\"font-size: 14pt; font-family: 'Times New Roman', serif;\">Panel multipuerta.<\/span><\/li>\n<li><span style=\"font-size: 14pt; font-family: 'Times New Roman', serif;\">Lectoras independientes.<\/span><\/li>\n<li><span style=\"font-size: 14pt; font-family: 'Times New Roman', serif;\">Sensores de masas met\u00e1licas.<\/span><\/li>\n<li><span style=\"font-size: 14pt; font-family: 'Times New Roman', serif;\">Botones liberadores.<\/span><\/li>\n<li><span style=\"font-size: 14pt; font-family: 'Times New Roman', serif;\">Lectoras de largo alcance (solo funcionan si se conectan a un panel multipuerta).<\/span><\/li>\n<li><span style=\"font-size: 14pt; font-family: 'Times New Roman', serif;\">Lectoras de corto alcance MF, ID o HID (solo modelos con wiegand out funcionan con paneles multipuerta).<\/span><\/li>\n<\/ul>\n<p><span style=\"font-size: 14pt; font-family: 'Times New Roman', serif;\"><br \/>\nLa serieWJDZ620X son los \u00faltimos modelos de nuestras barreras, las cuales tienen las siguientes nuevas mejoras:<\/span><\/p>\n<p><span style=\"font-size: 14pt; font-family: 'Times New Roman', serif;\">Dise\u00f1o \u00fanico de gabinete, con caracter\u00edsticas compactas y de bloqueo inteligente. Dise\u00f1o de molde por completo de todas las partes principales, con aleaciones de aluminio, efectuando una coincidencia exacta de cada componente, sin oxidaci\u00f3n y resistente a la corrosi\u00f3n en climas extremos.<\/span><\/p>\n<p>&nbsp;<\/p>\n<p><span style=\"font-size: 14pt; font-family: 'Times New Roman', serif;\">El Dise\u00f1o compacto de la m\u00e1quina principal adopta una gran reducci\u00f3n a raz\u00f3n de tecnolog\u00eda, haciendo la m\u00e1quina principal m\u00e1s compacta y con bloqueo inteligente.<br \/>\nUn est\u00e1ndar de resortes de equilibrio que es apto para todas las longitudes de las plumas, sin necesidad de cambiar el resorte<\/span><\/p>\n<p><span style=\"font-size: 14pt; font-family: 'Times New Roman', serif;\">Aplicaciones: Estacionamientos, peajes, patios, cruces de ferrocarril, accesos comerciales, acceso a departamentos, condominios y centros comerciales.<\/span><\/p>\n<p><span style=\"font-size: 14pt; font-family: 'Times New Roman', serif;\">Principales caracter\u00edsticas:\u00a0Pluma con indicadores en luces LED, apertura encienden leds verdes, cierre encienden leds rojos.<\/span><\/p>\n<p><span style=\"font-size: 14pt; font-family: 'Times New Roman', serif;\">TERMINOS DE VENTA:<\/span><\/p>\n<ul>\n<li><span style=\"font-size: 14pt; font-family: 'Times New Roman', serif;\">Precios expresados en pesos mexicanos.<\/span><\/li>\n<li><span style=\"font-size: 14pt; font-family: 'Times New Roman', serif;\">Precios sujetos a cambio sin previo aviso<\/span><\/li>\n<li><span style=\"font-size: 14pt; font-family: 'Times New Roman', serif;\">Pago: Anticipado v\u00eda transferencia \u00f3 dep\u00f3sito bancario.<\/span><\/li>\n<li><span style=\"font-size: 14pt; font-family: 'Times New Roman', serif;\">Tiempo de entrega: Inmediata o dependiendo existencias.<\/span><\/li>\n<li><span style=\"font-size: 14pt; font-family: 'Times New Roman', serif;\">Garant\u00eda de: 1 a\u00f1o (y\/o hasta 3) dependiendo del fabricante, por defectos de fabricaci\u00f3n.<\/span><\/li>\n<li><span style=\"font-size: 14pt; font-family: 'Times New Roman', serif;\">No incluye instalaci\u00f3n, canalizaci\u00f3n, ni obra civil, en caso de requerir por favor contacte al depto. de ventas.<\/span><\/li>\n<li><span style=\"font-size: 14pt; font-family: 'Times New Roman', serif;\">Para consultar existencias, precios sobre la transportaci\u00f3n y\/o los vi\u00e1ticos, por favor contacte con nosotros.<\/span><\/li>\n<li><span style=\"font-size: 14pt; font-family: 'Times New Roman', serif;\">Cualquier duda adicional, consulte a su ejecutivo de ventas.<\/span><\/li>\n<li><span style=\"font-size: 14pt; font-family: 'Times New Roman', serif;\">Contamos con laboratorio para la reparaci\u00f3n de equipos: DORLET, ZK TECO, WEJOIN, CAME, ROSSLARE, DIGICON, SYSCOM, AMANO, ACROPRINT, SEIKO, LATHEM, TARGETMAX, KING POWER, SIASA, DAHUA, SUPREMA, INGERSOLL RAND, SCHLAGE.<\/span><\/li>\n<\/ul>\n","protected":false},"excerpt":{"rendered":"<p>Barrera para control de accesos vehiculares, pluma con leds. Tambi\u00e9n ofrecemos el servicio OEM para muchas grandes empresas, y los productos para satisfacer su demanda de instalaciones de alta calidad para el negocio, que hacen que nuestros clientes sean m\u00e1s competitivos. Poseemos un amplio conocimiento, experiencia y alta calidad en este campo para servir a[&#8230;]<\/p>\n","protected":false},"featured_media":4134,"comment_status":"closed","ping_status":"closed","template":"","meta":[],"product_cat":[35],"product_tag":[],"class_list":["post-3323","product","type-product","status-publish","has-post-thumbnail","hentry","product_cat-control-de-acceso-vehicular","pa_marca-wejoin"],"_links":{"self":[{"href":"https:\/\/globalsystem.com.mx\/catalogo\/wp-json\/wp\/v2\/product\/3323","targetHints":{"allow":["GET"]}}],"collection":[{"href":"https:\/\/globalsystem.com.mx\/catalogo\/wp-json\/wp\/v2\/product"}],"about":[{"href":"https:\/\/globalsystem.com.mx\/catalogo\/wp-json\/wp\/v2\/types\/product"}],"replies":[{"embeddable":true,"href":"https:\/\/globalsystem.com.mx\/catalogo\/wp-json\/wp\/v2\/comments?post=3323"}],"version-history":[{"count":3,"href":"https:\/\/globalsystem.com.mx\/catalogo\/wp-json\/wp\/v2\/product\/3323\/revisions"}],"predecessor-version":[{"id":4136,"href":"https:\/\/globalsystem.com.mx\/catalogo\/wp-json\/wp\/v2\/product\/3323\/revisions\/4136"}],"wp:featuredmedia":[{"embeddable":true,"href":"https:\/\/globalsystem.com.mx\/catalogo\/wp-json\/wp\/v2\/media\/4134"}],"wp:attachment":[{"href":"https:\/\/globalsystem.com.mx\/catalogo\/wp-json\/wp\/v2\/media?parent=3323"}],"wp:term":[{"taxonomy":"product_cat","embeddable":true,"href":"https:\/\/globalsystem.com.mx\/catalogo\/wp-json\/wp\/v2\/product_cat?post=3323"},{"taxonomy":"product_tag","embeddable":true,"href":"https:\/\/globalsystem.com.mx\/catalogo\/wp-json\/wp\/v2\/product_tag?post=3323"}],"curies":[{"name":"wp","href":"https:\/\/api.w.org\/{rel}","templated":true}]}}