{"id":3321,"date":"2022-06-03T22:08:16","date_gmt":"2022-06-03T22:08:16","guid":{"rendered":"https:\/\/webs360apps.com\/ismafinal\/product\/guardus-g3\/"},"modified":"2022-06-08T00:17:44","modified_gmt":"2022-06-08T00:17:44","slug":"guardus-g3","status":"publish","type":"product","link":"https:\/\/globalsystem.com.mx\/catalogo\/guardus-g3","title":{"rendered":"Guardus G3"},"content":{"rendered":"<p><span style=\"color: #3f4143; font-family: Tahoma; font-size: 11px; line-height: 13px;\">\u2022 El Guardus G3 es capas de leer iButtons (puntos de ronda con memoria de contacto) \u00fanicamente<\/span><\/p>\n<p><span style=\"color: #3f4143; font-family: Tahoma; font-size: 11px; line-height: 13px;\">\u2022 Ideal para vigilar \u00f3 controlar fabricas, hospitales, universidades, unidades habitacionales, autom\u00f3viles, cuartos de hotel, sucursales, y diversas instalaciones que usted desee. <\/span><\/p>\n<p><span style=\"color: #3f4143; font-family: Tahoma; font-size: 11px; line-height: 13px;\">\u2022 Flexible para una gran gama de aplicaciones <\/span><\/p>\n<p><span style=\"color: #3f4143; font-family: Tahoma; font-size: 11px; line-height: 13px;\">\u2022 Bastara con que el vigilante toque el iButton con el GUARDUS y quedaran registrados los siguientes datos, a\u00f1o, mes, d\u00eda, hora, minutos, numero de iButton (estaci\u00f3n), nombre que se haya asignado al equipo, etc. <\/span><\/p>\n<p><span style=\"color: #3f4143; font-family: Tahoma; font-size: 11px; line-height: 13px;\">\u2022 Adem\u00e1s de que cada vigilante puede ser distinguido por su nombre y n\u00famero de iButton. <\/span><\/p>\n<p><span style=\"color: #3f4143; font-family: Tahoma; font-size: 11px; line-height: 13px;\">\u2022 La informaci\u00f3n le\u00edda es almacenada en la memoria para poder ser descargada en la PC mediante un cable de comunicaci\u00f3n serial. <\/span><\/p>\n<p><span style=\"color: #3f4143; font-family: Tahoma; font-size: 11px; line-height: 13px;\">\u2022 La descarga de informaci\u00f3n de un equipo es de 2 a 20 segundos aprox. \u2022 Su peso es de 225 gr. Por lo que es muy c\u00f3modo portarlo para el vigilante.<\/span><\/p>\n<p><span style=\"color: #3f4143; font-family: Tahoma; font-size: 11px; line-height: 13px;\"> \u2022 Los reportes emitidos por el software son muy f\u00e1ciles de comprender. <\/span><\/p>\n<p><span style=\"color: #3f4143; font-family: Tahoma; font-size: 11px; line-height: 13px;\">\u2022 Este equipo no requiere de cintas o papel auto-copiable, que utilizan los relojes checadores de rond\u00edn convencionales y que se encuentran limitados en aplicaciones. <\/span><\/p>\n<p><span style=\"color: #3f4143; font-family: Tahoma; font-size: 11px; line-height: 13px;\">Optimice a su personal de seguridad<\/span><\/p>\n<p><span style=\"color: #3f4143; font-family: Tahoma; font-size: 11px; line-height: 13px;\"> KIT G3 SERIAL INCLUYE: 1 LECTOR DE CONTACTO GUARDUS G3 1 FUNDA DE NYLON 1 CABLE PARA COMUNICACI\u00d3N SERIAL 6 IBUTTONS (ESTACIONES DE REGISTRO) 2 IBUTTONS IDENTIFICADORES DE VIGILANTE 1 IBUTTON MAESTRO (PARA SUPERVISOR) 1 CD CON SOFTWARE Y MANUALES 1 CAPACITACION<\/span><\/p>\n","protected":false},"excerpt":{"rendered":"<p>\u2022 El Guardus G3 es capas de leer iButtons (puntos de ronda con memoria de contacto) \u00fanicamente \u2022 Ideal para vigilar \u00f3 controlar fabricas, hospitales, universidades, unidades habitacionales, autom\u00f3viles, cuartos de hotel, sucursales, y diversas instalaciones que usted desee. \u2022 Flexible para una gran gama de aplicaciones \u2022 Bastara con que el vigilante toque el[&#8230;]<\/p>\n","protected":false},"featured_media":4093,"comment_status":"closed","ping_status":"closed","template":"","meta":[],"product_cat":[32],"product_tag":[],"class_list":["post-3321","product","type-product","status-publish","has-post-thumbnail","hentry","product_cat-control-de-rondas-o-rondines-de-vigilancia","pa_marca-wejoin"],"_links":{"self":[{"href":"https:\/\/globalsystem.com.mx\/catalogo\/wp-json\/wp\/v2\/product\/3321","targetHints":{"allow":["GET"]}}],"collection":[{"href":"https:\/\/globalsystem.com.mx\/catalogo\/wp-json\/wp\/v2\/product"}],"about":[{"href":"https:\/\/globalsystem.com.mx\/catalogo\/wp-json\/wp\/v2\/types\/product"}],"replies":[{"embeddable":true,"href":"https:\/\/globalsystem.com.mx\/catalogo\/wp-json\/wp\/v2\/comments?post=3321"}],"version-history":[{"count":3,"href":"https:\/\/globalsystem.com.mx\/catalogo\/wp-json\/wp\/v2\/product\/3321\/revisions"}],"predecessor-version":[{"id":4092,"href":"https:\/\/globalsystem.com.mx\/catalogo\/wp-json\/wp\/v2\/product\/3321\/revisions\/4092"}],"wp:featuredmedia":[{"embeddable":true,"href":"https:\/\/globalsystem.com.mx\/catalogo\/wp-json\/wp\/v2\/media\/4093"}],"wp:attachment":[{"href":"https:\/\/globalsystem.com.mx\/catalogo\/wp-json\/wp\/v2\/media?parent=3321"}],"wp:term":[{"taxonomy":"product_cat","embeddable":true,"href":"https:\/\/globalsystem.com.mx\/catalogo\/wp-json\/wp\/v2\/product_cat?post=3321"},{"taxonomy":"product_tag","embeddable":true,"href":"https:\/\/globalsystem.com.mx\/catalogo\/wp-json\/wp\/v2\/product_tag?post=3321"}],"curies":[{"name":"wp","href":"https:\/\/api.w.org\/{rel}","templated":true}]}}