{"id":3319,"date":"2022-06-03T22:08:16","date_gmt":"2022-06-03T22:08:16","guid":{"rendered":"https:\/\/webs360apps.com\/ismafinal\/product\/bioentry-w2\/"},"modified":"2022-06-09T01:07:44","modified_gmt":"2022-06-09T01:07:44","slug":"bioentry-w2","status":"publish","type":"product","link":"https:\/\/globalsystem.com.mx\/catalogo\/bioentry-w2","title":{"rendered":"Bioentry W2 Terminal de huella dactilar para control de acceso en interior o exterior a prueba de vandalismo"},"content":{"rendered":"<p><span style=\"font-size: 12pt; font-family: 'Times New Roman',serif;\">Bioentry W2<\/span><\/p>\n<p><span style=\"font-size: 12pt; font-family: 'Times New Roman',serif; color: black;\">Terminal de huella dactilar para control de acceso en interior o exterior a prueba de vandalismo<\/span><\/p>\n<p>BioEntry W2 de Suprema es un reloj checador de huella dactilar IP adecuado para uso en interiores o exteriores, con protecci\u00f3n antivand\u00e1lica, que incorpora la mejor tecnolog\u00eda biom\u00e9trica y soluci\u00f3n de seguridad del mundo, desarrollada por Suprema. BioEntry W2 ofrece el rendimiento y nivel de seguridad l\u00edder en su clase al incorporar el algoritmo de huellas dactilares Suprema en conjunto con su potente CPU de cuatro n\u00facleos, m\u00e1s la siguiente generaci\u00f3n de tecnolog\u00eda de Detecci\u00f3n de Huella Viva (LFD). Todas estas caracter\u00edsticas, en junto con la resistente carcasa lP67\/IK08 de brillante acabado, hacen de BioEntry W2 la soluci\u00f3n perfecta para implementaciones en interiores o exteriores.<\/p>\n<p><strong><span style=\"font-size: 12pt; font-family: 'Times New Roman',serif;\">Caracter\u00edsticas<\/span><\/strong><\/p>\n<ul>\n<li><span style=\"font-size: 10pt; font-family: 'Times New Roman',serif; color: black;\">El mejor rendimiento en su clase<\/span><\/li>\n<li><span style=\"font-size: 10pt; font-family: 'Times New Roman',serif; color: black;\">El m\u00e1s reciente algoritmo Suprema<\/span><\/li>\n<li><span style=\"font-size: 10pt; font-family: 'Times New Roman',serif; color: black;\">CPU de 1.2 GHz de cuatro n\u00facleos (quad-core)<\/span><\/li>\n<li><span style=\"font-size: 10pt; font-family: 'Times New Roman',serif; color: black;\">Precisi\u00f3n y seguridad mejoradas<\/span><\/li>\n<li><span style=\"font-size: 10pt; font-family: 'Times New Roman',serif; color: black;\">Nueva t\u00e9cnica avanzada de Detecci\u00f3n de Huellas Vivas (LFD)<\/span><\/li>\n<li><span style=\"font-size: 10pt; font-family: 'Times New Roman',serif; color: black;\">Algoritmo y sensor \u00f3ptico OP5 mejorados<\/span><\/li>\n<li><span style=\"font-size: 10pt; font-family: 'Times New Roman',serif; color: black;\">Capacidad expandida<\/span><\/li>\n<li><span style=\"font-size: 10pt; font-family: 'Times New Roman',serif; color: black;\">M\u00e1ximo 500 mil usuarios\/1 mill\u00f3n de registros de texto<\/span><\/li>\n<li><span style=\"font-size: 10pt; font-family: 'Times New Roman',serif; color: black;\">Memoria de gran capacidad: 2GB Flash + 256 MB RAM<\/span><\/li>\n<li><span style=\"font-size: 10pt; font-family: 'Times New Roman',serif; color: black;\">Las mejores caracter\u00edsticas en su clase<\/span><\/li>\n<li><span style=\"font-size: 10pt; font-family: 'Times New Roman',serif; color: black;\">Soporte PoE<\/span><\/li>\n<li><span style=\"font-size: 10pt; font-family: 'Times New Roman',serif; color: black;\">Protecci\u00f3n IK08 contra impactos<\/span><\/li>\n<li><span style=\"font-size: 10pt; font-family: 'Times New Roman',serif; color: black;\">Nivel de protecci\u00f3n ambiental IP67<\/span><\/li>\n<li><span style=\"font-size: 10pt; font-family: 'Times New Roman',serif; color: black;\">Interfaz vers\u00e1til\/ Opciones RFID<\/span><\/li>\n<li><span style=\"font-size: 10pt; font-family: 'Times New Roman',serif; color: black;\">Wiegand, RS485, TTL I\/O, relevador<\/span><\/li>\n<li><span style=\"font-size: 10pt; font-family: 'Times New Roman',serif; color: black;\">125 KHz EM\/HID Prox<\/span><\/li>\n<li><\/li>\n<\/ul>\n<p><strong><span style=\"font-size: 12pt; font-family: 'Times New Roman',serif;\">Especificaciones<\/span><\/strong><\/p>\n<ul>\n<li><span style=\"font-size: 10pt; font-family: 'Times New Roman',serif;\">Biometr\u00eda<span style=\"color: black;\"> Huella dactilar<\/span><\/span><\/li>\n<li><span style=\"font-size: 10pt; font-family: 'Times New Roman',serif;\">Plantillas<span style=\"color: black;\"> SUPREMA \/ ISO 19794-2\/ANSI 378<\/span><\/span><\/li>\n<li><span style=\"font-size: 10pt; font-family: 'Times New Roman',serif;\">Extractor\/Comparador<span style=\"color: black;\"> MINEX certificado y compatible<\/span><\/span><\/li>\n<li><span style=\"font-size: 10pt; font-family: 'Times New Roman',serif;\">LFD<span style=\"color: black;\">Soportado<\/span><\/span><\/li>\n<li><span style=\"font-size: 10pt; font-family: 'Times New Roman',serif;\">Opciones RFID<span style=\"color: black;\"> 125 KHz EM\/HID Proxy, 13.56 MHz Mifare\/DESFire\/DESFire EV1\/Felicia\/NFC\/iClass<\/span><\/span><\/li>\n<li><span style=\"font-size: 10pt; font-family: 'Times New Roman',serif;\">CPU<\/span><\/li>\n<li><span style=\"font-size: 10pt; font-family: 'Times New Roman',serif;\">Memoria<span style=\"color: black;\"> 2GB Flash + 256 MB RAM<\/span><\/span><\/li>\n<li><span style=\"font-size: 10pt; font-family: 'Times New Roman',serif;\">M\u00e1x. de usuarios<span style=\"color: black;\"> 500,000 (1:1), 100,000 (1:N)<\/span><\/span><\/li>\n<li><span style=\"font-size: 10pt; font-family: 'Times New Roman',serif;\">M\u00e1x. de plantillas<span style=\"color: black;\"> 1,000,000 (1:1), 200,000 (1:N)<\/span><\/span><\/li>\n<li><span style=\"font-size: 10pt; font-family: 'Times New Roman',serif;\">M\u00e1x. de registros<span style=\"color: black;\"> 1,000,000 (texto)<\/span><\/span><\/li>\n<li><span style=\"font-size: 10pt; font-family: 'Times New Roman',serif;\">LCD<span style=\"color: black;\"> Multicolor<\/span><\/span><\/li>\n<li><span style=\"font-size: 10pt; font-family: 'Times New Roman',serif;\">Sonido<span style=\"color: black;\"> Buzzer<\/span><\/span><\/li>\n<li><span style=\"font-size: 10pt; font-family: 'Times New Roman',serif;\">Ethernet<span style=\"color: black;\"> 10\/100 Mbps, auto MDI\/MDI-X<\/span><\/span><\/li>\n<li><span style=\"font-size: 10pt; font-family: 'Times New Roman',serif;\">RS-485<span style=\"color: black;\"> Host o Slave de 1 pulgada (seleccionable)<\/span><\/span><\/li>\n<li><span style=\"font-size: 10pt; font-family: 'Times New Roman',serif;\">Wiegand<span style=\"color: black;\"> Entrada o salida de 1 pulgada(seleccionable)<\/span><\/span><\/li>\n<li><span style=\"font-size: 10pt; font-family: 'Times New Roman',serif;\">TTL<span style=\"color: black;\"> Entrada de 2 pulgadas<\/span><\/span><\/li>\n<li><span style=\"font-size: 10pt; font-family: 'Times New Roman',serif;\">Relevador<span style=\"color: black;\"> 1<\/span><\/span><\/li>\n<li><span style=\"font-size: 10pt; font-family: 'Times New Roman',serif;\">PoE<span style=\"color: black;\"> Soportado (IEEE 802.3af compatible)<\/span><\/span><\/li>\n<li><span style=\"font-size: 10pt; font-family: 'Times New Roman',serif;\">Tamper<span style=\"color: black;\"> Soportado<\/span><\/span><\/li>\n<li><span style=\"font-size: 10pt; font-family: 'Times New Roman',serif;\">Alimentaci\u00f3n<span style=\"color: black;\"> DC 12V<\/span><\/span><\/li>\n<li><span style=\"font-size: 10pt; font-family: 'Times New Roman',serif;\">Temperatura de operaci\u00f3n<span style=\"color: black;\"> -20\u00b0C &#8211; 50\u00b0C<\/span><\/span><\/li>\n<li><span style=\"font-size: 10pt; font-family: 'Times New Roman',serif;\">Humedad de operaci\u00f3n<span style=\"color: black;\"> 0% &#8211; 80% sin condensaci\u00f3n<\/span><\/span><\/li>\n<li><span style=\"font-size: 10pt; font-family: 'Times New Roman',serif;\">Dimensiones<span style=\"color: black;\">(Ancho x Alto x Profundidad, mm) 50 x 172 x 43.5<\/span><\/span><\/li>\n<li><span style=\"font-size: 10pt; font-family: 'Times New Roman',serif;\">Unidad de peso<span style=\"color: black;\"> 251 g (294 g incluidos soporte, arandelas, tornillos)<\/span><\/span><\/li>\n<li><span style=\"font-size: 10pt; font-family: 'Times New Roman',serif;\">Certificados <span style=\"color: black;\">CE, FCC, KC, RoHS, REACH, WEEE<\/span><\/span><\/li>\n<\/ul>\n<p style=\"margin-bottom: 0.0001pt; line-height: normal; background: white none repeat scroll 0% 0%;\"><span style=\"font-size: 12pt; font-family: 'Times New Roman',serif; color: #333333;\">Pago: Referenciado, anticipado v\u00eda transferencia \u00f3 dep\u00f3sito bancario.<br \/>\nTiempo de entrega: Inmediata o dependiendo existencias.<br \/>\nIncluye: instalaci\u00f3n, software para control\u00a0de asistencias, soporte telef\u00f3nico y\/o remoto ilimitado<\/span><\/p>\n<p style=\"margin-bottom: 0.0001pt; line-height: normal; background: white none repeat scroll 0% 0%;\"><span style=\"font-size: 12pt; font-family: 'Times New Roman',serif; color: #333333;\">Garant\u00eda de: 1 a\u00f1o por defectos de fabricaci\u00f3n.<br \/>\nNo incluye canalizaci\u00f3n, ni obra civil, en caso de requerir por favor contacte al depto. de ventas.<br \/>\nContamos con talleres propios, para el mantenimiento y\/o reparaci\u00f3n de los equipos, refacciones y consumibles.<br \/>\nTambi\u00e9n contamos con servicio de mantenimiento preventivo o correctivo, reparaci\u00f3n, capacitaci\u00f3n para la administraci\u00f3n del software de control de asistencia, acceso o videovigilancia, a domicilio.<br \/>\nCualquier duda adicional por favor, consulte a su ejecutivo de ventas.<\/span><\/p>\n","protected":false},"excerpt":{"rendered":"<p>Bioentry W2 Terminal de huella dactilar para control de acceso en interior o exterior a prueba de vandalismo BioEntry W2 de Suprema es un reloj checador de huella dactilar IP adecuado para uso en interiores o exteriores, con protecci\u00f3n antivand\u00e1lica, que incorpora la mejor tecnolog\u00eda biom\u00e9trica y soluci\u00f3n de seguridad del mundo, desarrollada por Suprema.[&#8230;]<\/p>\n","protected":false},"featured_media":4214,"comment_status":"closed","ping_status":"closed","template":"","meta":[],"product_cat":[110],"product_tag":[],"class_list":["post-3319","product","type-product","status-publish","has-post-thumbnail","hentry","product_cat-control-de-acceso","pa_marca-bioentry"],"_links":{"self":[{"href":"https:\/\/globalsystem.com.mx\/catalogo\/wp-json\/wp\/v2\/product\/3319","targetHints":{"allow":["GET"]}}],"collection":[{"href":"https:\/\/globalsystem.com.mx\/catalogo\/wp-json\/wp\/v2\/product"}],"about":[{"href":"https:\/\/globalsystem.com.mx\/catalogo\/wp-json\/wp\/v2\/types\/product"}],"replies":[{"embeddable":true,"href":"https:\/\/globalsystem.com.mx\/catalogo\/wp-json\/wp\/v2\/comments?post=3319"}],"version-history":[{"count":3,"href":"https:\/\/globalsystem.com.mx\/catalogo\/wp-json\/wp\/v2\/product\/3319\/revisions"}],"predecessor-version":[{"id":4216,"href":"https:\/\/globalsystem.com.mx\/catalogo\/wp-json\/wp\/v2\/product\/3319\/revisions\/4216"}],"wp:featuredmedia":[{"embeddable":true,"href":"https:\/\/globalsystem.com.mx\/catalogo\/wp-json\/wp\/v2\/media\/4214"}],"wp:attachment":[{"href":"https:\/\/globalsystem.com.mx\/catalogo\/wp-json\/wp\/v2\/media?parent=3319"}],"wp:term":[{"taxonomy":"product_cat","embeddable":true,"href":"https:\/\/globalsystem.com.mx\/catalogo\/wp-json\/wp\/v2\/product_cat?post=3319"},{"taxonomy":"product_tag","embeddable":true,"href":"https:\/\/globalsystem.com.mx\/catalogo\/wp-json\/wp\/v2\/product_tag?post=3319"}],"curies":[{"name":"wp","href":"https:\/\/api.w.org\/{rel}","templated":true}]}}