{"id":3317,"date":"2022-06-03T22:08:16","date_gmt":"2022-06-03T22:08:16","guid":{"rendered":"https:\/\/webs360apps.com\/ismafinal\/product\/lorem-ipsum-dolor-17\/"},"modified":"2023-04-19T18:56:37","modified_gmt":"2023-04-19T18:56:37","slug":"reloj-checador-marca-acroprint-modelo-es700","status":"publish","type":"product","link":"https:\/\/globalsystem.com.mx\/catalogo\/reloj-checador-marca-acroprint-modelo-es700","title":{"rendered":"RELOJ CHECADOR MARCA ACROPRINT MODELO ES700"},"content":{"rendered":"<p class=\"MsoNoSpacing\"><span style=\"font-size: 10.0pt; mso-bidi-font-size: 11.0pt; font-family: 'Arial',sans-serif;\">Ideal para cualquier tipo de Oficina, Operaci\u00f3n R\u00e1pida y Silenciosa. <\/span><\/p>\n<p class=\"MsoNoSpacing\"><strong><span style=\"font-size: 10.0pt; mso-bidi-font-size: 11.0pt; font-family: 'Arial',sans-serif;\">Caracter\u00edsticas de reloj Acroprint ES700: <\/span><\/strong><\/p>\n<p class=\"MsoNoSpacing\" style=\"margin-left: 36.0pt; text-indent: -18.0pt; mso-list: l0 level1 lfo1;\"><!-- [if !supportLists]--><span style=\"font-size: 10.0pt; mso-bidi-font-size: 11.0pt; font-family: Symbol; mso-fareast-font-family: Symbol; mso-bidi-font-family: Symbol;\">\u00b7<span style=\"font-stretch: normal; font-size: 7pt; line-height: normal; font-family: 'Times New Roman';\">\u00a0\u00a0\u00a0\u00a0\u00a0\u00a0\u00a0\u00a0 <\/span><\/span><!--[endif]--><span style=\"font-size: 10.0pt; mso-bidi-font-size: 11.0pt; font-family: 'Arial',sans-serif;\">El Usuario Selecciona el Formato de la Hora (12 o 24) <\/span><\/p>\n<p class=\"MsoNoSpacing\" style=\"margin-left: 36.0pt; text-indent: -18.0pt; mso-list: l0 level1 lfo1;\"><!-- [if !supportLists]--><span style=\"font-size: 10.0pt; mso-bidi-font-size: 11.0pt; font-family: Symbol; mso-fareast-font-family: Symbol; mso-bidi-font-family: Symbol;\">\u00b7<span style=\"font-stretch: normal; font-size: 7pt; line-height: normal; font-family: 'Times New Roman';\">\u00a0\u00a0\u00a0\u00a0\u00a0\u00a0\u00a0\u00a0 <\/span><\/span><!--[endif]--><span style=\"font-size: 10.0pt; mso-bidi-font-size: 11.0pt; font-family: 'Arial',sans-serif;\">Selecci\u00f3n de Minutos Est\u00e1ndares, D\u00e9cimas o Cent\u00e9simas. <\/span><\/p>\n<p class=\"MsoNoSpacing\" style=\"margin-left: 36.0pt; text-indent: -18.0pt; mso-list: l0 level1 lfo1;\"><!-- [if !supportLists]--><span style=\"font-size: 10.0pt; mso-bidi-font-size: 11.0pt; font-family: Symbol; mso-fareast-font-family: Symbol; mso-bidi-font-family: Symbol;\">\u00b7<span style=\"font-stretch: normal; font-size: 7pt; line-height: normal; font-family: 'Times New Roman';\">\u00a0\u00a0\u00a0\u00a0\u00a0\u00a0\u00a0\u00a0 <\/span><\/span><!--[endif]--><span style=\"font-size: 10.0pt; mso-bidi-font-size: 11.0pt; font-family: 'Arial',sans-serif;\">Selecci\u00f3n para impresi\u00f3n, D\u00eda\/fecha\/Mes <\/span><\/p>\n<p class=\"MsoNoSpacing\" style=\"margin-left: 36.0pt; text-indent: -18.0pt; mso-list: l0 level1 lfo1;\"><!-- [if !supportLists]--><span style=\"font-size: 10.0pt; mso-bidi-font-size: 11.0pt; font-family: Symbol; mso-fareast-font-family: Symbol; mso-bidi-font-family: Symbol;\">\u00b7<span style=\"font-stretch: normal; font-size: 7pt; line-height: normal; font-family: 'Times New Roman';\">\u00a0\u00a0\u00a0\u00a0\u00a0\u00a0\u00a0\u00a0 <\/span><\/span><!--[endif]--><span style=\"font-size: 10.0pt; mso-bidi-font-size: 11.0pt; font-family: 'Arial',sans-serif;\">2 o 4 d\u00edgitos para el a\u00f1o. <\/span><\/p>\n<p class=\"MsoNoSpacing\" style=\"margin-left: 36.0pt; text-indent: -18.0pt; mso-list: l0 level1 lfo1;\"><!-- [if !supportLists]--><span style=\"font-size: 10.0pt; mso-bidi-font-size: 11.0pt; font-family: Symbol; mso-fareast-font-family: Symbol; mso-bidi-font-family: Symbol;\">\u00b7<span style=\"font-stretch: normal; font-size: 7pt; line-height: normal; font-family: 'Times New Roman';\">\u00a0\u00a0\u00a0\u00a0\u00a0\u00a0\u00a0\u00a0 <\/span><\/span><!--[endif]--><span style=\"font-size: 10.0pt; mso-bidi-font-size: 11.0pt; font-family: 'Arial',sans-serif;\">Programaci\u00f3n para impresi\u00f3n de segundos. <\/span><\/p>\n<p class=\"MsoNoSpacing\" style=\"margin-left: 36.0pt; text-indent: -18.0pt; mso-list: l0 level1 lfo1;\"><!-- [if !supportLists]--><span style=\"font-size: 10.0pt; mso-bidi-font-size: 11.0pt; font-family: Symbol; mso-fareast-font-family: Symbol; mso-bidi-font-family: Symbol;\">\u00b7<span style=\"font-stretch: normal; font-size: 7pt; line-height: normal; font-family: 'Times New Roman';\">\u00a0\u00a0\u00a0\u00a0\u00a0\u00a0\u00a0\u00a0 <\/span><\/span><!--[endif]--><span style=\"font-size: 10.0pt; mso-bidi-font-size: 11.0pt; font-family: 'Arial',sans-serif;\">Selecci\u00f3n de impresi\u00f3n Manual, Autom\u00e1tico, y Semiautom\u00e1tico. <\/span><\/p>\n<p class=\"MsoNoSpacing\" style=\"margin-left: 36.0pt; text-indent: -18.0pt; mso-list: l0 level1 lfo1;\"><!-- [if !supportLists]--><span style=\"font-size: 10.0pt; mso-bidi-font-size: 11.0pt; font-family: Symbol; mso-fareast-font-family: Symbol; mso-bidi-font-family: Symbol;\">\u00b7<span style=\"font-stretch: normal; font-size: 7pt; line-height: normal; font-family: 'Times New Roman';\">\u00a0\u00a0\u00a0\u00a0\u00a0\u00a0\u00a0\u00a0 <\/span><\/span><!--[endif]--><span style=\"font-size: 10.0pt; mso-bidi-font-size: 11.0pt; font-family: 'Arial',sans-serif;\">Programaci\u00f3n protegida por un usuario seleccionado, Clave de acceso con 4 d\u00edgitos num\u00e9ricos. <\/span><\/p>\n<p class=\"MsoNoSpacing\" style=\"margin-left: 36.0pt; text-indent: -18.0pt; mso-list: l0 level1 lfo1;\"><!-- [if !supportLists]--><span style=\"font-size: 10.0pt; mso-bidi-font-size: 11.0pt; font-family: Symbol; mso-fareast-font-family: Symbol; mso-bidi-font-family: Symbol;\">\u00b7<span style=\"font-stretch: normal; font-size: 7pt; line-height: normal; font-family: 'Times New Roman';\">\u00a0\u00a0\u00a0\u00a0\u00a0\u00a0\u00a0\u00a0 <\/span><\/span><!--[endif]--><span style=\"font-size: 10.0pt; mso-bidi-font-size: 11.0pt; font-family: 'Arial',sans-serif;\">F\u00e1cil lectura de la pantalla, indicando Fecha, Hora y d\u00eda de la semana. <\/span><\/p>\n<p class=\"MsoNoSpacing\" style=\"margin-left: 36.0pt; text-indent: -18.0pt; mso-list: l0 level1 lfo1;\"><!-- [if !supportLists]--><span style=\"font-size: 10.0pt; font-family: Symbol; mso-fareast-font-family: Symbol; mso-bidi-font-family: Symbol;\">\u00b7<span style=\"font-stretch: normal; font-size: 7pt; line-height: normal; font-family: 'Times New Roman';\">\u00a0\u00a0\u00a0\u00a0\u00a0\u00a0\u00a0\u00a0 <\/span><\/span><!--[endif]--><span style=\"font-size: 10.0pt; mso-bidi-font-size: 11.0pt; font-family: 'Arial',sans-serif;\">Impresi\u00f3n de mensajes, d\u00eda de la semana y mes en 4 lenguajes: Ingl\u00e9s, espa\u00f1ol, Franc\u00e9s y Portugu\u00e9s<\/span><\/p>\n<p class=\"MsoNoSpacing\"><strong><span style=\"font-size: 10.0pt; font-family: 'Arial',sans-serif; mso-fareast-language: ES-MX;\">Precios expresados en d\u00f3lares americanos pagaderos al tipo de cambio del d\u00eda de la compra y facturaci\u00f3n.<\/span><\/strong><\/p>\n<p class=\"MsoNoSpacing\"><span style=\"font-size: 10.0pt; font-family: 'Arial',sans-serif; mso-fareast-language: ES-MX;\">Pago: Anticipado v\u00eda transferencia \u00f3 dep\u00f3sito bancario.<\/span><\/p>\n<p class=\"MsoNoSpacing\"><span style=\"font-size: 10.0pt; font-family: 'Arial',sans-serif; mso-fareast-language: ES-MX;\">Tiempo de entrega: Inmediata o dependiendo existencias.<\/span><\/p>\n<p class=\"MsoNoSpacing\"><span style=\"font-size: 10.0pt; font-family: 'Arial',sans-serif; mso-fareast-language: ES-MX;\">Garant\u00eda de: 1 a\u00f1o por defectos de fabricaci\u00f3n.<\/span><\/p>\n<p class=\"MsoNoSpacing\"><span style=\"font-size: 10.0pt; font-family: 'Arial',sans-serif; mso-fareast-language: ES-MX;\">No incluye instalaci\u00f3n, canalizaci\u00f3n, ni obra civil, en caso de requerir por favor contacte al depto. de ventas.<\/span><\/p>\n<p class=\"MsoNoSpacing\"><span style=\"font-size: 10.0pt; font-family: 'Arial',sans-serif; mso-fareast-language: ES-MX;\">Para consultar existencias, precios sobre la transportaci\u00f3n y\/o\u00a0 los vi\u00e1ticos,\u00a0por favor contacte con nosotros.<\/span><\/p>\n<p class=\"MsoNoSpacing\"><span style=\"font-size: 10.0pt; font-family: 'Arial',sans-serif; mso-fareast-language: ES-MX;\">Precios sujetos a cambio sin previo aviso.<\/span><\/p>\n<p class=\"MsoNoSpacing\"><span style=\"font-size: 10.0pt; font-family: 'Arial',sans-serif; mso-fareast-language: ES-MX;\">Cualquier duda adicional, consulte a su ejecutivo de ventas.<\/span><\/p>\n<p class=\"MsoNoSpacing\">\n","protected":false},"excerpt":{"rendered":"<p>Ideal para cualquier tipo de Oficina, Operaci\u00f3n R\u00e1pida y Silenciosa. Caracter\u00edsticas de reloj Acroprint ES700: \u00b7\u00a0\u00a0\u00a0\u00a0\u00a0\u00a0\u00a0\u00a0 El Usuario Selecciona el Formato de la Hora (12 o 24) \u00b7\u00a0\u00a0\u00a0\u00a0\u00a0\u00a0\u00a0\u00a0 Selecci\u00f3n de Minutos Est\u00e1ndares, D\u00e9cimas o Cent\u00e9simas. \u00b7\u00a0\u00a0\u00a0\u00a0\u00a0\u00a0\u00a0\u00a0 Selecci\u00f3n para impresi\u00f3n, D\u00eda\/fecha\/Mes \u00b7\u00a0\u00a0\u00a0\u00a0\u00a0\u00a0\u00a0\u00a0 2 o 4 d\u00edgitos para el a\u00f1o. \u00b7\u00a0\u00a0\u00a0\u00a0\u00a0\u00a0\u00a0\u00a0 Programaci\u00f3n para impresi\u00f3n de segundos. \u00b7\u00a0\u00a0\u00a0\u00a0\u00a0\u00a0\u00a0\u00a0[&#8230;]<\/p>\n","protected":false},"featured_media":4469,"comment_status":"closed","ping_status":"closed","template":"","meta":[],"product_cat":[115],"product_tag":[],"class_list":["post-3317","product","type-product","status-publish","has-post-thumbnail","hentry","product_cat-relojes-checadores-acroprint","pa_marca-acroprint"],"_links":{"self":[{"href":"https:\/\/globalsystem.com.mx\/catalogo\/wp-json\/wp\/v2\/product\/3317","targetHints":{"allow":["GET"]}}],"collection":[{"href":"https:\/\/globalsystem.com.mx\/catalogo\/wp-json\/wp\/v2\/product"}],"about":[{"href":"https:\/\/globalsystem.com.mx\/catalogo\/wp-json\/wp\/v2\/types\/product"}],"replies":[{"embeddable":true,"href":"https:\/\/globalsystem.com.mx\/catalogo\/wp-json\/wp\/v2\/comments?post=3317"}],"version-history":[{"count":4,"href":"https:\/\/globalsystem.com.mx\/catalogo\/wp-json\/wp\/v2\/product\/3317\/revisions"}],"predecessor-version":[{"id":5013,"href":"https:\/\/globalsystem.com.mx\/catalogo\/wp-json\/wp\/v2\/product\/3317\/revisions\/5013"}],"wp:featuredmedia":[{"embeddable":true,"href":"https:\/\/globalsystem.com.mx\/catalogo\/wp-json\/wp\/v2\/media\/4469"}],"wp:attachment":[{"href":"https:\/\/globalsystem.com.mx\/catalogo\/wp-json\/wp\/v2\/media?parent=3317"}],"wp:term":[{"taxonomy":"product_cat","embeddable":true,"href":"https:\/\/globalsystem.com.mx\/catalogo\/wp-json\/wp\/v2\/product_cat?post=3317"},{"taxonomy":"product_tag","embeddable":true,"href":"https:\/\/globalsystem.com.mx\/catalogo\/wp-json\/wp\/v2\/product_tag?post=3317"}],"curies":[{"name":"wp","href":"https:\/\/api.w.org\/{rel}","templated":true}]}}