{"id":3315,"date":"2022-06-03T22:08:16","date_gmt":"2022-06-03T22:08:16","guid":{"rendered":"https:\/\/webs360apps.com\/ismafinal\/product\/reloj-checador-para-control-de-asistencia-marca-amano-modelo-pix-25\/"},"modified":"2022-06-15T02:23:13","modified_gmt":"2022-06-15T02:23:13","slug":"reloj-checador-para-control-de-asistencia-marca-amano-modelo-pix-25","status":"publish","type":"product","link":"https:\/\/globalsystem.com.mx\/catalogo\/reloj-checador-para-control-de-asistencia-marca-amano-modelo-pix-25","title":{"rendered":"RELOJ CHECADOR PARA CONTROL DE ASISTENCIA MARCA AMANO MODELO PIX-25"},"content":{"rendered":"<address style=\"text-align: left;\"><!-- [if gte mso 9]><xml>\n<o_OfficeDocumentSettings>\n<o_AllowPNG\/>\n<\/o_OfficeDocumentSettings>\n<\/xml><![endif]--><\/address>\n<div class=\"caption\" style=\"text-align: left;\"><\/div>\n<div class=\"MsoNoSpacing caption\" style=\"text-align: left;\">\n<p><span style=\"font-size: 12pt; font-family: 'Times New Roman', serif;\">RELOJ PIX-25 CHECADOR PARA CONTROL DE ASISTENCIA MARCA AMANO <\/span><\/p>\n<p><span style=\"font-size: 12pt; font-family: 'Times New Roman', serif;\">Es un reloj checador para cualquier tipo de oficina, con funciones de valor agregado que satisfacen el uso diario de las compa\u00f1\u00edas. Ideal para instituciones financieras, gubernamentales, peque\u00f1as y medianas empresas.<\/span><\/p>\n<p><span style=\"font-size: 12pt; font-family: 'Times New Roman', serif;\">Caracter\u00edsticas:<br \/>\n\u2022 Cambia autom\u00e1ticamente a\u00f1o(2 o 4 digitos), mes, fecha y horario de verano<br \/>\n\u2022 Imprime el tiempo reglamentario o militar; AM o PM, 0-23 horas, minutos, d\u00e9cimas o cent\u00e9simas<br \/>\n\u2022 Ventana de impresi\u00f3n iluminada para la alineaci\u00f3n de tarjeta f\u00e1cil<br \/>\n\u2022 Seleccione entre Autom\u00e1tico o manual de impresi\u00f3n<br \/>\n\u2022 Precisi\u00f3n de cuarzo<br \/>\n\u2022 Indicador de capacidad de la cinta<br \/>\n\u2022 Cartucho de cinta<br \/>\n\u2022 Imprime m\u00faltiples idiomas<br \/>\n\u2022 Claro impresi\u00f3n en papel o tarjetas de tiempo<br \/>\n\u2022 Pantalla digital muestra fecha y hora<br \/>\n\u2022 Bater\u00eda de litio para la memoria de 3 a\u00f1os de duraci\u00f3n<br \/>\n\u2022 Mesa o montaje en pared<br \/>\n\u2022 Fuente de alimentaci\u00f3n \u2013 120 VAC, 50 \/ 60Hz<br \/>\n\u2022 Dimensiones \u2013 (150 x 140 x 165 mm) Peso \u2013 (1,63 kg)<\/span><\/p>\n<p><span style=\"font-size: 12pt; font-family: 'Times New Roman', serif;\">Pago: Anticipado v\u00eda transferencia \u00f3 dep\u00f3sito bancario.<\/span><\/p>\n<p><span style=\"font-size: 12pt; font-family: 'Times New Roman', serif;\">Tiempo de entrega: Inmediata o dependiendo existencias.<\/span><\/p>\n<p><span style=\"font-size: 12pt; font-family: 'Times New Roman', serif;\">Garant\u00eda de: 1 a\u00f1o por defectos de fabricaci\u00f3n.<\/span><\/p>\n<p><span style=\"font-size: 12pt; font-family: 'Times New Roman', serif;\">Incluye instalaci\u00f3n, capacitacion y puesta en operacion, dentro de la Cd. de M\u00e9xico y area metropolitana.<\/span><\/p>\n<p><span style=\"font-size: 12pt; font-family: 'Times New Roman', serif;\">Para consultar existencias, precios sobre la transportaci\u00f3n y\/o\u00a0 los vi\u00e1ticos,\u00a0por favor contacte con nosotros.\u00a0<\/span><\/p>\n<p><span style=\"font-size: 12pt; font-family: 'Times New Roman', serif;\">Precios sujetos a cambio sin previo aviso.<\/span><\/p>\n<p><span style=\"font-size: 12pt; font-family: 'Times New Roman', serif;\">Contamos con talleres propios, para\u00a0el mantenimiento y\/o\u00a0reparaci\u00f3n de los equipos, refacciones y consumibles.<\/span><\/p>\n<p><span style=\"font-size: 12pt; font-family: 'Times New Roman', serif;\">Tambi\u00e9n contamos con servicio de mantenimiento, reparaci\u00f3n, capacitaci\u00f3n para la administraci\u00f3n del software de control de asistencia o acceso, a domicilio<\/span><\/p>\n<p><span style=\"font-size: 12pt; font-family: 'Times New Roman', serif;\"><span style=\"color: #333333; font-family: 'Times New Roman', serif; font-size: 16px;\">Contamos con la reparaci\u00f3n del reloj checador marca AMANO modelo pix25<\/span>.<\/span><\/p>\n<p><span style=\"font-size: 12pt; font-family: 'Times New Roman', serif;\">Cualquier duda adicional, consulte a su ejecutivo de ventas.<\/span><\/p>\n<\/div>\n<p><!-- [if gte mso 9]><xml>\n<w_WordDocument>\n<w_View>Normal<\/w_View>\n<w_Zoom>0<\/w_Zoom>\n<w_TrackMoves\/>\n<w_TrackFormatting\/>\n<w_HyphenationZone>21<\/w_HyphenationZone>\n<w_PunctuationKerning\/>\n<w_ValidateAgainstSchemas\/>\n<w_SaveIfXMLInvalid>false<\/w_SaveIfXMLInvalid>\n<w_IgnoreMixedContent>false<\/w_IgnoreMixedContent>\n<w_AlwaysShowPlaceholderText>false<\/w_AlwaysShowPlaceholderText>\n<w_DoNotPromoteQF\/>\n<w_LidThemeOther>ES-MX<\/w_LidThemeOther>\n<w_LidThemeAsian>X-NONE<\/w_LidThemeAsian>\n<w_LidThemeComplexScript>X-NONE<\/w_LidThemeComplexScript>\n<w_Compatibility>\n<w_BreakWrappedTables\/>\n<w_SnapToGridInCell\/>\n<w_WrapTextWithPunct\/>\n<w_UseAsianBreakRules\/>\n<w_DontGrowAutofit\/>\n<w_SplitPgBreakAndParaMark\/>\n<w_EnableOpenTypeKerning\/>\n<w_DontFlipMirrorIndents\/>\n<w_OverrideTableStyleHps\/>\n<\/w_Compatibility>\n<m_mathPr>\n<m_mathFont m_val=\"Cambria Math\"\/>\n<m_brkBin m_val=\"before\"\/>\n<m_brkBinSub m_val=\"--\"\/>\n<m_smallFrac m_val=\"off\"\/>\n<m_dispDef\/>\n<m_lMargin m_val=\"0\"\/>\n<m_rMargin m_val=\"0\"\/>\n<m_defJc m_val=\"centerGroup\"\/>\n<m_wrapIndent m_val=\"1440\"\/>\n<m_intLim m_val=\"subSup\"\/>\n<m_naryLim m_val=\"undOvr\"\/>\n<\/m_mathPr><\/w_WordDocument>\n<\/xml><![endif]--><\/p>\n","protected":false},"excerpt":{"rendered":"<p>RELOJ PIX-25 CHECADOR PARA CONTROL DE ASISTENCIA MARCA AMANO Es un reloj checador para cualquier tipo de oficina, con funciones de valor agregado que satisfacen el uso diario de las compa\u00f1\u00edas. Ideal para instituciones financieras, gubernamentales, peque\u00f1as y medianas empresas. Caracter\u00edsticas: \u2022 Cambia autom\u00e1ticamente a\u00f1o(2 o 4 digitos), mes, fecha y horario de verano \u2022[&#8230;]<\/p>\n","protected":false},"featured_media":4519,"comment_status":"closed","ping_status":"closed","template":"","meta":[],"product_cat":[30,116],"product_tag":[],"class_list":["post-3315","product","type-product","status-publish","has-post-thumbnail","hentry","product_cat-relojes-checadores","product_cat-relojes-checadores-amano","pa_marca-amano"],"_links":{"self":[{"href":"https:\/\/globalsystem.com.mx\/catalogo\/wp-json\/wp\/v2\/product\/3315","targetHints":{"allow":["GET"]}}],"collection":[{"href":"https:\/\/globalsystem.com.mx\/catalogo\/wp-json\/wp\/v2\/product"}],"about":[{"href":"https:\/\/globalsystem.com.mx\/catalogo\/wp-json\/wp\/v2\/types\/product"}],"replies":[{"embeddable":true,"href":"https:\/\/globalsystem.com.mx\/catalogo\/wp-json\/wp\/v2\/comments?post=3315"}],"version-history":[{"count":3,"href":"https:\/\/globalsystem.com.mx\/catalogo\/wp-json\/wp\/v2\/product\/3315\/revisions"}],"predecessor-version":[{"id":4521,"href":"https:\/\/globalsystem.com.mx\/catalogo\/wp-json\/wp\/v2\/product\/3315\/revisions\/4521"}],"wp:featuredmedia":[{"embeddable":true,"href":"https:\/\/globalsystem.com.mx\/catalogo\/wp-json\/wp\/v2\/media\/4519"}],"wp:attachment":[{"href":"https:\/\/globalsystem.com.mx\/catalogo\/wp-json\/wp\/v2\/media?parent=3315"}],"wp:term":[{"taxonomy":"product_cat","embeddable":true,"href":"https:\/\/globalsystem.com.mx\/catalogo\/wp-json\/wp\/v2\/product_cat?post=3315"},{"taxonomy":"product_tag","embeddable":true,"href":"https:\/\/globalsystem.com.mx\/catalogo\/wp-json\/wp\/v2\/product_tag?post=3315"}],"curies":[{"name":"wp","href":"https:\/\/api.w.org\/{rel}","templated":true}]}}