{"id":3309,"date":"2022-06-03T22:08:16","date_gmt":"2022-06-03T22:08:16","guid":{"rendered":"https:\/\/webs360apps.com\/ismafinal\/product\/01-dahua-dvr5104cn-dvr-4-canales-full-960h-negro-hdmi-vga-2-canales-ip-p2p-nube-canal-0-dahua-ddns-1-interfaz-sata\/"},"modified":"2022-06-16T02:05:07","modified_gmt":"2022-06-16T02:05:07","slug":"01-dahua-dvr5104cn-dvr-4-canales-full-960h-negro-hdmi-vga-2-canales-ip-p2p-nube-canal-0-dahua-ddns-1-interfaz-sata","status":"publish","type":"product","link":"https:\/\/globalsystem.com.mx\/catalogo\/01-dahua-dvr5104cn-dvr-4-canales-full-960h-negro-hdmi-vga-2-canales-ip-p2p-nube-canal-0-dahua-ddns-1-interfaz-sata","title":{"rendered":"DAHUA DVR5104CN- DVR 4 CANALES FULL 960H\/ NEGRO\/ HDMI\/ VGA\/ 2 CANALES IP\/ P2P NUBE\/ CANAL 0\/ DAHUA DDNS\/ 1 INTERFAZ SATA"},"content":{"rendered":"<p class=\"MsoNormal\" style=\"text-align: justify; line-height: normal; background-image: initial; background-attachment: initial; background-size: initial; background-origin: initial; background-clip: initial; background-position: initial; background-repeat: initial;\"><span style=\"font-size: 10.0pt; font-family: 'Verdana',sans-serif; mso-fareast-font-family: 'Times New Roman'; mso-bidi-font-family: Arial; color: black; mso-fareast-language: ES-MX;\">El\u00a0<strong>DVR5104CN<\/strong>\u00a0cuenta con grabaci\u00f3n\u00a0<strong>FULL D1<\/strong>\u00a0<strong>(720&#215;480 a 30 FPS)<\/strong>\u00a0en sus\u00a04 canales de video, lo que significa m\u00e1xima calidad de grabaci\u00f3n en tiempo real,\u00a0Los equipos que soportan resoluci\u00f3n FULL D1 Suelen ser de costos muy elevados sin embargo esta nueva generaci\u00f3n de DVR\u00b4s son de Alta Calidad con un costo Efectivo.<\/span><\/p>\n<p class=\"MsoNormal\" style=\"text-align: justify; line-height: normal; background-image: initial; background-attachment: initial; background-size: initial; background-origin: initial; background-clip: initial; background-position: initial; background-repeat: initial;\"><span style=\"font-size: 10.0pt; font-family: 'Verdana',sans-serif; mso-fareast-font-family: 'Times New Roman'; mso-bidi-font-family: Arial; color: black; mso-fareast-language: ES-MX;\">El\u00a0<strong>DVR5108CN<\/strong>\u00a0es un grabador digital con dise\u00f1o compacto color\u00a0<strong>Negro<\/strong>\u00a0de\u00a04 canales an\u00e1logos, soporta salidas de video para conexiones de monitor an\u00e1logo\u00a0<strong>BNC, VGA y HDMI<\/strong>\u00a0simult\u00e1neamente.<\/span><\/p>\n<p class=\"MsoNormal\" style=\"text-align: justify; line-height: normal; background-image: initial; background-attachment: initial; background-size: initial; background-origin: initial; background-clip: initial; background-position: initial; background-repeat: initial;\"><strong><span style=\"font-size: 10.0pt; font-family: 'Verdana',sans-serif; mso-fareast-font-family: 'Times New Roman'; mso-bidi-font-family: Arial; color: black; mso-fareast-language: ES-MX;\">Funciones Principales:<\/span><\/strong><\/p>\n<ul type=\"disc\">\n<li class=\"MsoNormal\" style=\"color: black; text-align: justify; line-height: normal; background-image: initial; background-attachment: initial; background-size: initial; background-origin: initial; background-clip: initial; background-position: initial; background-repeat: initial;\"><span style=\"font-size: 10.0pt; font-family: 'Verdana',sans-serif; mso-fareast-font-family: 'Times New Roman'; mso-bidi-font-family: Arial; mso-fareast-language: ES-MX;\">B\u00fasqueda Inteligente<\/span><\/li>\n<li class=\"MsoNormal\" style=\"color: black; text-align: justify; line-height: normal; background-image: initial; background-attachment: initial; background-size: initial; background-origin: initial; background-clip: initial; background-position: initial; background-repeat: initial;\"><span style=\"font-size: 10.0pt; font-family: 'Verdana',sans-serif; mso-fareast-font-family: 'Times New Roman'; mso-bidi-font-family: Arial; mso-fareast-language: ES-MX;\">Detecci\u00f3n de Movimiento<\/span><\/li>\n<li class=\"MsoNormal\" style=\"color: black; text-align: justify; line-height: normal; background-image: initial; background-attachment: initial; background-size: initial; background-origin: initial; background-clip: initial; background-position: initial; background-repeat: initial;\"><span style=\"font-size: 10.0pt; font-family: 'Verdana',sans-serif; mso-fareast-font-family: 'Times New Roman'; mso-bidi-font-family: Arial; mso-fareast-language: ES-MX;\">Notificaci\u00f3n a Correo Electr\u00f3nico<\/span><\/li>\n<li class=\"MsoNormal\" style=\"color: black; text-align: justify; line-height: normal; background-image: initial; background-attachment: initial; background-size: initial; background-origin: initial; background-clip: initial; background-position: initial; background-repeat: initial;\"><span style=\"font-size: 10.0pt; font-family: 'Verdana',sans-serif; mso-fareast-font-family: 'Times New Roman'; mso-bidi-font-family: Arial; mso-fareast-language: ES-MX;\">Monitoreo v\u00eda Web Service y Software PSS<\/span><\/li>\n<li class=\"MsoNormal\" style=\"color: black; text-align: justify; line-height: normal; background-image: initial; background-attachment: initial; background-size: initial; background-origin: initial; background-clip: initial; background-position: initial; background-repeat: initial;\"><span style=\"font-size: 10.0pt; font-family: 'Verdana',sans-serif; mso-fareast-font-family: 'Times New Roman'; mso-bidi-font-family: Arial; mso-fareast-language: ES-MX;\">Aplicaci\u00f3n en Dispositivos M\u00f3viles<\/span><\/li>\n<\/ul>\n<p class=\"MsoNormal\" style=\"text-align: justify; line-height: normal; background-image: initial; background-attachment: initial; background-size: initial; background-origin: initial; background-clip: initial; background-position: initial; background-repeat: initial;\">\n<p class=\"MsoNormal\" style=\"text-align: justify; line-height: normal; background-image: initial; background-attachment: initial; background-size: initial; background-origin: initial; background-clip: initial; background-position: initial; background-repeat: initial;\"><strong><span style=\"font-size: 10.0pt; font-family: 'Verdana',sans-serif; mso-fareast-font-family: 'Times New Roman'; mso-bidi-font-family: Arial; color: black; mso-fareast-language: ES-MX;\">SALIDA EN ALTA DEFINICION<\/span><\/strong><\/p>\n<p class=\"MsoNormal\" style=\"text-align: justify; line-height: normal; background-image: initial; background-attachment: initial; background-size: initial; background-origin: initial; background-clip: initial; background-position: initial; background-repeat: initial;\"><span style=\"font-size: 10.0pt; font-family: 'Verdana',sans-serif; mso-fareast-font-family: 'Times New Roman'; mso-bidi-font-family: Arial; color: black; mso-fareast-language: ES-MX;\">El\u00a0<strong>DVR5104CN<\/strong>\u00a0cuenta con\u00a0tres salidas de video simult\u00e1neas\u00a0\u00a0<strong>BNC,\u00a0VGA y HDMI<\/strong>\u00a0con una resoluci\u00f3n de hasta\u00a0<strong>1080p <\/strong>(1920&#215;1080), con la finalidad de tener una mejor imagen para el monitoreo en vivo.<\/span><\/p>\n<p class=\"MsoNormal\" style=\"text-align: justify; line-height: normal; background-image: initial; background-attachment: initial; background-size: initial; background-origin: initial; background-clip: initial; background-position: initial; background-repeat: initial;\">\n<p class=\"MsoNormal\" style=\"line-height: normal; background-image: initial; background-attachment: initial; background-size: initial; background-origin: initial; background-clip: initial; background-position: initial; background-repeat: initial;\"><strong><span style=\"font-size: 10.0pt; font-family: 'Verdana',sans-serif; mso-fareast-font-family: 'Times New Roman'; mso-bidi-font-family: Arial; color: black; mso-fareast-language: ES-MX;\">Soporte para monitoreo v\u00eda dispositivos m\u00f3viles<\/span><\/strong><\/p>\n<p class=\"MsoNormal\" style=\"text-align: justify; line-height: normal; background-image: initial; background-attachment: initial; background-size: initial; background-origin: initial; background-clip: initial; background-position: initial; background-repeat: initial;\"><span style=\"font-size: 10.0pt; font-family: 'Verdana',sans-serif; mso-fareast-font-family: 'Times New Roman'; mso-bidi-font-family: Arial; color: black; mso-fareast-language: ES-MX;\">El\u00a0<strong>DVR5104CN\u00a0<\/strong>cuenta con su propio software de monitoreo para dispositivos m\u00f3viles \u00ab<strong>DMSS<\/strong>\u00bb vigilancia remota en cualquier momento en cualquier lugar compatible con iPhone, Blackberry, y con los sistemas operativos Android, Symbian y Windows mobile los cuales se pueden descargar en la secci\u00f3n de m\u00e1s informaci\u00f3n (iPhone y Android se descarga directo del m\u00f3vil).<\/span><\/p>\n<p class=\"MsoNormal\" style=\"line-height: normal; background-image: initial; background-attachment: initial; background-size: initial; background-origin: initial; background-clip: initial; background-position: initial; background-repeat: initial;\"><strong><span style=\"font-size: 10.0pt; font-family: 'Verdana',sans-serif; mso-fareast-font-family: 'Times New Roman'; mso-bidi-font-family: Arial; color: black; mso-fareast-language: ES-MX;\">Principales Caracter\u00edsticas:<\/span><\/strong><\/p>\n<ul type=\"disc\">\n<li class=\"MsoNormal\" style=\"color: black; line-height: normal; background-image: initial; background-attachment: initial; background-size: initial; background-origin: initial; background-clip: initial; background-position: initial; background-repeat: initial;\"><span style=\"font-size: 10.0pt; font-family: 'Verdana',sans-serif; mso-fareast-font-family: 'Times New Roman'; mso-bidi-font-family: Arial; mso-fareast-language: ES-MX;\">Hasta\u00a04 canales con visualizaci\u00f3n en tiempo real de 1080P.<\/span><\/li>\n<li class=\"MsoNormal\" style=\"color: black; line-height: normal; background-image: initial; background-attachment: initial; background-size: initial; background-origin: initial; background-clip: initial; background-position: initial; background-repeat: initial;\"><span style=\"font-size: 10.0pt; font-family: 'Verdana',sans-serif; mso-fareast-font-family: 'Times New Roman'; mso-bidi-font-family: Arial; mso-fareast-language: ES-MX;\">Compresi\u00f3n de Video H.264 dual-stream<\/span><\/li>\n<li class=\"MsoNormal\" style=\"color: black; line-height: normal; background-image: initial; background-attachment: initial; background-size: initial; background-origin: initial; background-clip: initial; background-position: initial; background-repeat: initial;\"><span style=\"font-size: 10.0pt; font-family: 'Verdana',sans-serif; mso-fareast-font-family: 'Times New Roman'; mso-bidi-font-family: Arial; mso-fareast-language: ES-MX;\">DVR5104CN: los\u00a0<strong>4 canales<\/strong>\u00a0con grabaci\u00f3n en\u00a0<strong>D1<\/strong><\/span><\/li>\n<li class=\"MsoNormal\" style=\"color: black; line-height: normal; background-image: initial; background-attachment: initial; background-size: initial; background-origin: initial; background-clip: initial; background-position: initial; background-repeat: initial;\"><span style=\"font-size: 10.0pt; font-family: 'Verdana',sans-serif; mso-fareast-font-family: 'Times New Roman'; mso-bidi-font-family: Arial; mso-fareast-language: ES-MX;\">Salida de Video simultanea\u00a0<strong>VGA \/ TV \/HDMI<\/strong><\/span><\/li>\n<li class=\"MsoNormal\" style=\"color: black; line-height: normal; background-image: initial; background-attachment: initial; background-size: initial; background-origin: initial; background-clip: initial; background-position: initial; background-repeat: initial;\"><span style=\"font-size: 10.0pt; font-family: 'Verdana',sans-serif; mso-fareast-font-family: 'Times New Roman'; mso-bidi-font-family: Arial; mso-fareast-language: ES-MX;\">4\u00a0canales en reproducci\u00f3n simult\u00e1nea, Interfaz\u00a0GRID y Busqueda Inteligente.<\/span><\/li>\n<li class=\"MsoNormal\" style=\"color: black; line-height: normal; background-image: initial; background-attachment: initial; background-size: initial; background-origin: initial; background-clip: initial; background-position: initial; background-repeat: initial;\"><span style=\"font-size: 10.0pt; font-family: 'Verdana',sans-serif; mso-fareast-font-family: 'Times New Roman'; mso-bidi-font-family: Arial; mso-fareast-language: ES-MX;\">Soporta<strong>\u00a01<\/strong>\u00a0puerto Sata hasta\u00a0<strong>4TB<\/strong>, 2 USB2.0<\/span><\/li>\n<li class=\"MsoNormal\" style=\"color: black; line-height: normal; background-image: initial; background-attachment: initial; background-size: initial; background-origin: initial; background-clip: initial; background-position: initial; background-repeat: initial;\"><span style=\"font-size: 10.0pt; font-family: 'Verdana',sans-serif; mso-fareast-font-family: 'Times New Roman'; mso-bidi-font-family: Arial; mso-fareast-language: ES-MX;\">Monitoreo de Red: Web viewer, CMS(DSS\/PSS) &amp; DMSS<\/span><\/li>\n<li class=\"MsoNormal\" style=\"color: black; line-height: normal; background-image: initial; background-attachment: initial; background-size: initial; background-origin: initial; background-clip: initial; background-position: initial; background-repeat: initial;\"><span style=\"font-size: 10.0pt; font-family: 'Verdana',sans-serif; mso-fareast-font-family: 'Times New Roman'; mso-bidi-font-family: Arial; mso-fareast-language: ES-MX;\">No incluye disco duro.<\/span><\/li>\n<\/ul>\n<p class=\"MsoNormal\" style=\"line-height: normal; background-image: initial; background-attachment: initial; background-size: initial; background-origin: initial; background-clip: initial; background-position: initial; background-repeat: initial;\"><strong><span style=\"font-size: 10.0pt; font-family: 'Verdana',sans-serif; mso-fareast-font-family: 'Times New Roman'; mso-bidi-font-family: Arial; color: black; mso-fareast-language: ES-MX;\">Requerimientos de instalaci\u00f3n (No incluidos):<\/span><\/strong><\/p>\n<ul type=\"disc\">\n<li class=\"MsoNormal\" style=\"color: black; line-height: normal; background-image: initial; background-attachment: initial; background-size: initial; background-origin: initial; background-clip: initial; background-position: initial; background-repeat: initial;\"><span style=\"font-size: 10.0pt; font-family: 'Verdana',sans-serif; mso-fareast-font-family: 'Times New Roman'; mso-bidi-font-family: Arial; mso-fareast-language: ES-MX;\">Cableado<\/span><\/li>\n<li class=\"MsoNormal\" style=\"color: black; line-height: normal; background-image: initial; background-attachment: initial; background-size: initial; background-origin: initial; background-clip: initial; background-position: initial; background-repeat: initial;\"><span style=\"font-size: 10.0pt; font-family: 'Verdana',sans-serif; mso-fareast-font-family: 'Times New Roman'; mso-bidi-font-family: Arial; mso-fareast-language: ES-MX;\">Monitor<\/span><\/li>\n<li class=\"MsoNormal\" style=\"color: black; line-height: normal; background-image: initial; background-attachment: initial; background-size: initial; background-origin: initial; background-clip: initial; background-position: initial; background-repeat: initial;\"><span style=\"font-size: 10.0pt; font-family: 'Verdana',sans-serif; mso-fareast-font-family: 'Times New Roman'; mso-bidi-font-family: Arial; mso-fareast-language: ES-MX;\">Ruteador\u00a0<\/span><\/li>\n<li class=\"MsoNormal\" style=\"color: black; line-height: normal; background-image: initial; background-attachment: initial; background-size: initial; background-origin: initial; background-clip: initial; background-position: initial; background-repeat: initial;\"><span style=\"font-size: 10.0pt; font-family: 'Verdana',sans-serif; mso-fareast-font-family: 'Times New Roman'; mso-bidi-font-family: Arial; mso-fareast-language: ES-MX;\">Disco Duro\u00a0<\/span><\/li>\n<\/ul>\n<p class=\"MsoNoSpacing\" style=\"box-sizing: border-box; margin: 0px 0px 10px; font-family: 'Segoe UI', Tahoma, Arial, Helvetica, sans-serif; font-size: 13px; line-height: 18px;\"><span style=\"box-sizing: border-box; font-size: 10pt; font-family: Verdana, sans-serif;\"><span style=\"box-sizing: border-box; font-weight: bold;\">Precios expresados en d\u00f3lares americanos pagaderos al tipo de cambio del d\u00eda de la compra y facturaci\u00f3n.<\/span><\/span><\/p>\n<p class=\"MsoNoSpacing\" style=\"box-sizing: border-box; margin: 0px 0px 10px; font-family: 'Segoe UI', Tahoma, Arial, Helvetica, sans-serif; font-size: 13px; line-height: 18px;\"><span style=\"box-sizing: border-box; font-size: 10pt; font-family: Verdana, sans-serif;\">Pago: Anticipado v\u00eda transferencia \u00f3 dep\u00f3sito bancario.<\/span><\/p>\n<p class=\"MsoNoSpacing\" style=\"box-sizing: border-box; margin: 0px 0px 10px; font-family: 'Segoe UI', Tahoma, Arial, Helvetica, sans-serif; font-size: 13px; line-height: 18px;\"><span style=\"box-sizing: border-box; font-size: 10pt; font-family: Verdana, sans-serif;\">Tiempo de entrega: Inmediata o dependiendo existencias.<\/span><\/p>\n<p class=\"MsoNoSpacing\" style=\"box-sizing: border-box; margin: 0px 0px 10px; font-family: 'Segoe UI', Tahoma, Arial, Helvetica, sans-serif; font-size: 13px; line-height: 18px;\"><span style=\"box-sizing: border-box; font-size: 10pt; font-family: Verdana, sans-serif;\">Garant\u00eda de: 1 a\u00f1o por defectos de fabricaci\u00f3n.<\/span><\/p>\n<p class=\"MsoNoSpacing\" style=\"box-sizing: border-box; margin: 0px 0px 10px; font-family: 'Segoe UI', Tahoma, Arial, Helvetica, sans-serif; font-size: 13px; line-height: 18px;\"><span style=\"box-sizing: border-box; font-size: 10pt; font-family: Verdana, sans-serif;\">No incluye instalaci\u00f3n, canalizaci\u00f3n, ni obra civil, en caso de requerir por favor contacte al depto. de ventas.<\/span><\/p>\n<p class=\"MsoNoSpacing\" style=\"box-sizing: border-box; margin: 0px 0px 10px; font-family: 'Segoe UI', Tahoma, Arial, Helvetica, sans-serif; font-size: 13px; line-height: 18px;\"><span style=\"box-sizing: border-box; font-size: 10pt; font-family: Verdana, sans-serif;\">Para consultar existencias, precios sobre la transportaci\u00f3n y\/o\u00a0 los vi\u00e1ticos,\u00a0por favor contacte con nosotros.<\/span><\/p>\n<p class=\"MsoNoSpacing\" style=\"box-sizing: border-box; margin: 0px 0px 10px; font-family: 'Segoe UI', Tahoma, Arial, Helvetica, sans-serif; font-size: 13px; line-height: 18px;\"><span style=\"box-sizing: border-box; font-size: 10pt; font-family: Verdana, sans-serif;\">Precios sujetos a cambio sin previo aviso.<\/span><\/p>\n<p class=\"MsoNoSpacing\" style=\"box-sizing: border-box; margin: 0px 0px 10px; font-family: 'Segoe UI', Tahoma, Arial, Helvetica, sans-serif; font-size: 13px; line-height: 18px;\"><span style=\"box-sizing: border-box; font-size: 10pt; line-height: 14.2666664123535px; font-family: Verdana, sans-serif;\">Cualquier duda adicional, consulte a su ejecutivo de ventas.<\/span><\/p>\n<p class=\"MsoNoSpacing\">\n","protected":false},"excerpt":{"rendered":"<p>El\u00a0DVR5104CN\u00a0cuenta con grabaci\u00f3n\u00a0FULL D1\u00a0(720&#215;480 a 30 FPS)\u00a0en sus\u00a04 canales de video, lo que significa m\u00e1xima calidad de grabaci\u00f3n en tiempo real,\u00a0Los equipos que soportan resoluci\u00f3n FULL D1 Suelen ser de costos muy elevados sin embargo esta nueva generaci\u00f3n de DVR\u00b4s son de Alta Calidad con un costo Efectivo. El\u00a0DVR5108CN\u00a0es un grabador digital con dise\u00f1o compacto[&#8230;]<\/p>\n","protected":false},"featured_media":4705,"comment_status":"closed","ping_status":"closed","template":"","meta":[],"product_cat":[25],"product_tag":[],"class_list":["post-3309","product","type-product","status-publish","has-post-thumbnail","hentry","product_cat-video-grabadores","pa_marca-dahua"],"_links":{"self":[{"href":"https:\/\/globalsystem.com.mx\/catalogo\/wp-json\/wp\/v2\/product\/3309","targetHints":{"allow":["GET"]}}],"collection":[{"href":"https:\/\/globalsystem.com.mx\/catalogo\/wp-json\/wp\/v2\/product"}],"about":[{"href":"https:\/\/globalsystem.com.mx\/catalogo\/wp-json\/wp\/v2\/types\/product"}],"replies":[{"embeddable":true,"href":"https:\/\/globalsystem.com.mx\/catalogo\/wp-json\/wp\/v2\/comments?post=3309"}],"version-history":[{"count":3,"href":"https:\/\/globalsystem.com.mx\/catalogo\/wp-json\/wp\/v2\/product\/3309\/revisions"}],"predecessor-version":[{"id":4707,"href":"https:\/\/globalsystem.com.mx\/catalogo\/wp-json\/wp\/v2\/product\/3309\/revisions\/4707"}],"wp:featuredmedia":[{"embeddable":true,"href":"https:\/\/globalsystem.com.mx\/catalogo\/wp-json\/wp\/v2\/media\/4705"}],"wp:attachment":[{"href":"https:\/\/globalsystem.com.mx\/catalogo\/wp-json\/wp\/v2\/media?parent=3309"}],"wp:term":[{"taxonomy":"product_cat","embeddable":true,"href":"https:\/\/globalsystem.com.mx\/catalogo\/wp-json\/wp\/v2\/product_cat?post=3309"},{"taxonomy":"product_tag","embeddable":true,"href":"https:\/\/globalsystem.com.mx\/catalogo\/wp-json\/wp\/v2\/product_tag?post=3309"}],"curies":[{"name":"wp","href":"https:\/\/api.w.org\/{rel}","templated":true}]}}