{"id":3307,"date":"2022-06-03T22:08:16","date_gmt":"2022-06-03T22:08:16","guid":{"rendered":"https:\/\/webs360apps.com\/ismafinal\/product\/zk-lp400-ctrl-de-asistencia-con-impresora-de-ticket-integrada-3000-huellas-100000-registros-tcpip-usb\/"},"modified":"2022-06-13T02:05:44","modified_gmt":"2022-06-13T02:05:44","slug":"zk-lp400-ctrl-de-asistencia-con-impresora-de-ticket-integrada-3000-huellas-100000-registros-tcpip-usb","status":"publish","type":"product","link":"https:\/\/globalsystem.com.mx\/catalogo\/zk-lp400-ctrl-de-asistencia-con-impresora-de-ticket-integrada-3000-huellas-100000-registros-tcpip-usb","title":{"rendered":"ZK LP400 &#8211; CTRL DE ASISTENCIA CON IMPRESORA DE TICKET INTEGRADA\/ 3000 HUELLAS\/ 100000 REGISTROS\/ TCPIP\/ USB"},"content":{"rendered":"<p class=\"MsoNormal\" style=\"mso-margin-top-alt: auto; mso-margin-bottom-alt: auto; text-align: justify; line-height: normal;\"><span style=\"font-size: 10.0pt; font-family: 'Verdana','sans-serif'; mso-fareast-font-family: 'Times New Roman'; mso-bidi-font-family: Arial; color: black; mso-fareast-language: ES-MX;\">La LP400 es un equipo\u00a0<span style=\"font-family: Verdana, sans-serif; font-size: 13.3333px; line-height: 15.808px; text-align: start;\">de huella digital para control de asistencia\u00a0<\/span>personal dise\u00f1ado con una impresora t\u00e9rmica integrada. La LP400 cuenta con el m\u00e1s avanzado algoritmo de\u00a0huella digital del mercado, alto rendimiento y un sensor de huella de gran calidad: 500 dpi.<\/span><\/p>\n<p class=\"MsoNormal\" style=\"mso-margin-top-alt: auto; mso-margin-bottom-alt: auto; text-align: justify; line-height: normal;\"><span style=\"font-size: 10.0pt; font-family: 'Verdana','sans-serif'; mso-fareast-font-family: 'Times New Roman'; mso-bidi-font-family: Arial; color: black; mso-fareast-language: ES-MX;\">La LP400 incorpora una pantalla a color de 3 pulgadas a trav\u00e9s de la cual es capaz de mostar informaci\u00f3n mas v\u00edvida que pantallas com\u00fanes, incluyendo la calidad de la huella digital, el resultado de la verificaci\u00f3n, entre otros.Incorpora comunicaci\u00f3n TCP\/IP para conexi\u00f3n entre la terminal y la PC.<\/span><\/p>\n<p class=\"MsoNormal\" style=\"mso-margin-top-alt: auto; mso-margin-bottom-alt: auto; text-align: justify; line-height: normal;\"><span style=\"font-size: 10.0pt; font-family: 'Verdana','sans-serif'; mso-fareast-font-family: 'Times New Roman'; mso-bidi-font-family: Arial; color: black; mso-fareast-language: ES-MX;\">\u00a0<\/span><\/p>\n<p class=\"MsoNormal\" style=\"mso-margin-top-alt: auto; mso-margin-bottom-alt: auto; line-height: normal;\"><b><span lang=\"ES\" style=\"font-size: 10.0pt; font-family: 'Verdana','sans-serif'; mso-fareast-font-family: 'Times New Roman'; mso-bidi-font-family: Arial; color: black; mso-ansi-language: ES; mso-fareast-language: ES-MX;\">Funciones Principales:<\/span><\/b><\/p>\n<ul type=\"disc\">\n<li class=\"MsoNormal\" style=\"color: black; mso-margin-top-alt: auto; mso-margin-bottom-alt: auto; line-height: normal; mso-list: l1 level1 lfo1; tab-stops: list 36.0pt;\"><span style=\"font-size: 10.0pt; font-family: 'Verdana','sans-serif'; mso-fareast-font-family: 'Times New Roman'; mso-bidi-font-family: Arial; mso-fareast-language: ES-MX;\">Almacenamiento de huellas digitales para control de asistencia (3000 huellas digitales)<\/span><\/li>\n<li class=\"MsoNormal\" style=\"color: black; mso-margin-top-alt: auto; mso-margin-bottom-alt: auto; line-height: normal; mso-list: l1 level1 lfo1; tab-stops: list 36.0pt;\"><span style=\"font-size: 10.0pt; font-family: 'Verdana','sans-serif'; mso-fareast-font-family: 'Times New Roman'; mso-bidi-font-family: Arial; mso-fareast-language: ES-MX;\">Conexion TCP\/IP para transferencia de huellas, registros y conexion con el software principal<\/span><\/li>\n<li class=\"MsoNormal\" style=\"color: black; mso-margin-top-alt: auto; mso-margin-bottom-alt: auto; line-height: normal; mso-list: l1 level1 lfo1; tab-stops: list 36.0pt;\"><span style=\"font-size: 10.0pt; font-family: 'Verdana','sans-serif'; mso-fareast-font-family: 'Times New Roman'; mso-bidi-font-family: Arial; mso-fareast-language: ES-MX;\">Creacion de reportes de asistencia mediante el Software principal incluido en el dispositivo<\/span><\/li>\n<li class=\"MsoNormal\" style=\"color: black; mso-margin-top-alt: auto; mso-margin-bottom-alt: auto; line-height: normal; mso-list: l1 level1 lfo1; tab-stops: list 36.0pt;\"><span style=\"font-size: 10.0pt; font-family: 'Verdana','sans-serif'; mso-fareast-font-family: 'Times New Roman'; mso-bidi-font-family: Arial; mso-fareast-language: ES-MX;\">Funcion de reloj<\/span><\/li>\n<li class=\"MsoNormal\" style=\"color: black; mso-margin-top-alt: auto; mso-margin-bottom-alt: auto; line-height: normal; mso-list: l1 level1 lfo1; tab-stops: list 36.0pt;\"><span style=\"font-size: 10.0pt; font-family: 'Verdana','sans-serif'; mso-fareast-font-family: 'Times New Roman'; mso-bidi-font-family: Arial; mso-fareast-language: ES-MX;\">Maxima distancia de conexion 90m con cable UTP para conexion por red<\/span><\/li>\n<li class=\"MsoNormal\" style=\"color: black; mso-margin-top-alt: auto; mso-margin-bottom-alt: auto; line-height: normal; mso-list: l1 level1 lfo1; tab-stops: list 36.0pt;\"><span style=\"font-size: 10.0pt; font-family: 'Verdana','sans-serif'; mso-fareast-font-family: 'Times New Roman'; mso-bidi-font-family: Arial; mso-fareast-language: ES-MX;\">Funcion de impresora integrada (impresora termica no incluye papel)<\/span><\/li>\n<\/ul>\n<p class=\"MsoNormal\"><span style=\"font-size: 10pt; font-family: Verdana, sans-serif;\">\u00a0<\/span><\/p>\n<p class=\"MsoNormal\" style=\"mso-margin-top-alt: auto; mso-margin-bottom-alt: auto; line-height: normal;\"><b><span style=\"font-size: 10.0pt; font-family: 'Verdana','sans-serif'; mso-fareast-font-family: 'Times New Roman'; mso-bidi-font-family: Arial; color: black; mso-fareast-language: ES-MX;\">Que necesito para que mi equipo funcione:<\/span><\/b><\/p>\n<ul type=\"disc\">\n<li class=\"MsoNormal\" style=\"color: black; mso-margin-top-alt: auto; mso-margin-bottom-alt: auto; line-height: normal; mso-list: l2 level1 lfo2; tab-stops: list 36.0pt;\"><span style=\"font-size: 10.0pt; font-family: 'Verdana','sans-serif'; mso-fareast-font-family: 'Times New Roman'; mso-bidi-font-family: Arial; mso-fareast-language: ES-MX;\">Fuente de poder 12V\u00a0<\/span><\/li>\n<li class=\"MsoNormal\" style=\"color: black; mso-margin-top-alt: auto; mso-margin-bottom-alt: auto; line-height: normal; mso-list: l2 level1 lfo2; tab-stops: list 36.0pt;\"><span style=\"font-size: 10.0pt; font-family: 'Verdana','sans-serif'; mso-fareast-font-family: 'Times New Roman'; mso-bidi-font-family: Arial; mso-fareast-language: ES-MX;\">Cable UTP (cuando se ocupe una distancia muy larga)\u00a0<\/span><\/li>\n<li class=\"MsoNormal\" style=\"color: black; mso-margin-top-alt: auto; mso-margin-bottom-alt: auto; line-height: normal; mso-list: l2 level1 lfo2; tab-stops: list 36.0pt;\"><span style=\"font-size: 10.0pt; font-family: 'Verdana','sans-serif'; mso-fareast-font-family: 'Times New Roman'; mso-bidi-font-family: Arial; mso-fareast-language: ES-MX;\">Papel para impresora termico generico<\/span><\/li>\n<\/ul>\n<p class=\"MsoNormal\" style=\"mso-margin-top-alt: auto; mso-margin-bottom-alt: auto; line-height: normal;\"><b><span style=\"font-size: 10.0pt; font-family: 'Verdana','sans-serif'; mso-fareast-font-family: 'Times New Roman'; mso-bidi-font-family: Arial; color: black; mso-fareast-language: ES-MX;\">\u00a0<\/span><\/b><\/p>\n<p class=\"MsoNormal\" style=\"mso-margin-top-alt: auto; mso-margin-bottom-alt: auto; line-height: normal;\"><b><span style=\"font-size: 10.0pt; font-family: 'Verdana','sans-serif'; mso-fareast-font-family: 'Times New Roman'; mso-bidi-font-family: Arial; color: black; mso-fareast-language: ES-MX;\">Principales caracter\u00edsticas:<\/span><\/b><\/p>\n<ul type=\"disc\">\n<li class=\"MsoNormal\" style=\"color: black; mso-margin-top-alt: auto; mso-margin-bottom-alt: auto; line-height: normal; mso-list: l3 level1 lfo3; tab-stops: list 36.0pt;\"><span style=\"font-size: 10.0pt; font-family: 'Verdana','sans-serif'; mso-fareast-font-family: 'Times New Roman'; mso-bidi-font-family: Arial; mso-fareast-language: ES-MX;\">Impresora t\u00e9rmica incluida.<\/span><\/li>\n<li class=\"MsoNormal\" style=\"color: black; mso-margin-top-alt: auto; mso-margin-bottom-alt: auto; line-height: normal; mso-list: l3 level1 lfo3; tab-stops: list 36.0pt;\"><span style=\"font-size: 10.0pt; font-family: 'Verdana','sans-serif'; mso-fareast-font-family: 'Times New Roman'; mso-bidi-font-family: Arial; mso-fareast-language: ES-MX;\">Pantalla a color TFT con interfaz gr\u00e1fica de usuario para un f\u00e1cil manejo del equipo.<\/span><\/li>\n<li class=\"MsoNormal\" style=\"color: black; mso-margin-top-alt: auto; mso-margin-bottom-alt: auto; line-height: normal; mso-list: l3 level1 lfo3; tab-stops: list 36.0pt;\"><span style=\"font-size: 10.0pt; font-family: 'Verdana','sans-serif'; mso-fareast-font-family: 'Times New Roman'; mso-bidi-font-family: Arial; mso-fareast-language: ES-MX;\">R\u00e1pido reconocimiento de usuarios.<\/span><\/li>\n<li class=\"MsoNormal\" style=\"color: black; mso-margin-top-alt: auto; mso-margin-bottom-alt: auto; line-height: normal; mso-list: l3 level1 lfo3; tab-stops: list 36.0pt;\"><span style=\"font-size: 10.0pt; font-family: 'Verdana','sans-serif'; mso-fareast-font-family: 'Times New Roman'; mso-bidi-font-family: Arial; mso-fareast-language: ES-MX;\">Almacena hasta 3,000 huellas.<\/span><\/li>\n<li class=\"MsoNormal\" style=\"color: black; mso-margin-top-alt: auto; mso-margin-bottom-alt: auto; line-height: normal; mso-list: l3 level1 lfo3; tab-stops: list 36.0pt;\"><span style=\"font-size: 10.0pt; font-family: 'Verdana','sans-serif'; mso-fareast-font-family: 'Times New Roman'; mso-bidi-font-family: Arial; mso-fareast-language: ES-MX;\">Almacena hasta 100,000 registros de asistencia.<\/span><\/li>\n<li class=\"MsoNormal\" style=\"color: black; mso-margin-top-alt: auto; mso-margin-bottom-alt: auto; line-height: normal; mso-list: l3 level1 lfo3; tab-stops: list 36.0pt;\"><span style=\"font-size: 10.0pt; font-family: 'Verdana','sans-serif'; mso-fareast-font-family: 'Times New Roman'; mso-bidi-font-family: Arial; mso-fareast-language: ES-MX;\">Reconocimiento de huellas digitales y contrase\u00f1as.<\/span><\/li>\n<li class=\"MsoNormal\" style=\"color: black; mso-margin-top-alt: auto; mso-margin-bottom-alt: auto; line-height: normal; mso-list: l3 level1 lfo3; tab-stops: list 36.0pt;\"><span style=\"font-size: 10.0pt; font-family: 'Verdana','sans-serif'; mso-fareast-font-family: 'Times New Roman'; mso-bidi-font-family: Arial; mso-fareast-language: ES-MX;\">Puerto Ethernet integrado.<\/span><\/li>\n<li class=\"MsoNormal\" style=\"color: black; mso-margin-top-alt: auto; mso-margin-bottom-alt: auto; line-height: normal; mso-list: l3 level1 lfo3; tab-stops: list 36.0pt;\"><span style=\"font-size: 10.0pt; font-family: 'Verdana','sans-serif'; mso-fareast-font-family: 'Times New Roman'; mso-bidi-font-family: Arial; mso-fareast-language: ES-MX;\">Puerto USB integrado para carga \/ descarga de informaci\u00f3n cuando la red no est\u00e1 disponible.<\/span><\/li>\n<li class=\"MsoNormal\" style=\"color: black; mso-margin-top-alt: auto; mso-margin-bottom-alt: auto; line-height: normal; mso-list: l3 level1 lfo3; tab-stops: list 36.0pt;\"><span style=\"font-size: 10.0pt; font-family: 'Verdana','sans-serif'; mso-fareast-font-family: 'Times New Roman'; mso-bidi-font-family: Arial; mso-fareast-language: ES-MX;\">Programaci\u00f3n de alarma integrada.<\/span><\/li>\n<li class=\"MsoNormal\" style=\"color: black; mso-margin-top-alt: auto; mso-margin-bottom-alt: auto; line-height: normal; mso-list: l3 level1 lfo3; tab-stops: list 36.0pt;\"><span style=\"font-size: 10.0pt; font-family: 'Verdana','sans-serif'; mso-fareast-font-family: 'Times New Roman'; mso-bidi-font-family: Arial; mso-fareast-language: ES-MX;\">Indicaciones audiovisuales para aceptaci\u00f3n \/ rechazo de huellas v\u00e1lidas \/ inv\u00e1lidas.<\/span><\/li>\n<li class=\"MsoNormal\" style=\"color: black; mso-margin-top-alt: auto; mso-margin-bottom-alt: auto; line-height: normal; mso-list: l3 level1 lfo3; tab-stops: list 36.0pt;\"><span style=\"font-size: 10.0pt; font-family: 'Verdana','sans-serif'; mso-fareast-font-family: 'Times New Roman'; mso-bidi-font-family: Arial; mso-fareast-language: ES-MX;\">Plataforma de hardware ZEM510.<\/span><\/li>\n<li class=\"MsoNormal\" style=\"color: black; mso-margin-top-alt: auto; mso-margin-bottom-alt: auto; line-height: normal; mso-list: l3 level1 lfo3; tab-stops: list 36.0pt;\"><span style=\"font-size: 10.0pt; font-family: 'Verdana','sans-serif'; mso-fareast-font-family: 'Times New Roman'; mso-bidi-font-family: Arial; mso-fareast-language: ES-MX;\">Sensor \u00f3ptico ZK.<\/span><\/li>\n<li class=\"MsoNormal\" style=\"color: black; mso-margin-top-alt: auto; mso-margin-bottom-alt: auto; line-height: normal; mso-list: l3 level1 lfo3; tab-stops: list 36.0pt;\"><span style=\"font-size: 10.0pt; font-family: 'Verdana','sans-serif'; mso-fareast-font-family: 'Times New Roman'; mso-bidi-font-family: Arial; mso-fareast-language: ES-MX;\">Algoritmo de huella versi\u00f3n 10.<\/span><\/li>\n<li class=\"MsoNormal\" style=\"color: black; mso-margin-top-alt: auto; mso-margin-bottom-alt: auto; line-height: normal; mso-list: l3 level1 lfo3; tab-stops: list 36.0pt;\"><span style=\"font-size: 10.0pt; font-family: 'Verdana','sans-serif'; mso-fareast-font-family: 'Times New Roman'; mso-bidi-font-family: Arial; mso-fareast-language: ES-MX;\">Alimentaci\u00f3n 12V DC.<\/span><\/li>\n<li class=\"MsoNormal\" style=\"color: black; mso-margin-top-alt: auto; mso-margin-bottom-alt: auto; line-height: normal; mso-list: l3 level1 lfo3; tab-stops: list 36.0pt;\"><span style=\"font-size: 10.0pt; font-family: 'Verdana','sans-serif'; mso-fareast-font-family: 'Times New Roman'; mso-bidi-font-family: Arial; mso-fareast-language: ES-MX;\">Consumo de corriente 3A.<\/span><\/li>\n<li class=\"MsoNormal\" style=\"color: black; mso-margin-top-alt: auto; mso-margin-bottom-alt: auto; line-height: normal; mso-list: l3 level1 lfo3; tab-stops: list 36.0pt;\"><span style=\"font-size: 10.0pt; font-family: 'Verdana','sans-serif'; mso-fareast-font-family: 'Times New Roman'; mso-bidi-font-family: Arial; mso-fareast-language: ES-MX;\">Temperatura de operaci\u00f3n -20\u00b0C a 45\u00b0C.<\/span><\/li>\n<li class=\"MsoNormal\" style=\"color: black; mso-margin-top-alt: auto; mso-margin-bottom-alt: auto; line-height: normal; mso-list: l3 level1 lfo3; tab-stops: list 36.0pt;\"><span style=\"font-size: 10.0pt; font-family: 'Verdana','sans-serif'; mso-fareast-font-family: 'Times New Roman'; mso-bidi-font-family: Arial; mso-fareast-language: ES-MX;\">Humedad de operaci\u00f3n 20% &#8211; 80%.<\/span><\/li>\n<li class=\"MsoNormal\" style=\"color: black; mso-margin-top-alt: auto; mso-margin-bottom-alt: auto; line-height: normal; mso-list: l3 level1 lfo3; tab-stops: list 36.0pt;\"><span style=\"font-size: 10.0pt; font-family: 'Verdana','sans-serif'; mso-fareast-font-family: 'Times New Roman'; mso-bidi-font-family: Arial; mso-fareast-language: ES-MX;\">Puerto para pila de respaldo<\/span><\/li>\n<\/ul>\n<p class=\"MsoNormal\" style=\"mso-margin-top-alt: auto; mso-margin-bottom-alt: auto; line-height: normal;\"><span style=\"font-size: 10.0pt; font-family: 'Verdana','sans-serif'; mso-fareast-font-family: 'Times New Roman'; mso-bidi-font-family: Arial; color: black; mso-fareast-language: ES-MX;\">\u00a0<\/span><\/p>\n<p class=\"MsoNormal\" style=\"mso-margin-top-alt: auto; mso-margin-bottom-alt: auto; line-height: normal;\"><b><span style=\"font-size: 10.0pt; font-family: 'Verdana','sans-serif'; mso-fareast-font-family: 'Times New Roman'; mso-bidi-font-family: Arial; color: black; mso-fareast-language: ES-MX;\">Papel no incluido.<\/span><\/b><\/p>\n<p class=\"MsoNormal\" style=\"mso-margin-top-alt: auto; mso-margin-bottom-alt: auto; line-height: normal;\"><span style=\"font-size: 10.0pt; font-family: 'Verdana','sans-serif'; mso-fareast-font-family: 'Times New Roman'; mso-bidi-font-family: Arial; color: black; mso-fareast-language: ES-MX;\">Especificaciones del papel<\/span><\/p>\n<ul type=\"disc\">\n<li class=\"MsoNormal\" style=\"color: black; mso-margin-top-alt: auto; mso-margin-bottom-alt: auto; line-height: normal; mso-list: l0 level1 lfo4; tab-stops: list 36.0pt;\"><span style=\"font-size: 10.0pt; font-family: 'Verdana','sans-serif'; mso-fareast-font-family: 'Times New Roman'; mso-bidi-font-family: Arial; mso-fareast-language: ES-MX;\">Papel para impresora termica<\/span><\/li>\n<li class=\"MsoNormal\" style=\"color: black; mso-margin-top-alt: auto; mso-margin-bottom-alt: auto; line-height: normal; mso-list: l0 level1 lfo4; tab-stops: list 36.0pt;\"><span style=\"font-size: 10.0pt; font-family: 'Verdana','sans-serif'; mso-fareast-font-family: 'Times New Roman'; mso-bidi-font-family: Arial; mso-fareast-language: ES-MX;\">Diametro maximo 80mm<\/span><\/li>\n<li class=\"MsoNormal\" style=\"color: black; mso-margin-top-alt: auto; mso-margin-bottom-alt: auto; line-height: normal; mso-list: l0 level1 lfo4; tab-stops: list 36.0pt;\"><span style=\"font-size: 10.0pt; font-family: 'Verdana','sans-serif'; mso-fareast-font-family: 'Times New Roman'; mso-bidi-font-family: Arial; mso-fareast-language: ES-MX;\">Longitud recomendada 80m<\/span><\/li>\n<li class=\"MsoNormal\" style=\"color: black; mso-margin-top-alt: auto; mso-margin-bottom-alt: auto; line-height: normal; mso-list: l0 level1 lfo4; tab-stops: list 36.0pt;\"><span style=\"font-size: 10.0pt; font-family: 'Verdana','sans-serif'; mso-fareast-font-family: 'Times New Roman'; mso-bidi-font-family: Arial; mso-fareast-language: ES-MX;\">Ancho 58\u00b10.5mm<\/span><\/li>\n<\/ul>\n<p class=\"MsoNormal\" style=\"margin-bottom: 5.75pt; line-height: 10.35pt;\"><b><span style=\"font-size: 10pt; font-family: Verdana, sans-serif;\">Precios expresados en d\u00f3lares americanos pagaderos al tipo de cambio del d\u00eda de la compra y facturaci\u00f3n.<\/span><\/b><\/p>\n<p class=\"MsoNormal\" style=\"margin-bottom: 5.75pt; line-height: 10.35pt;\"><span style=\"font-size: 10pt; font-family: Verdana, sans-serif;\">Pago: Anticipado v\u00eda transferencia \u00f3 dep\u00f3sito bancario.<\/span><\/p>\n<p class=\"MsoNormal\" style=\"margin-bottom: 5.75pt; line-height: 10.35pt;\"><span style=\"font-size: 10pt; font-family: Verdana, sans-serif;\">Tiempo de entrega: Inmediata o dependiendo existencias.<\/span><\/p>\n<p class=\"MsoNormal\" style=\"margin-bottom: 5.75pt; line-height: 10.35pt;\"><span style=\"font-size: 10pt; font-family: Verdana, sans-serif;\">Garant\u00eda de: 1 a\u00f1o por defectos de fabricaci\u00f3n.<\/span><\/p>\n<p class=\"MsoNormal\" style=\"margin-bottom: 5.75pt; line-height: 10.35pt;\"><span style=\"font-size: 10pt; font-family: Verdana, sans-serif;\">No incluye instalaci\u00f3n, canalizaci\u00f3n, ni obra civil, en caso de requerir por favor contacte al depto. de ventas.<\/span><\/p>\n<p class=\"MsoNormal\" style=\"margin-bottom: 5.75pt; line-height: 10.35pt;\"><span style=\"font-size: 10pt; font-family: Verdana, sans-serif;\">Para consultar existencias, precios sobre la transportaci\u00f3n y\/o\u00a0 los vi\u00e1ticos,\u00a0por favor contacte con nosotros.<\/span><\/p>\n<p class=\"MsoNormal\" style=\"margin-bottom: 5.75pt; line-height: 10.35pt;\"><span style=\"font-size: 10pt; font-family: Verdana, sans-serif;\">Precios sujetos a cambio sin previo aviso.<\/span><\/p>\n<p class=\"MsoNormal\"><span style=\"font-size: 10pt; font-family: Verdana, sans-serif;\">Cua<\/span><\/p>\n","protected":false},"excerpt":{"rendered":"<p>La LP400 es un equipo\u00a0de huella digital para control de asistencia\u00a0personal dise\u00f1ado con una impresora t\u00e9rmica integrada. La LP400 cuenta con el m\u00e1s avanzado algoritmo de\u00a0huella digital del mercado, alto rendimiento y un sensor de huella de gran calidad: 500 dpi. La LP400 incorpora una pantalla a color de 3 pulgadas a trav\u00e9s de la[&#8230;]<\/p>\n","protected":false},"featured_media":4363,"comment_status":"closed","ping_status":"closed","template":"","meta":[],"product_cat":[110,34,33],"product_tag":[],"class_list":["post-3307","product","type-product","status-publish","has-post-thumbnail","hentry","product_cat-control-de-acceso","product_cat-control-de-asistencia-biometricos","product_cat-control-de-asistencia-por-huella-digital","pa_marca-zkteco"],"_links":{"self":[{"href":"https:\/\/globalsystem.com.mx\/catalogo\/wp-json\/wp\/v2\/product\/3307","targetHints":{"allow":["GET"]}}],"collection":[{"href":"https:\/\/globalsystem.com.mx\/catalogo\/wp-json\/wp\/v2\/product"}],"about":[{"href":"https:\/\/globalsystem.com.mx\/catalogo\/wp-json\/wp\/v2\/types\/product"}],"replies":[{"embeddable":true,"href":"https:\/\/globalsystem.com.mx\/catalogo\/wp-json\/wp\/v2\/comments?post=3307"}],"version-history":[{"count":3,"href":"https:\/\/globalsystem.com.mx\/catalogo\/wp-json\/wp\/v2\/product\/3307\/revisions"}],"predecessor-version":[{"id":4413,"href":"https:\/\/globalsystem.com.mx\/catalogo\/wp-json\/wp\/v2\/product\/3307\/revisions\/4413"}],"wp:featuredmedia":[{"embeddable":true,"href":"https:\/\/globalsystem.com.mx\/catalogo\/wp-json\/wp\/v2\/media\/4363"}],"wp:attachment":[{"href":"https:\/\/globalsystem.com.mx\/catalogo\/wp-json\/wp\/v2\/media?parent=3307"}],"wp:term":[{"taxonomy":"product_cat","embeddable":true,"href":"https:\/\/globalsystem.com.mx\/catalogo\/wp-json\/wp\/v2\/product_cat?post=3307"},{"taxonomy":"product_tag","embeddable":true,"href":"https:\/\/globalsystem.com.mx\/catalogo\/wp-json\/wp\/v2\/product_tag?post=3307"}],"curies":[{"name":"wp","href":"https:\/\/api.w.org\/{rel}","templated":true}]}}