{"id":3303,"date":"2022-06-03T22:08:16","date_gmt":"2022-06-03T22:08:16","guid":{"rendered":"https:\/\/webs360apps.com\/ismafinal\/product\/acroprint-modelo-c-72-reloj-para-rondas-de-vigilancia\/"},"modified":"2022-06-13T03:12:21","modified_gmt":"2022-06-13T03:12:21","slug":"acroprint-modelo-c-72-reloj-para-rondas-de-vigilancia","status":"publish","type":"product","link":"https:\/\/globalsystem.com.mx\/catalogo\/acroprint-modelo-c-72-reloj-para-rondas-de-vigilancia","title":{"rendered":"C-72 RELOJ PARA RONDAS DE VIGILANCIA MARCA ACROPRINT"},"content":{"rendered":"<p><span style=\"font-size: 14pt; color: black;\"><br \/>\nReloj mec\u00e1nico para Vigilantes Acroprint C-72<\/span><\/p>\n<p style=\"orphans: 2; text-align: start; widows: 2; word-spacing: 0px;\"><span style=\"font-size: 14pt; color: black;\">Reloj para control de rondas del Vigilante \u00f3 rondinero. Proporciona una prueba econ\u00f3mica, f\u00e1cil de usar y fiable de rondas de seguridad personal. Es un dispositivo econ\u00f3mico, f\u00e1cil de usar y confiable para rondines de vigilancia en las empresas, privadas residenciales, entre otros. El reloj checador para guardias, Acroprint C-72 asegura que el personal encargado de las rondas de vigilancia de la empresa realiza sus recorridos en los tiempos establecidos, y que todas las \u00e1reas necesarias son verificadas. Cada reloj soporta hasta 30 estaciones, y el mecanismo de impresi\u00f3n de llave registra la ubicaci\u00f3n y tiempo de cada estaci\u00f3n de llave. El modelo C-72 incorpora disco de 72 horas. C-72 proporciona un registro de la ruta realizada por los guardias de vigilancia, a prueba de manipulaci\u00f3n de los datos. Tiene una cerradura de gabinete con doble seguridad para proteger el dispositivo contra intentos de violaci\u00f3n, y registra cada vez que el gabinete\/estuche es abierto. El mecanismo preciso de cuarzo de larga duraci\u00f3n registra los tiempos de realizaci\u00f3n de rondas de manera exacta, mientras que el display frontal del reloj es f\u00e1cil de leer. Los guardias de vigilancia pueden realizar sus rondines sin interrupci\u00f3n, incluso en d\u00edas festivos. Caracter\u00edsticas: Reloj port\u00e1til para velador o vigilante El mecanismo de impresi\u00f3n de llave registra la ubicaci\u00f3n y tiempo de cada estaci\u00f3n de llave con impresi\u00f3n positiva en gr\u00e1fica circular NCR Cada reloj soporta hasta 30 estaciones: 15 num\u00e9ricas y 15 alfanum\u00e9ricas Maquinaria de cuarzo que asegura la exactitud y precisi\u00f3n de los datos, as\u00ed como una larga vida de uso Con sistema de discos gr\u00e1ficos Estampado autom\u00e1tico de llave numerada del 1 al 15 Estampado alfab\u00e9tico de 15 letras Gabinete exterior de policarbonato reforzado de alto impacto. Car\u00e1tula frontal f\u00e1cil de leer El estuche altamente resistente con cubierta de hule resiste condiciones ambientales en interior y exterior Las estaciones de llave moldeadas en ABS permiten el uso en interior y exterior El detector de apertura registra cada vez que el estuche es abierto La cerradura doble del estuche protege contra intentos de violaci\u00f3n Accionado por bater\u00eda de 1.5. volt Fabricado en USA Pago: Anticipado v\u00eda transferencia \u00f3 dep\u00f3sito bancario. Tiempo de entrega: Inmediata o dependiendo existencias. Garant\u00eda de: 1 a\u00f1o por defectos de fabricaci\u00f3n. No incluye instalaci\u00f3n, canalizaci\u00f3n, ni obra civil, en caso de requerir por favor contacte al depto. de ventas. Para consultar existencias, precios sobre la transportaci\u00f3n y\/o los vi\u00e1ticos, por favor contacte con nosotros. Precios sujetos a cambio sin previo aviso. Contamos con talleres propios, para el mantenimiento y\/o reparaci\u00f3n de los equipos, refacciones y consumibles. Tambi\u00e9n contamos con servicio de mantenimiento, reparaci\u00f3n, capacitaci\u00f3n para la administraci\u00f3n del software de control de asistencia o acceso, a domicilio. Cualquier duda adicional, consulte a su ejecutivo de ventas. Precios sujetos a cambio sin previo aviso.<\/span><\/p>\n<p style=\"margin-top: 0cm; margin-right: 0cm; margin-bottom: 7.5pt; text-align: justify; background: white;\"><span style=\"font-size: 14pt; color: #333333;\">Pago: Anticipado v\u00eda transferencia \u00f3 dep\u00f3sito bancario.<br \/>\nTiempo de entrega: Inmediata o dependiendo existencias.<\/span><\/p>\n<p style=\"margin-top: 0cm; margin-right: 0cm; margin-bottom: 7.5pt; background: 0% 0% scroll white; orphans: 2; text-align: start; widows: 2; word-spacing: 0px;\"><span style=\"color: #333333; font-size: 14pt;\">Garant\u00eda de: 1 a\u00f1o por defectos de fabricaci\u00f3n.<\/span><\/p>\n<p style=\"margin-top: 0cm; margin-right: 0cm; margin-bottom: 7.5pt; background: 0% 0% scroll white; orphans: 2; text-align: start; widows: 2; word-spacing: 0px;\"><span style=\"font-size: 14pt; color: #333333;\">No incluye canalizaci\u00f3n, ni obra civil, en caso de requerir por favor contacte al depto. de ventas.<br \/>\nContamos con talleres propios, para el mantenimiento y\/o reparaci\u00f3n de los equipos, refacciones y consumibles.<br \/>\n<\/span><\/p>\n<p style=\"margin-top: 0cm; margin-right: 0cm; margin-bottom: 7.5pt; background: 0% 0% scroll white; orphans: 2; text-align: start; widows: 2; word-spacing: 0px;\"><span style=\"font-size: 14pt; color: #333333;\">Tambi\u00e9n contamos con servicio de mantenimiento preventivo o correctivo, reparaci\u00f3n, capacitaci\u00f3n para la administraci\u00f3n del software de control de asistencia, acceso o videovigilancia, a domicilio.<br \/>\nCualquier duda adicional por favor, consulte a su ejecutivo de ventas.<\/span><\/p>\n","protected":false},"excerpt":{"rendered":"<p>Reloj mec\u00e1nico para Vigilantes Acroprint C-72 Reloj para control de rondas del Vigilante \u00f3 rondinero. Proporciona una prueba econ\u00f3mica, f\u00e1cil de usar y fiable de rondas de seguridad personal. Es un dispositivo econ\u00f3mico, f\u00e1cil de usar y confiable para rondines de vigilancia en las empresas, privadas residenciales, entre otros. El reloj checador para guardias, Acroprint[&#8230;]<\/p>\n","protected":false},"featured_media":4425,"comment_status":"closed","ping_status":"closed","template":"","meta":[],"product_cat":[32,115],"product_tag":[],"class_list":["post-3303","product","type-product","status-publish","has-post-thumbnail","hentry","product_cat-control-de-rondas-o-rondines-de-vigilancia","product_cat-relojes-checadores-acroprint","pa_marca-acroprint"],"_links":{"self":[{"href":"https:\/\/globalsystem.com.mx\/catalogo\/wp-json\/wp\/v2\/product\/3303","targetHints":{"allow":["GET"]}}],"collection":[{"href":"https:\/\/globalsystem.com.mx\/catalogo\/wp-json\/wp\/v2\/product"}],"about":[{"href":"https:\/\/globalsystem.com.mx\/catalogo\/wp-json\/wp\/v2\/types\/product"}],"replies":[{"embeddable":true,"href":"https:\/\/globalsystem.com.mx\/catalogo\/wp-json\/wp\/v2\/comments?post=3303"}],"version-history":[{"count":3,"href":"https:\/\/globalsystem.com.mx\/catalogo\/wp-json\/wp\/v2\/product\/3303\/revisions"}],"predecessor-version":[{"id":4452,"href":"https:\/\/globalsystem.com.mx\/catalogo\/wp-json\/wp\/v2\/product\/3303\/revisions\/4452"}],"wp:featuredmedia":[{"embeddable":true,"href":"https:\/\/globalsystem.com.mx\/catalogo\/wp-json\/wp\/v2\/media\/4425"}],"wp:attachment":[{"href":"https:\/\/globalsystem.com.mx\/catalogo\/wp-json\/wp\/v2\/media?parent=3303"}],"wp:term":[{"taxonomy":"product_cat","embeddable":true,"href":"https:\/\/globalsystem.com.mx\/catalogo\/wp-json\/wp\/v2\/product_cat?post=3303"},{"taxonomy":"product_tag","embeddable":true,"href":"https:\/\/globalsystem.com.mx\/catalogo\/wp-json\/wp\/v2\/product_tag?post=3303"}],"curies":[{"name":"wp","href":"https:\/\/api.w.org\/{rel}","templated":true}]}}