{"id":3299,"date":"2022-06-03T22:08:16","date_gmt":"2022-06-03T22:08:16","guid":{"rendered":"https:\/\/webs360apps.com\/ismafinal\/product\/biostation-l2-reloj-checador-de-huella-digital-ip-para-control-de-asistencias-y-accesos\/"},"modified":"2022-06-15T03:09:18","modified_gmt":"2022-06-15T03:09:18","slug":"biostation-l2-reloj-checador-de-huella-digital-ip-para-control-de-asistencias-y-accesos","status":"publish","type":"product","link":"https:\/\/globalsystem.com.mx\/catalogo\/biostation-l2-reloj-checador-de-huella-digital-ip-para-control-de-asistencias-y-accesos","title":{"rendered":"BioStation L2 Reloj checador de huella digital IP para control de asistencias y accesos"},"content":{"rendered":"<p><strong><span style=\"font-size: 12pt; font-family: 'Times New Roman',serif; color: black;\">BioStation L2<\/span><\/strong><span style=\"font-size: 12pt; font-family: 'Times New Roman',serif; color: black;\"> es una terminal de huella dactilar que ofrece capacidades exhaustivas para control de acceso y asistencias, tomando como base la tecnolog\u00eda biom\u00e9trica y plataforma de seguridad de \u00faltima generaci\u00f3n de Suprema. Dise\u00f1ado para todo tipo aplicaciones de asistencias, BioStation L2 ofrece un valor excepcional combinando el mejor algoritmo de huella dactilar del mundo con alto rendimiento y caracter\u00edsticas de seguridad mejoradas.<\/span><\/p>\n<p><strong><span style=\"font-size: 12pt; font-family: 'Times New Roman',serif;\">Caracter\u00edsticas<\/span><\/strong><\/p>\n<ul>\n<li><span style=\"font-size: 10pt; font-family: 'Times New Roman',serif; color: black;\">El mejor rendimiento en su clase<\/span><\/li>\n<li><span style=\"font-size: 10pt; font-family: 'Times New Roman',serif; color: black;\">Algoritmo m\u00e1s reciente de Suprema<\/span><\/li>\n<li><span style=\"font-size: 10pt; font-family: 'Times New Roman',serif; color: black;\">CPU 1.2GHz Quad-Core<\/span><\/li>\n<li><span style=\"font-size: 10pt; font-family: 'Times New Roman',serif; color: black;\">Hasta 150,000 comparaciones por segundo (genuino)<\/span><\/li>\n<li><span style=\"font-size: 10pt; font-family: 'Times New Roman',serif; color: black;\">Exactitud y seguridad mejoradas<\/span><\/li>\n<li><span style=\"font-size: 10pt; font-family: 'Times New Roman',serif; color: black;\">Nueva avanzada t\u00e9cnica LFD (detecci\u00f3n de huella viva)<\/span><\/li>\n<li><span style=\"font-size: 10pt; font-family: 'Times New Roman',serif; color: black;\">Sensor \u00f3ptico OP5 y algoritmo mejorados<\/span><\/li>\n<li><span style=\"font-size: 10pt; font-family: 'Times New Roman',serif; color: black;\">Capacidad expandida<\/span><\/li>\n<li><span style=\"font-size: 10pt; font-family: 'Times New Roman',serif; color: black;\">M\u00e1x. 500,000 usuarios \/ 1 mill\u00f3n de registros de texto<\/span><\/li>\n<li><span style=\"font-size: 10pt; font-family: 'Times New Roman',serif; color: black;\">Memoria de gran capacidad: 2GB Flash + 256 MB RAM<\/span><\/li>\n<li><span style=\"font-size: 10pt; font-family: 'Times New Roman',serif; color: black;\">Caracter\u00edsticas de control de asistencias<\/span><\/li>\n<li><span style=\"font-size: 10pt; font-family: 'Times New Roman',serif; color: black;\">LCD a color de 2 pulgadas con Interfaz de Usuario (GUI) intuitiva<\/span><\/li>\n<li><span style=\"font-size: 10pt; font-family: 'Times New Roman',serif; color: black;\">Completas funcionalidades para control de asistencias<\/span><\/li>\n<li><span style=\"font-size: 10pt; font-family: 'Times New Roman',serif; color: black;\">Teclado num\u00e9rico t\u00e1ctil 3 x 4<\/span><\/li>\n<li><span style=\"font-size: 10pt; font-family: 'Times New Roman',serif; color: black;\">Vers\u00e1tiles opciones de interfaz\/lector RFID<\/span><\/li>\n<li><span style=\"font-size: 10pt; font-family: 'Times New Roman',serif; color: black;\">Wiegand, RS485, TTL I\/O, relevador<\/span><\/li>\n<li><span style=\"font-size: 10pt; font-family: 'Times New Roman',serif; color: black;\">125KHz EM<\/span><\/li>\n<li><\/li>\n<\/ul>\n<p><strong><span style=\"font-size: 12pt; font-family: 'Times New Roman',serif;\">Especificaciones<\/span><\/strong><\/p>\n<ul>\n<li><span style=\"font-size: 10pt; font-family: 'Times New Roman',serif;\">Biometr\u00eda <span style=\"color: black;\">Huella digital<\/span><\/span><\/li>\n<li><span style=\"font-size: 10pt; font-family: 'Times New Roman',serif;\">Plantilla <span style=\"color: black;\">SUPREMA\/ ISO 19794-2\/ ANSI 378<\/span><\/span><\/li>\n<li><span style=\"font-size: 10pt; font-family: 'Times New Roman',serif;\">Extractor \/ Comparador <span style=\"color: black;\">Certificado MINEX<\/span><\/span><\/li>\n<li><span style=\"font-size: 10pt; font-family: 'Times New Roman',serif;\">LFD<span style=\"color: black;\">Soportado<\/span><\/span><\/li>\n<li><span style=\"font-size: 10pt; font-family: 'Times New Roman',serif;\">Opci\u00f3n RF <\/span><\/li>\n<li><span style=\"font-size: 10pt; font-family: 'Times New Roman',serif; color: black;\">125 KHz EM<\/span><\/li>\n<li><\/li>\n<li><span style=\"font-size: 10pt; font-family: 'Times New Roman',serif;\">CPU <\/span><\/li>\n<li><span style=\"font-size: 10pt; font-family: 'Times New Roman',serif;\">Memoria <span style=\"color: black;\">2GB Flash + 256 MB RAM<\/span><\/span><\/li>\n<li><span style=\"font-size: 10pt; font-family: 'Times New Roman',serif;\">M\u00e1x. de usuarios <span style=\"color: black;\">500,000 (1:1), 100,000(1:N)<\/span><\/span><\/li>\n<li><span style=\"font-size: 10pt; font-family: 'Times New Roman',serif;\">M\u00e1x. de plantillas <span style=\"color: black;\">1&#8217;000,000 (1:1), 200,000(1:N)<\/span><\/span><\/li>\n<li><span style=\"font-size: 10pt; font-family: 'Times New Roman',serif;\">M\u00e1x. de registros <span style=\"color: black;\">1&#8217;000,000 (texto)<\/span><\/span><\/li>\n<li><span style=\"font-size: 10pt; font-family: 'Times New Roman',serif;\">LCD <span style=\"color: black;\">LCD color 2 pulgadas<\/span><\/span><\/li>\n<li><span style=\"font-size: 10pt; font-family: 'Times New Roman',serif;\">Sonido <span style=\"color: black;\">16-bit Hi-Fi<\/span><\/span><\/li>\n<li><span style=\"font-size: 10pt; font-family: 'Times New Roman',serif;\">Ethernet <span style=\"color: black;\">10\/100 Mbps, auto MDI\/MDI-X<\/span><\/span><\/li>\n<li><span style=\"font-size: 10pt; font-family: 'Times New Roman',serif;\">RS-485 <span style=\"color: black;\">1 canal Host o esclavo (seleccionable)<\/span><\/span><\/li>\n<li><span style=\"font-size: 10pt; font-family: 'Times New Roman',serif;\">Wiegand <span style=\"color: black;\">1 canal entrada o salida (seleccionable)<\/span><\/span><\/li>\n<li><span style=\"font-size: 10pt; font-family: 'Times New Roman',serif;\">TTL <span style=\"color: black;\">2 canales entrada<\/span><\/span><\/li>\n<li><span style=\"font-size: 10pt; font-family: 'Times New Roman',serif;\">Relevador <span style=\"color: black;\">1 Relevador<\/span><\/span><\/li>\n<li><span style=\"font-size: 10pt; font-family: 'Times New Roman',serif;\">Tamper <span style=\"color: black;\">Soportado<\/span><\/span><\/li>\n<li><span style=\"font-size: 10pt; font-family: 'Times New Roman',serif;\">Alimentaci\u00f3n <span style=\"color: black;\">DC 12V<\/span><\/span><\/li>\n<li><span style=\"font-size: 10pt; font-family: 'Times New Roman',serif;\">Temperatura de operaci\u00f3n <span style=\"color: black;\">-20\u00b0C ~ 50\u00b0C (-4\u00b0F~ 122\u00b0F)<\/span><\/span><\/li>\n<li><span style=\"font-size: 10pt; font-family: 'Times New Roman',serif;\">Humedad de operaci\u00f3n <span style=\"color: black;\">0% ~ 80%, sin condensar<\/span><\/span><\/li>\n<li><span style=\"font-size: 10pt; font-family: 'Times New Roman',serif;\">Dimensiones (Ancho x Alto x Profundidad, mm) <\/span><\/li>\n<li><span style=\"font-size: 10pt; font-family: 'Times New Roman',serif; color: black;\">71 x 201 x 44 (inferior)\/ 34 mm(superior)<\/span><\/li>\n<li><\/li>\n<li><span style=\"font-size: 10pt; font-family: 'Times New Roman',serif;\">Peso de la unidad <\/span><\/li>\n<li><span style=\"font-size: 10pt; font-family: 'Times New Roman',serif; color: black;\">Dispositivo: 280g (0.62lb)<\/span><\/li>\n<li><span style=\"font-size: 10pt; font-family: 'Times New Roman',serif; color: black;\">Soporte: 61g (0.13lb) incluyendo tornillos y arandelas<\/span><\/li>\n<li><span style=\"font-size: 10pt; font-family: 'Times New Roman',serif;\">Certificaciones <span style=\"color: black;\">CE, FCC, KC, RoHS, REACH, WEEE<\/span><\/span><\/li>\n<\/ul>\n<p style=\"margin-bottom: 0.0001pt; line-height: normal; background: white none repeat scroll 0% 0%;\"><span style=\"font-size: 12pt; font-family: 'Times New Roman',serif; color: #333333;\">Pago: Referenciado, anticipado v\u00eda transferencia \u00f3 dep\u00f3sito bancario.<br \/>\nTiempo de entrega: Inmediata o dependiendo existencias.<\/span><\/p>\n<p style=\"margin-bottom: 0.0001pt; line-height: normal; background: white none repeat scroll 0% 0%;\"><span style=\"font-size: 12pt; font-family: 'Times New Roman',serif; color: #333333;\">Incluye: <\/span><span style=\"font-size: 12pt; font-family: 'Times New Roman',serif; color: #333333;\">instalaci\u00f3n, software para control\u00a0de asistencias, soporte telef\u00f3nico y\/o remoto ilimitado<\/span><\/p>\n<p style=\"margin-bottom: 0.0001pt; line-height: normal; background: white none repeat scroll 0% 0%;\"><span style=\"font-size: 12pt; font-family: 'Times New Roman',serif; color: #333333;\">Garant\u00eda de: 1 a\u00f1o por defectos de fabricaci\u00f3n.<\/span><\/p>\n<p style=\"margin-bottom: 0.0001pt; line-height: normal; background: white none repeat scroll 0% 0%;\"><span style=\"font-size: 12pt; font-family: 'Times New Roman',serif; color: #333333;\">No incluye canalizaci\u00f3n, ni obra civil, en caso de requerir por favor contacte al depto. de ventas.<br \/>\nContamos con talleres propios, para el mantenimiento y\/o reparaci\u00f3n de los equipos, refacciones y consumibles.<br \/>\nTambi\u00e9n contamos con servicio de mantenimiento preventivo o correctivo, reparaci\u00f3n, capacitaci\u00f3n para la administraci\u00f3n del software de control de asistencia, acceso o videovigilancia, a domicilio.<br \/>\nCualquier duda adicional por favor, consulte a su ejecutivo de ventas.<\/span><\/p>\n","protected":false},"excerpt":{"rendered":"<p>BioStation L2 es una terminal de huella dactilar que ofrece capacidades exhaustivas para control de acceso y asistencias, tomando como base la tecnolog\u00eda biom\u00e9trica y plataforma de seguridad de \u00faltima generaci\u00f3n de Suprema. Dise\u00f1ado para todo tipo aplicaciones de asistencias, BioStation L2 ofrece un valor excepcional combinando el mejor algoritmo de huella dactilar del mundo[&#8230;]<\/p>\n","protected":false},"featured_media":3949,"comment_status":"closed","ping_status":"closed","template":"","meta":[],"product_cat":[110,34,33,120],"product_tag":[69,68],"class_list":["post-3299","product","type-product","status-publish","has-post-thumbnail","hentry","product_cat-control-de-acceso","product_cat-control-de-asistencia-biometricos","product_cat-control-de-asistencia-por-huella-digital","product_cat-relojes-de-huella-digital","product_tag-biostation-l2-reloj","product_tag-reloj-checador-de-huella-digital-ip","pa_marca-suprema"],"_links":{"self":[{"href":"https:\/\/globalsystem.com.mx\/catalogo\/wp-json\/wp\/v2\/product\/3299","targetHints":{"allow":["GET"]}}],"collection":[{"href":"https:\/\/globalsystem.com.mx\/catalogo\/wp-json\/wp\/v2\/product"}],"about":[{"href":"https:\/\/globalsystem.com.mx\/catalogo\/wp-json\/wp\/v2\/types\/product"}],"replies":[{"embeddable":true,"href":"https:\/\/globalsystem.com.mx\/catalogo\/wp-json\/wp\/v2\/comments?post=3299"}],"version-history":[{"count":3,"href":"https:\/\/globalsystem.com.mx\/catalogo\/wp-json\/wp\/v2\/product\/3299\/revisions"}],"predecessor-version":[{"id":4538,"href":"https:\/\/globalsystem.com.mx\/catalogo\/wp-json\/wp\/v2\/product\/3299\/revisions\/4538"}],"wp:featuredmedia":[{"embeddable":true,"href":"https:\/\/globalsystem.com.mx\/catalogo\/wp-json\/wp\/v2\/media\/3949"}],"wp:attachment":[{"href":"https:\/\/globalsystem.com.mx\/catalogo\/wp-json\/wp\/v2\/media?parent=3299"}],"wp:term":[{"taxonomy":"product_cat","embeddable":true,"href":"https:\/\/globalsystem.com.mx\/catalogo\/wp-json\/wp\/v2\/product_cat?post=3299"},{"taxonomy":"product_tag","embeddable":true,"href":"https:\/\/globalsystem.com.mx\/catalogo\/wp-json\/wp\/v2\/product_tag?post=3299"}],"curies":[{"name":"wp","href":"https:\/\/api.w.org\/{rel}","templated":true}]}}