{"id":5001,"date":"2022-11-16T00:21:17","date_gmt":"2022-11-16T00:21:17","guid":{"rendered":"https:\/\/globalsystem.com.mx\/catalogo\/?page_id=5001"},"modified":"2022-11-16T00:21:45","modified_gmt":"2022-11-16T00:21:45","slug":"preguntas-frecuentes","status":"publish","type":"page","link":"https:\/\/globalsystem.com.mx\/catalogo\/preguntas-frecuentes.html","title":{"rendered":"Preguntas Frecuentes"},"content":{"rendered":"<p style=\"padding-left: 40px;\">PREGUNTAS FRECUENTES<\/p>\n<p style=\"padding-left: 40px;\"><strong>P: \u00bfLOS PRODUCTOS QUE VENDEN SON NUEVOS?<\/strong><br \/>\nR: Los productos son totalmente nuevos, no comercializamos productos usados.<\/p>\n<p style=\"padding-left: 40px;\"><strong>P: \u00bfMANEJAN PRECIOS DE MAYOREO?<\/strong><br \/>\nR: Si, dependiendo de la cantidad solicitada<\/p>\n<p style=\"padding-left: 40px;\"><strong>P: \u00bfPUEDO RASTREAR MIS ENV\u00cdOS?<\/strong><br \/>\nR: Si, una vez que su pago sea acreditado se enviara un numero de gu\u00eda para que pueda hacer el seguimiento directamente en la p\u00e1gina de la paqueter\u00eda<\/p>\n<p style=\"padding-left: 40px;\"><strong>P: \u00bfPUEDO PASAR DIRECTAMENTE POR MIS PRODUCTOS?<\/strong><br \/>\nR: Si, puedes pasar directamente a nuestra casa Matriz por tus productos con tu comprobante de pago, ya sea por dep\u00f3sito bancario o transferencia.<\/p>\n<p style=\"padding-left: 40px;\"><strong>P: \u00bfGENERAN FACTURA DE LA COMPRA DE PRODUCTOS Y SERVICIOS?<\/strong><br \/>\nR: Si, se generan facturas de productos y servicios<\/p>\n<p style=\"padding-left: 40px;\"><strong>P: \u00bfDAN SERVICIO DE REPARACI\u00d3N Y MANTENIMIENTO?<\/strong><br \/>\nR: Si, se hacen reparaciones, mantenimiento preventivo y correctivo a todos los productos que manejamos.<\/p>\n<p style=\"padding-left: 40px;\"><strong>P: \u00bfCUANTO TARDAN EN REALIZAR UN SERVICIO DE REVISI\u00d3N?<\/strong><br \/>\nR: Aproximadamente de 24 hrs. a 48 hrs.<\/p>\n<p style=\"padding-left: 40px;\"><strong>POL\u00cdTICAS DE ENV\u00cdO<\/strong><br \/>\nLos productos se env\u00edan una vez que el pago sea acreditado sin excepci\u00f3n, una vez que salen de nuestra oficina usted lo podr\u00e1 rastrear, en caso de haber un problema o faltar datos, nos puede contactar para resolverlo con la paqueter\u00eda, o puede contactar usted mismo con la paqueter\u00eda de su elecci\u00f3n. En caso de que el producto se regrese a nuestras instalaciones por datos incompletos o si el destinatario no estuviera en su domicilio para recibir el paquete, deber\u00e1 pagar un nuevo envi\u00f3.<\/p>\n<p style=\"padding-left: 40px;\"><strong>GARANT\u00cdA EN PRODUCTOS<\/strong><br \/>\nNuestra garant\u00eda cubre por 1 a\u00f1o contra defectos de f\u00e1brica, no v\u00e1lida para equipos con da\u00f1os causados por el usuario. Es indispensable presentar la factura de compra.<\/p>\n<p style=\"padding-left: 40px;\"><strong>GARANT\u00cdA<\/strong><br \/>\nNuestra garant\u00eda te cubre por 6 meses contra defectos de f\u00e1brica no valida para equipos con da\u00f1os causados por el usuario. Es indispensable presentar el ticket de compra.<\/p>\n<p style=\"padding-left: 40px;\">En caso de que uno de nuestros productos llegue a fallar, puedes mandarlo de regreso, una vez revisado y si la falla es de f\u00e1brica se te repondr\u00e1 por uno nuevo. en caso de que la falla sea por un mal uso, en caso de ser posible se podr\u00e1 reparar por un costo adicional que se cotizara despu\u00e9s de la revisi\u00f3n.<\/p>\n","protected":false},"excerpt":{"rendered":"<p>PREGUNTAS FRECUENTES P: \u00bfLOS PRODUCTOS QUE VENDEN SON NUEVOS? R: Los productos son totalmente nuevos, no comercializamos productos usados. P: \u00bfMANEJAN PRECIOS DE MAYOREO? R: Si, dependiendo de la cantidad solicitada P: \u00bfPUEDO RASTREAR MIS ENV\u00cdOS? R: Si, una vez que su pago sea acreditado se enviara un numero de gu\u00eda para que pueda hacer[&#8230;]<\/p>\n","protected":false},"author":1,"featured_media":0,"parent":0,"menu_order":0,"comment_status":"closed","ping_status":"closed","template":"","meta":{"footnotes":""},"class_list":["post-5001","page","type-page","status-publish","hentry"],"_links":{"self":[{"href":"https:\/\/globalsystem.com.mx\/catalogo\/wp-json\/wp\/v2\/pages\/5001","targetHints":{"allow":["GET"]}}],"collection":[{"href":"https:\/\/globalsystem.com.mx\/catalogo\/wp-json\/wp\/v2\/pages"}],"about":[{"href":"https:\/\/globalsystem.com.mx\/catalogo\/wp-json\/wp\/v2\/types\/page"}],"author":[{"embeddable":true,"href":"https:\/\/globalsystem.com.mx\/catalogo\/wp-json\/wp\/v2\/users\/1"}],"replies":[{"embeddable":true,"href":"https:\/\/globalsystem.com.mx\/catalogo\/wp-json\/wp\/v2\/comments?post=5001"}],"version-history":[{"count":3,"href":"https:\/\/globalsystem.com.mx\/catalogo\/wp-json\/wp\/v2\/pages\/5001\/revisions"}],"predecessor-version":[{"id":5004,"href":"https:\/\/globalsystem.com.mx\/catalogo\/wp-json\/wp\/v2\/pages\/5001\/revisions\/5004"}],"wp:attachment":[{"href":"https:\/\/globalsystem.com.mx\/catalogo\/wp-json\/wp\/v2\/media?parent=5001"}],"curies":[{"name":"wp","href":"https:\/\/api.w.org\/{rel}","templated":true}]}}